{"id":102,"date":"2018-05-24T12:56:55","date_gmt":"2018-05-24T11:56:55","guid":{"rendered":"http:\/\/on-laser.com\/?page_id=102"},"modified":"2019-02-07T21:34:55","modified_gmt":"2019-02-07T20:34:55","slug":"politica-de-privacidad-y-aviso-legal","status":"publish","type":"page","link":"https:\/\/on-laser.com\/ca\/politica-de-privacidad-y-aviso-legal\/","title":{"rendered":"Pol\u00edtica de Privacitat i Av\u00eds Legal"},"content":{"rendered":"NOTA: Aquesta \u00e9s una traducci\u00f3 del text original en Espanyol.<\/p>\n<p>POL\u00cdTICA DE PRIVACITAT<\/p>\n<p>Identificaci\u00f3 del titular:<br \/>\nDenominaci\u00f3 social: ON-LASER SYSTEMS &#038; APPLICATIONS, S.L.<br \/>\nDomicili social: Manresa (Barcelona-Espanya), carrer Castellbell, n\u00famero 5<br \/>\nCIF: ES-B64251879<br \/>\nRegistre Mercantil de Barcelona, volum 38.766, foli 60, full 330.187-B.<br \/>\nCorreu electr\u00f2nic: info @ on-laser.com<br \/>\nNom de domini: on-laser.com<\/p>\n<p>1 &#8211; Qu\u00e8 cobreix aquesta declaraci\u00f3 de privacitat<br \/>\nAquesta declaraci\u00f3 de privacitat explica les pr\u00e0ctiques de privadesa per als nostres llocs web, productes, serveis web i en l\u00ednia (des d&#8217;ara &#8220;aplicacions&#8221;), i aplicacions que inclouen un enlla\u00e7 a aquesta declaraci\u00f3. Tamb\u00e9 explica les nostres pr\u00e0ctiques publicit\u00e0ries i de m\u00e0rqueting, i s&#8217;aplica a les nostres pr\u00e0ctiques convencionals.<br \/>\nAlguns dels nostres llocs web i aplicacions poden exhibir avisos complementaris de privacitat o de recopilaci\u00f3 de dades que compartim perqu\u00e8 vost\u00e8 pugui prendre decisions ben fonamentades del que desitja fer en examinar els avisos. Per exemple, pot veure un av\u00eds que expliqui les pr\u00e0ctiques de recopilaci\u00f3 de dades per a una aplicaci\u00f3 i les seves opcions pel que fa a la participaci\u00f3.<br \/>\nEls tercers (per exemple, les plataformes dels mitjans socials o altres llocs web d&#8217;empreses per als que col\u00b7loquem un enlla\u00e7 des dels nostres llocs web i aplicacions) s\u00f3n responsables de les seves pr\u00f2pies pr\u00e0ctiques de privacitat. Assegureu-vos de llegir les pol\u00edtiques de privacitat, els avisos complementaris i les configuracions de tots els llocs web o les plataformes que visiti de manera que pugui entendre les seves pr\u00e0ctiques de privacitat i quines s\u00f3n les seves opcions.<br \/>\nAlguns llocs web i aplicacions estan subjectes a termes addicionals, com els termes d&#8217;\u00fas, els termes de servei i els contractes de llic\u00e8ncia de programari del nostre lloc web. Llegiu els termes v\u00e0lids per al lloc web o l&#8217;aplicaci\u00f3 que feu servir. Aquests termes poden ajudar a respondre preguntes que tingui sobre la confidencialitat i la seguretat dels dissenys i altres continguts que creu, i sobre l&#8217;efecte de compartir i publicar el seu contingut.<\/p>\n<p>2 &#8211; Informaci\u00f3 que recopilem sobre vost\u00e8<br \/>\nLes \u00faniques dades personals a les quals ON-LASER SYSTEMS &#038; APPLICATIONS, S.L. (Des d&#8217;ara ON-LASER) tindr\u00e0 acc\u00e9s seran aquells que l&#8217;usuari faciliti volunt\u00e0riament. En aquest sentit cal que l&#8217;usuari conegui que per a l&#8217;acc\u00e9s d&#8217;alguns productes \/ serveis oferts a trav\u00e9s del web, se li demanaran dades de car\u00e0cter personal i que, si no les facilita, no podr\u00e0 accedir ni utilitzar els referits serveis i \/ o continguts.<br \/>\nD&#8217;acord amb la normativa vigent informem que, mitjan\u00e7ant la complementaci\u00f3 del formulari de &#8220;CONTACTE&#8221; per al servei &#8220;TREBALLA AMB NOSALTRES&#8221;, les seves dades personals quedaran incorporades i tractades en el nostre registre d&#8217;activitats de tractament, propietat d&#8217;ON-LASER per tal d&#8217;disposar d&#8217;una base de dades de possibles candidats a ampliacions de personal i seran conservats per a futurs processos de selecci\u00f3 en qu\u00e8 el perfil requerit s&#8217;ajusti a les seves caracter\u00edstiques. En cap cas, les seves dades seran cedides a tercers i el candidat garanteix que les dades personals facilitades s\u00f3n veraces i de fa responsable de mantenir-les actualitzades en tot moment, sent el candidat l&#8217;\u00fanic responsable de la inexactitud o falsedat de les dades i dels perjudicis que pugui causar per aix\u00f2 a ON-LASER.<br \/>\nPer donar compliment al principi de qualitat de les dades regulat en la normativa de protecci\u00f3 de dades, es procedir\u00e0 a eliminar definitivament el seu curr\u00edculum del nostre fitxer, transcorreguts un m\u00e0xim de 3 anys des de la recepci\u00f3 del present formulari, oa partir de l&#8217;\u00faltima actualitzaci\u00f3 de el seu curr\u00edculum.<\/p>\n<p>Aix\u00ed mateix, quan l&#8217;usuari facilita les seves dades de car\u00e0cter personal utilitzant el correu electr\u00f2nic de l&#8217;apartat &#8220;CONTACTE&#8221; de la p\u00e0gina web, est\u00e0 autoritzant expressament a ON-LASER, al tractament automatitzat de les seves Dades Personals per poder atendre les seves peticions de serveis. Les seves dades personals quedaran incorporades i tractades en el nostre registre d&#8217;activitats de tractament, propietat d&#8217;ON-LASER, amb la finalitat de disposar d&#8217;una base de dades de possibles clients. Les seves dades seran conservades per atendre a les seves peticions i per a processos de m\u00e0rqueting oferint-li informaci\u00f3 comercial dels nostres serveis, llevat que manifesti el seu dret a l&#8217;eliminaci\u00f3 d&#8217;aquests (vegeu apartat 8).<br \/>\nQuan els visitants deixen comentaris a la web, recopilem les dades que es mostren en el formulari de comentaris, aix\u00ed com l&#8217;adre\u00e7a IP del visitant i la cadena d&#8217;agents d&#8217;usuari del navegador per ajudar a la detecci\u00f3 d&#8217;spam.<br \/>\nUna cadena an\u00f2nima creada a partir de la teva adre\u00e7a de correu electr\u00f2nic (tamb\u00e9 anomenada hash) pot ser proporcionada al servei de Gravatar per veure si l&#8217;est\u00e0s fent servir. La pol\u00edtica de privacitat del servei Gravatar est\u00e0 disponible aqu\u00ed: https:\/\/automattic.com\/privacy\/. Despr\u00e9s de l&#8217;aprovaci\u00f3 del teu comentari, la imatge del teu perfil \u00e9s visible per al p\u00fablic en el context del seu comentari.<br \/>\nSi puges imatges al web hauries d&#8217;evitar pujar imatges amb dades d&#8217;ubicaci\u00f3 (GPS EXIF) inclosos. Els visitants de la web poden descarregar i extreure qualsevol dada de localitzaci\u00f3 de les imatges del web.<\/p>\n<p>3 &#8211; Botons, eines, anuncis i contingut d&#8217;altres empreses<br \/>\nEls nostres llocs web i aplicacions poden incloure botons, eines, anuncis o contingut que estableixin un enlla\u00e7 amb els serveis d&#8217;altres empreses (per exemple, un bot\u00f3 &#8220;M&#8217;agrada&#8221; de Facebook en una p\u00e0gina web, o una funci\u00f3 de Google en una aplicaci\u00f3) . Podem recopilar informaci\u00f3 sobre l&#8217;\u00fas que li doni a aquestes funcions.<br \/>\nA m\u00e9s, en veure o interactuar amb aquests botons, eines, anuncis o contingut, o en veure la nostra p\u00e0gina web o l&#8217;aplicaci\u00f3 que els cont\u00e9, una mica d&#8217;informaci\u00f3 del seu navegador pot enviar autom\u00e0ticament a l&#8217;altra empresa. Per a m\u00e9s informaci\u00f3, llegiu la pol\u00edtica de privacitat d&#8217;aquesta empresa.<\/p>\n<p>4 &#8211; Menors<br \/>\nEls llocs web i aplicacions d&#8217;ON-LASER estan destinats al p\u00fablic professional tot i que s\u00f3n accessibles al p\u00fablic en general. No obstant aix\u00f2, no recopilem sabent cap tipus de dades de car\u00e0cter personal de nens menors de 16 anys. Els nens menors de 16 anys no han de rebre ni publicar cap informaci\u00f3 en llocs web o aplicacions d&#8217;ON-LASER.<\/p>\n<p>5 &#8211; Emmagatzematge, retenci\u00f3 i eliminaci\u00f3 de les dades de car\u00e0cter personal<br \/>\nGuardem les dades de car\u00e0cter personal i els arxius de dades associades amb la seva persona en els servidors d&#8217;ON-LASER i els servidors d&#8217;empreses que contractem perqu\u00e8 ens donin els seus serveis i amb els quals disposem dels contractes de prestaci\u00f3 de serveis i d&#8217;encarregats de tractament tal com marca la normativa de protecci\u00f3 de dades i en cap cas estan autoritzats a usar la informaci\u00f3 per als seus propis fins. Aquesta informaci\u00f3 s&#8217;emmagatzema a Espanya.<br \/>\nMantindrem les seves dades de car\u00e0cter personal nom\u00e9s en la mesura que els necessitem per:<br \/>\n\u2022 complir els fins descrits en aquesta declaraci\u00f3 de privacitat; o<br \/>\n\u2022 segons ho exigeixin o permetin les lleis i regulacions vigents.<br \/>\nPrenem totes les mesures raonables per destruir o desidentificar de forma permanent i segura les dades de car\u00e0cter personal quan ja no es necessiten. Per exemple, quan la informaci\u00f3 est\u00e0 impresa en paper, prenem totes les mesures raonables per eliminar-la o destruir-la b\u00e9 per trituraci\u00f3 b\u00e9 per incineraci\u00f3; quan la informaci\u00f3 est\u00e0 emmagatzemada electr\u00f2nicament, utilitzem mitjans t\u00e8cnics per deixar-la inutilitzable.<\/p>\n<p>6 &#8211; Com fem servir la informaci\u00f3 (finalitat)<br \/>\nUtilitzem la informaci\u00f3 sobre vost\u00e8 de diverses maneres i amb diversos fins:<br \/>\n\u2022 Proporcionar-acc\u00e9s als nostres llocs web i aplicacions per als quals sigui elegible.<br \/>\n\u2022 Proporcionar-els serveis, l&#8217;ajuda o la informaci\u00f3 que hagi sol\u00b7licitat.<br \/>\n\u2022 Enviar-comunicacions empresarials. Entre els exemples, s&#8217;inclouen enviar paquets de serveis d&#8217;aplicacions, o avisos sobre els propers esdeveniments.<br \/>\n\u2022 Enviar-comunicacions amb informaci\u00f3 sobre nosaltres, incloses dades sobre aplicacions noves i ofertes o promocions especials.<br \/>\n\u2022 Mesurar i entendre millor com es fan servir els nostres llocs web i aplicacions, per a poder millorar-los.<br \/>\n\u2022 Personalitzar la seva experi\u00e8ncia general amb nosaltres, els nostres llocs web i les nostres aplicacions, aix\u00ed com amb el nostre m\u00e0rqueting.<br \/>\n\u2022 Reduir la pirateria del programari i el frau, garantir que les nostres aplicacions i llocs web s&#8217;utilitzin en conformitat amb els termes i les lleis vigents, i protegir els nostres clients i usuaris finals.<br \/>\n\u2022 Enviar q\u00fcestionaris i enquestes per tal de proporcionar millors aplicacions i experi\u00e8ncies als nostres clients i usuaris finals. L&#8217;emplenament de q\u00fcestionaris o enquestes \u00e9s volunt\u00e0ria, segons s&#8217;explica en qualsevol av\u00eds complementari de privacitat o recopilaci\u00f3 de dades per a un lloc web o una aplicaci\u00f3.<\/p>\n<p>7 &#8211; Legislaci\u00f3 aplicada. Seguretat i integritat de les dades de car\u00e0cter personal<br \/>\nD&#8217;acord amb el que estableix el vigent Reglament Europeu de Protecci\u00f3 de Dades de car\u00e0cter Personal i en la Llei de Protecci\u00f3 de Dades de Car\u00e0cter Personal li informem que les seves dades seran incorporades als nostres tractaments automatitzats, allotjats en un servidor segur.<br \/>\nUtilitzem un conjunt de controls administratius, t\u00e8cnics i de seguretat f\u00edsica que ajuden a protegir les dades de car\u00e0cter personal d&#8217;accessos, l&#8217;\u00fas o la divulgaci\u00f3 no autoritzats.<\/p>\n<p>8 &#8211; Exercici dels seus drets<br \/>\nLes seves dades seran cedides a ON-LASER per als fins indicats i, en tot moment podr\u00e0 exercitar els seus drets d&#8217;acc\u00e9s, rectificaci\u00f3, cancel\u00b7laci\u00f3 i oposici\u00f3, aix\u00ed com el dret a la limitaci\u00f3, a la portabilitat ia la supressi\u00f3 i oblit al tractament de les seves dades posant-se en contacte amb nosaltres a trav\u00e9s del nostre formulari web, per mitj\u00e0 del correu electr\u00f2nic info @ on-laser.com o per correu postal a l&#8217;adre\u00e7a seg\u00fcent: ON-LASER Systems &#038; Applications SL, Castellbell 5, E-08243 Manresa ( Barcelona), Espanya, incloent les seg\u00fcents dades: nom i cognoms de l&#8217;usuari, domicili a efectes de notificacions, fotoc\u00f2pia del DNI o passaport i contingut concret del dret a exercitar ..<br \/>\nTingueu tamb\u00e9 en compte que hem de conservar determinats registres per motius comercials interns o legals i que part de la seva informaci\u00f3 pot romandre en els sistemes de seguretat, de conformitat amb les lleis vigents.<\/p>\n<p>9 &#8211; Galetes i tecnologies similars. Pol\u00edtica de cookies<br \/>\nON-LASER i els nostres prove\u00efdors de serveis podem utilitzar &#8220;cookies&#8221;, &#8220;etiquetes de p\u00edxels&#8221;, &#8220;balises web&#8221;, &#8220;GIF transparents&#8221; i altres tecnologies similars en relaci\u00f3 amb les p\u00e0gines del lloc web i els missatges de correu electr\u00f2nic amb format HTML per a, entre altres coses, rastrejar les accions dels usuaris del lloc web i dels destinataris de correus electr\u00f2nics, determinar l&#8217;\u00e8xit de les campanyes de m\u00e0rqueting, compilar estad\u00edstiques addicionals sobre l&#8217;\u00fas del lloc web i els \u00edndexs de resposta, i facilitar-li la navegaci\u00f3 pel nostre lloc web o personalitzar millor la seva experi\u00e8ncia amb nosaltres, per exemple, no sol\u00b7licitant-li que envi\u00ef credencials d&#8217;inici de sessi\u00f3 repetidament o mostrant-li contingut dirigit als seus interessos.<br \/>\nLes cookies s\u00f3n petits arxius de dades que es reben en el terminal des del lloc web visitat i s&#8217;usen per registrar certes interaccions de la navegaci\u00f3 en un lloc web emmagatzemant dades que podran ser actualitzats i recuperats. Aquests arxius s&#8217;emmagatzemen a l&#8217;ordinador de l&#8217;usuari i cont\u00e9 dades an\u00f2nims que no s\u00f3n perjudicials per al seu equip. S&#8217;utilitzen per recordar les prefer\u00e8ncies de l&#8217;usuari, com l&#8217;idioma seleccionat, dades d&#8217;acc\u00e9s o personalitzaci\u00f3 de la p\u00e0gina.<br \/>\nSi deixes un comentari al nostre lloc pots triar guardar el teu nom, adre\u00e7a de correu electr\u00f2nic i web a galetes. Aix\u00f2 \u00e9s per a la teva comoditat, perqu\u00e8 no hagis de tornar a omplir les teves dades quan deixis un altre comentari. Aquestes galetes tindran una durada d&#8217;un any.<br \/>\nSi tens un compte i et connectes a aquest lloc, instal\u00b7larem una cookie temporal per determinar si el teu navegador accepta cookies. Aquesta galeta no cont\u00e9 dades personals i s&#8217;elimina en tancar el navegador.<br \/>\nQuan inicies sessi\u00f3, tamb\u00e9 instal\u00b7larem m\u00e9s galetes per guardar la teva informaci\u00f3 d&#8217;inici de sessi\u00f3 i les teves opcions de visualitzaci\u00f3 de pantalla. Les galetes d&#8217;inici de sessi\u00f3 duren dos dies, i les galetes d&#8217;opcions de pantalla duren un any. Si selecciones &#8220;Recordar-me&#8221;, el teu inici de sessi\u00f3 perdurar\u00e0 durant dues setmanes. Si surts del teu compte, les galetes d&#8217;inici de sessi\u00f3 s&#8217;eliminaran.<br \/>\nSi edites o publiques un article es guardar\u00e0 una galeta addicional al teu navegador. Aquesta galeta no inclou dades personals i simplement indica l&#8217;ID de l&#8217;article que acabes d&#8217;editar. Caduca despr\u00e9s d&#8217;1 dia.<br \/>\nSi no desitja que es recopili informaci\u00f3 per mitj\u00e0 de l&#8217;\u00fas de cookies, hi ha un procediment senzill en la majoria dels navegadors que li permet rebutjar cookies autom\u00e0ticament, o que li d\u00f3na la possibilitat de rebutjar o acceptar la transfer\u00e8ncia d&#8217;una galeta en particular, o de cookies d&#8217;un lloc web determinat, al seu ordinador.<br \/>\nSi configura el seu navegador perqu\u00e8 rebutgi totes les galetes podr\u00edeu no ser utilitzar els nostres llocs web i aplicacions que requereixin registre o personalitzaci\u00f3 com a requisit per poder participar. Si decideix acceptar les nostres galetes i les dels nostres prove\u00efdors de serveis, ens estar\u00e0 atorgant a nosaltres i als nostres prove\u00efdors de serveis el seu consentiment per establir galetes al seu ordinador. Per obtenir m\u00e9s informaci\u00f3 sobre les galetes i altres eines de recopilaci\u00f3 autom\u00e0tica de dades, visiteu www.allaboutcookies.org.<br \/>\nA l&#8217;enviar correus electr\u00f2nics, aquests podrien incloure una balisa web o una tecnologia similar que ens permet saber si va rebre o va obrir el correu electr\u00f2nic i si va fer clic a qualsevol dels enlla\u00e7os del correu electr\u00f2nic. Pot optar per excloure dels correus electr\u00f2nics de m\u00e0rqueting.<\/p>\n<p>AV\u00cdS LEGAL<\/p>\n<p>1 &#8211; Informaci\u00f3 General<br \/>\nEl lloc web \u00e9s propietat d&#8217;ON-LASER SYSTEMS &#038; APPLICATIONS, S.L. amb domicili a Manresa (Barcelona-Espanya), carrer Castellbell, n\u00famero 5, amb CIF n\u00ba \u00c9S-B64251879 i inscrita en el Registre Mercantil de Barcelona, volum 38.766, foli 60, full 330.187-B.<\/p>\n<p>2 &#8211; Objecte<br \/>\nLa present p\u00e0gina web ha estat creada i dissenyada per donar a con\u00e8ixer i permetre l&#8217;acc\u00e9s general de tots els usuaris d&#8217;Internet, a la informaci\u00f3, activitats, productes i serveis diversos, propis o de tercers, oferts per ON-LASER.<br \/>\nEl present av\u00eds legal recull les condicions generals que regulen l&#8217;acc\u00e9s i l&#8217;\u00fas d&#8217;aquest lloc web. L&#8217;\u00fas de la p\u00e0gina web implica l&#8217;expressa i plena acceptaci\u00f3 d&#8217;aquestes condicions generals en la versi\u00f3 publicada en el moment en qu\u00e8 l&#8217;usuari accedeixi al mateix, sense perjudici de les condicions particulars que poguessin aplicar a alguns dels serveis concrets del lloc web.<br \/>\nON-LASER es reserva la facultat de realitzar, en qualsevol moment i sense necessitat de preav\u00eds, qualsevol modificaci\u00f3 o actualitzaci\u00f3 dels continguts i serveis, de les presents disposicions d&#8217;acc\u00e9s i \u00fas i, en general, de quants elements integrin el disseny i configuraci\u00f3 de la seva p\u00e0gina web. Per aquest motiu, es recomana que l&#8217;usuari llegeixi detingudament les condicions generals cada vegada que vulgui entrar i fer \u00fas, ja que aquestes poden patir algunes modificacions.<\/p>\n<p>3 &#8211; Acc\u00e9s al web<br \/>\nL&#8217;usuari queda informat i accepta que l&#8217;acc\u00e9s a la present web no suposa, de cap manera, en inici d&#8217;una relaci\u00f3 comercial o d&#8217;altre tipus amb l&#8217;Empresa. Aix\u00ed doncs, l&#8217;usuari pot accedir de forma gratu\u00efta i lliure a l&#8217;\u00e0rea p\u00fablica de la p\u00e0gina web, llevat pel que fa al cost de la connexi\u00f3 a trav\u00e9s de la xarxa de telecomunicacions subministrada pel Prove\u00efdor d&#8217;Acc\u00e9s a Internet (ISP) contractada pel seu compte .<br \/>\nON-LASER es reserva el dret a interrompre l&#8217;acc\u00e9s al seu lloc web en qualsevol moment i sense previ av\u00eds, ja sigui per motius de seguretat, de control, de manteniment, per errors de subministrament el\u00e8ctric o per qualsevol altra causa.<br \/>\nEn conseq\u00fc\u00e8ncia, en cap cas ON-LASER es responsabilitza de les conseq\u00fc\u00e8ncies d&#8217;eventuals interrupcions, ja que no pot garantir la fiabilitat, la disponibilitat, ni la continu\u00eftat de la seva p\u00e0gina web.<br \/>\nD&#8217;altra banda, l&#8217;acc\u00e9s a determinats serveis \u00e9s exclusiu per als nostres clients, per als quals s\u00f3n requisits el registre previ i l&#8217;acceptaci\u00f3, abans d&#8217;iniciar-se la prestaci\u00f3, de les condicions particulars, les quals substituiran, completaran i \/ o modificaran les establertes en el present Av\u00eds Legal.<\/p>\n<p>4 &#8211; Contingut i \u00das de la p\u00e0gina web<br \/>\nEls continguts de la p\u00e0gina web s\u00f3n posats a disposici\u00f3 de l&#8217;usuari per ON-LASER com a informaci\u00f3 pr\u00f2pia o, si escau, de tercers. Per a aix\u00f2 ON-LASER posar\u00e0 els mitjans raonables a la seva disposici\u00f3 amb la finalitat que els continguts inclosos a la seva p\u00e0gina web siguin exactes i estiguin actualitzats.<br \/>\nLa utilitzaci\u00f3 de la p\u00e0gina web per qualsevol persona ser\u00e0 sota la seva exclusiva responsabilitat, segons la seva condici\u00f3 d&#8217;Usuari i es compromet a no utilitzar la informaci\u00f3, activitats, productes o serveis prestats a la p\u00e0gina web per desenvolupar activitats contr\u00e0ries a les lleis, la moral o l&#8217;ordre p\u00fablic i, en general, a fer \u00fas conforme a les presents condicions generals.<br \/>\nQueda especialment prohibit l&#8217;\u00fas de la p\u00e0gina web amb finalitats lesives als b\u00e9ns d&#8217;ON-LASER<br \/>\nON-LASER tret responsabilitza de les decisions preses a partir de la informaci\u00f3 subministrada al web ni dels danys i perjudicis produ\u00efts en l&#8217;usuari o tercers amb motiu d&#8217;actuacions que tinguin com a \u00fanic fonament la informaci\u00f3 obtinguda a trav\u00e9s de la p\u00e0gina web.<br \/>\nON-LASER no es responsabilitza dels danys i perjudicis que puguin sofrir els equips inform\u00e0tics de l&#8217;usuari perqu\u00e8 aquest hagi usat de forma indeguda o negligent la p\u00e0gina web.<br \/>\nL&#8217;acc\u00e9s a la p\u00e0gina web no implica l&#8217;obligaci\u00f3 per part d&#8217;ON-LASER de controlar l&#8217;abs\u00e8ncia de virus o qualsevol altre element inform\u00e0tic dany\u00f3s. Correspon a l&#8217;Usuari, en tot cas, la disponibilitat d&#8217;instruments adequats per a la detecci\u00f3 i desinfecci\u00f3 de programes inform\u00e0tics nocius. ON-LASER no es responsabilitza dels danys produ\u00efts en els equips inform\u00e0tics dels Usuaris o de tercers durant la prestaci\u00f3 del servei de la p\u00e0gina web.<br \/>\nQuant a l&#8217;\u00fas dels serveis interactius que, en qualsevol forma, permetin la divulgaci\u00f3 de continguts per part de l&#8217;usuari a trav\u00e9s de la p\u00e0gina web, com ara el f\u00f2rum i, si escau, aquells altres que es puguin oferir en el futur, seran d&#8217;acord amb la llei, les presents condicions, les condicions particulars, si escau, la moral, els bons costums i l&#8217;ordre p\u00fablic.<\/p>\n<p>5 &#8211; Propietat industrial i intel\u00b7lectual<br \/>\nTots els drets de propietat intel\u00b7lectual i industrial sobre els continguts i \/ o qualsevol altre element incl\u00f2s en el lloc web s\u00f3n de titularitat exclusiva d&#8217;ON-LASER. En aquest sentit, es constitueixen com obres protegides pel conjunt de la regulaci\u00f3 espanyola i comunit\u00e0ria en l&#8217;\u00e0mbit de la propietat intel\u00b7lectual.<br \/>\nL&#8217;empresa no concedeix llic\u00e8ncia d&#8217;\u00fas o autoritzaci\u00f3 sobre els seus drets de propietat industrial i intel\u00b7lectual o sobre qualsevol altra propietat o dret relacionat amb la seva p\u00e0gina web, excepte acord expr\u00e9s amb tercers. Els usuaris podran portar a terme la reproducci\u00f3 dels continguts de la p\u00e0gina web amb l&#8217;\u00fanica finalitat de procedir al seu emmagatzematge, a la realitzaci\u00f3 de c\u00f2pies de seguretat o a la seva impressi\u00f3 sobre paper per a \u00fas privat. En cap cas ser\u00e0 per a desenvolupar activitats de car\u00e0cter comercial o professional, aix\u00ed com per a la distribuci\u00f3, modificaci\u00f3 o alteraci\u00f3.<br \/>\nLa infracci\u00f3 de qualsevol dels drets citats pot constituir una vulneraci\u00f3 de les presents condicions, aix\u00ed com un delicte castigat pel Codi Penal.<\/p>\n<p>6 &#8211; Enlla\u00e7os (links)<br \/>\nL&#8217;empresa haur\u00e0 d&#8217;autoritzar expressament l&#8217;establiment d&#8217;enlla\u00e7os i aquests no podran desenvolupar activitats o posar dispositius que siguin contraris a les lleis, la moral o l&#8217;ordre p\u00fablic.<br \/>\nLa pres\u00e8ncia d&#8217;enlla\u00e7os a la p\u00e0gina web de l&#8217;empresa t\u00e9 finalitat merament informativa i, en cap cas, suposa suggeriment, invitaci\u00f3 o recomanaci\u00f3 sobre els mateixos. L&#8217;empresa nom\u00e9s \u00e9s responsable d&#8217;aquest lloc web.<br \/>\nL&#8217;empresa es reserva el dret a eliminar qualsevol enlla\u00e7 o programa d&#8217;enlla\u00e7 en qualsevol moment.<\/p>\n<p>7 &#8211; Publicitat<br \/>\nEn cas de permetre l&#8217;exist\u00e8ncia de continguts publicitaris o patrocinats a la p\u00e0gina web, els anunciants o patrocinadors seran els \u00fanics responsables d&#8217;assegurar que el material rem\u00e8s per a la seva inclusi\u00f3 en la p\u00e0gina web compleix la normativa que en cada cas pugui ser d&#8217;aplicaci\u00f3. ON-LASER no ser\u00e0 responsable de qualsevol error, inexactitud o irregularitat que puguin contenir els continguts publicitaris o dels patrocinadors.<\/p>\n<p>8 &#8211; Jurisdicci\u00f3 aplicable i legislaci\u00f3<br \/>\nLes presents Condicions d&#8217;Acc\u00e9s queden subjectes a l&#8217;ordenament jur\u00eddic espanyol. Per a la resoluci\u00f3 de qualsevol conflicte que pugui derivar-se de l&#8217;acc\u00e9s a la p\u00e0gina web, l&#8217;usuari i ON-LASER acorden sotmetre expressament als jutjats i tribunals de la ciutat de Manresa, amb ren\u00fancia a qualsevol altre fur general o especial que els pugui correspondre.<\/p>\n<p>###<br \/>","protected":false},"excerpt":{"rendered":"<p>NOTA: Aquesta \u00e9s una traducci\u00f3 del text original en Espanyol. POL\u00cdTICA DE PRIVACITAT Identificaci\u00f3 del titular: Denominaci\u00f3 social: ON-LASER SYSTEMS &#038; APPLICATIONS, S.L. Domicili social: Manresa (Barcelona-Espanya), carrer Castellbell, n\u00famero 5 CIF: ES-B64251879 Registre Mercantil de Barcelona, volum 38.766, foli 60, full 330.187-B. Correu electr\u00f2nic: info @ on-laser.com Nom de domini: on-laser.com 1 &#8211; Qu\u00e8 [&hellip;]<\/p>\n","protected":false},"author":1,"featured_media":0,"parent":0,"menu_order":0,"comment_status":"closed","ping_status":"closed","template":"","meta":{"footnotes":""},"class_list":["post-102","page","type-page","status-publish","czr-hentry"],"_links":{"self":[{"href":"https:\/\/on-laser.com\/ca\/wp-json\/wp\/v2\/pages\/102","targetHints":{"allow":["GET"]}}],"collection":[{"href":"https:\/\/on-laser.com\/ca\/wp-json\/wp\/v2\/pages"}],"about":[{"href":"https:\/\/on-laser.com\/ca\/wp-json\/wp\/v2\/types\/page"}],"author":[{"embeddable":true,"href":"https:\/\/on-laser.com\/ca\/wp-json\/wp\/v2\/users\/1"}],"replies":[{"embeddable":true,"href":"https:\/\/on-laser.com\/ca\/wp-json\/wp\/v2\/comments?post=102"}],"version-history":[{"count":1,"href":"https:\/\/on-laser.com\/ca\/wp-json\/wp\/v2\/pages\/102\/revisions"}],"predecessor-version":[{"id":103,"href":"https:\/\/on-laser.com\/ca\/wp-json\/wp\/v2\/pages\/102\/revisions\/103"}],"wp:attachment":[{"href":"https:\/\/on-laser.com\/ca\/wp-json\/wp\/v2\/media?parent=102"}],"curies":[{"name":"wp","href":"https:\/\/api.w.org\/{rel}","templated":true}]}}