{"id":14,"date":"2014-09-12T16:05:54","date_gmt":"2014-09-12T15:05:54","guid":{"rendered":"http:\/\/on-laser.com\/wordpress\/?page_id=14"},"modified":"2020-10-07T11:50:51","modified_gmt":"2020-10-07T10:50:51","slug":"about-us","status":"publish","type":"page","link":"https:\/\/on-laser.com\/ca\/about-us\/","title":{"rendered":"Empresa"},"content":{"rendered":"<p><strong><span style=\"color: #ff0000;\">ON-LASER<\/span><\/strong> \u00e9s una start-up tecnol\u00f2gica centrada en oferir tecnologia i solucions innovadores per als sectors industrial i m\u00e8dic.<\/p>\n<p>Situada a l&#8217;\u00e0rea de Barcelona, l&#8217;empresa compta amb un equip d&#8217;enginyers amb m\u00e9s de 19 anys d&#8217;experi\u00e8ncia en la tecnologia l\u00e0ser, realitza investigaci\u00f3 en la tecnologia, desenvolupa productes l\u00e0ser, i els comercialitza internacionalment.<\/p>\n<p>ON-LASER compta amb la col\u00b7laboraci\u00f3 del <span style=\"color: #ff0000;\">Park d&#8217;Innovaci\u00f3 La Salle<\/span>, <span style=\"color: #ff0000;\">ICFO<\/span>&nbsp;(Institut de Ci\u00e8ncies Fot\u00f2niques), ha rebut suport de <span style=\"color: #ff0000;\">La Caixa<\/span> capital risc, i de diversos centres d&#8217;innovaci\u00f3 catalans i espanyols com <span style=\"color: #ff0000;\">ACC1\u00d3<\/span>,&nbsp;<span style=\"color: #ff0000;\">CEIPAR<\/span>,&nbsp;<span style=\"color: #ff0000;\">CDTI<\/span> i <span style=\"color: #ff0000;\">ENISA<\/span>.<\/p>","protected":false},"excerpt":{"rendered":"<p>ON-LASER \u00e9s una start-up tecnol\u00f2gica centrada en oferir tecnologia i solucions innovadores per als sectors industrial i m\u00e8dic. Situada a l&#8217;\u00e0rea de Barcelona, l&#8217;empresa compta amb un equip d&#8217;enginyers amb m\u00e9s de 19 anys d&#8217;experi\u00e8ncia en la tecnologia l\u00e0ser, realitza investigaci\u00f3 en la tecnologia, desenvolupa productes l\u00e0ser, i els comercialitza internacionalment. ON-LASER compta amb la [&hellip;]<\/p>\n","protected":false},"author":1,"featured_media":0,"parent":0,"menu_order":0,"comment_status":"open","ping_status":"closed","template":"","meta":{"footnotes":""},"class_list":["post-14","page","type-page","status-publish","czr-hentry"],"_links":{"self":[{"href":"https:\/\/on-laser.com\/ca\/wp-json\/wp\/v2\/pages\/14","targetHints":{"allow":["GET"]}}],"collection":[{"href":"https:\/\/on-laser.com\/ca\/wp-json\/wp\/v2\/pages"}],"about":[{"href":"https:\/\/on-laser.com\/ca\/wp-json\/wp\/v2\/types\/page"}],"author":[{"embeddable":true,"href":"https:\/\/on-laser.com\/ca\/wp-json\/wp\/v2\/users\/1"}],"replies":[{"embeddable":true,"href":"https:\/\/on-laser.com\/ca\/wp-json\/wp\/v2\/comments?post=14"}],"version-history":[{"count":9,"href":"https:\/\/on-laser.com\/ca\/wp-json\/wp\/v2\/pages\/14\/revisions"}],"predecessor-version":[{"id":209,"href":"https:\/\/on-laser.com\/ca\/wp-json\/wp\/v2\/pages\/14\/revisions\/209"}],"wp:attachment":[{"href":"https:\/\/on-laser.com\/ca\/wp-json\/wp\/v2\/media?parent=14"}],"curies":[{"name":"wp","href":"https:\/\/api.w.org\/{rel}","templated":true}]}}