{"id":150,"date":"2019-02-13T10:57:18","date_gmt":"2019-02-13T09:57:18","guid":{"rendered":"https:\/\/on-laser.com\/?page_id=150"},"modified":"2019-02-13T12:17:43","modified_gmt":"2019-02-13T11:17:43","slug":"laser-cutting-systems","status":"publish","type":"page","link":"https:\/\/on-laser.com\/ca\/laser-cutting-systems\/","title":{"rendered":"Plotters de Tall y Gravat Laser"},"content":{"rendered":"<h1><strong>Sistemes Laser de baix cost per Tall i Gravat<\/strong><\/h1>\r\n<p>Els sistemes l\u00e0ser de tall i gravat de baix cost d&#8217;<strong><span style=\"color: #ff0000;\">ON-LASER<\/span><\/strong> s\u00f3n una soluci\u00f3 assequible per al processament de materials.<\/p>\r\n<p>Poden tallar i gravar materials org\u00e0nics (l\u00e0ser CO<sub>2<\/sub>) o metalls (fibra\/d\u00edode) amb gran precisi\u00f3.<\/p>\r\n<p>Les muntures de les \u00f2ptiques s&#8217;han dissenyat amb refer\u00e8ncia frontal per accelerar el manteniment. Aquestes muntures fan que sigui molt senzill substituir i netejar els miralls de flexi\u00f3 del feix l\u00e0ser.<\/p>\r\n<p>ONLASER ofereix una varietat de camps de treball, rang de pot\u00e8ncies l\u00e0ser i lents focals per satisfer totes les necessitats i pressupostos. Els accessoris opcionals permeten processar peces de diferents geometries.<\/p>\r\n<p>La s\u00e8rie ONLASER CUT per a solucions de tall i gravat proporciona una soluci\u00f3 de baix cost amb suport t\u00e8cnic de proximitat.<\/p>\r\n<p><strong><span style=\"color: #ff0000;\">Configuracions disponibles<\/span><\/strong><\/p>\r\n\r\n\r\n\r\n<figure class=\"wp-block-image\"><img decoding=\"async\" src=\"https:\/\/on-laser.com\/wordpress\/wp-content\/uploads\/2019\/02\/ONLASER_SOLO_CUT_Series_Configuration_options-1.jpg\" alt=\"\" class=\"wp-image-164\"\/><\/figure>","protected":false},"excerpt":{"rendered":"<p>Sistemes Laser de baix cost per Tall i Gravat Els sistemes l\u00e0ser de tall i gravat de baix cost d&#8217;ON-LASER s\u00f3n una soluci\u00f3 assequible per al processament de materials. Poden tallar i gravar materials org\u00e0nics (l\u00e0ser CO2) o metalls (fibra\/d\u00edode) amb gran precisi\u00f3. Les muntures de les \u00f2ptiques s&#8217;han dissenyat amb refer\u00e8ncia frontal per accelerar [&hellip;]<\/p>\n","protected":false},"author":1,"featured_media":0,"parent":0,"menu_order":0,"comment_status":"closed","ping_status":"closed","template":"","meta":{"footnotes":""},"class_list":["post-150","page","type-page","status-publish","czr-hentry"],"_links":{"self":[{"href":"https:\/\/on-laser.com\/ca\/wp-json\/wp\/v2\/pages\/150","targetHints":{"allow":["GET"]}}],"collection":[{"href":"https:\/\/on-laser.com\/ca\/wp-json\/wp\/v2\/pages"}],"about":[{"href":"https:\/\/on-laser.com\/ca\/wp-json\/wp\/v2\/types\/page"}],"author":[{"embeddable":true,"href":"https:\/\/on-laser.com\/ca\/wp-json\/wp\/v2\/users\/1"}],"replies":[{"embeddable":true,"href":"https:\/\/on-laser.com\/ca\/wp-json\/wp\/v2\/comments?post=150"}],"version-history":[{"count":7,"href":"https:\/\/on-laser.com\/ca\/wp-json\/wp\/v2\/pages\/150\/revisions"}],"predecessor-version":[{"id":168,"href":"https:\/\/on-laser.com\/ca\/wp-json\/wp\/v2\/pages\/150\/revisions\/168"}],"wp:attachment":[{"href":"https:\/\/on-laser.com\/ca\/wp-json\/wp\/v2\/media?parent=150"}],"curies":[{"name":"wp","href":"https:\/\/api.w.org\/{rel}","templated":true}]}}