{"id":32,"date":"2014-09-12T16:35:58","date_gmt":"2014-09-12T16:35:58","guid":{"rendered":"http:\/\/on-laser.com\/wordpress\/?page_id=32"},"modified":"2025-03-16T14:37:14","modified_gmt":"2025-03-16T13:37:14","slug":"laser-mechanisms-beam-delivery-solutions","status":"publish","type":"page","link":"https:\/\/on-laser.com\/ca\/laser-mechanisms-beam-delivery-solutions\/","title":{"rendered":"Laser Mech Solucions de Guiat de Feix Laser"},"content":{"rendered":"&nbsp;<\/p>\n<h1><strong>Solucions Avan\u00e7ades de Guiat de Feix Laser<\/strong><\/h1>\n<p><a href=\"http:\/\/www.lasermech.com\/\"><img loading=\"lazy\" decoding=\"async\" class=\"alignleft size-full wp-image-182\" src=\"https:\/\/on-laser.com\/wordpress\/wp-content\/uploads\/2025\/03\/Laser-Mech-Logo.png\" alt=\"Laser_Mechanisms_logo\" width=\"201\" height=\"110\" \/><\/a>Laser Mechanisms \u00e9s reconeguda com a l\u00edder mundial en el disseny i fabricaci\u00f3 de components de guiat de feix l\u00e0ser i sistemes de bra\u00e7os articulats, distribu\u00efts a Espanya per ON-LASER.<\/p>\n<p>Els productes Laser Mechanisms s&#8217;utilitzen en tot tipus d&#8217;aplicacions industrials incloent el tall, soldadura, perforaci\u00f3, tra\u00e7at, tractament de superf\u00edcies i altres processos laser. Els productes s&#8217;utilitzen amb cada tipus de l\u00e0ser, incloent CO<sub>2<\/sub>, Nd:YAG, l\u00e0ser de fibra i altres.<\/p>\n<p>Amb els anys la companyia ha introdu\u00eft moltes innovacions per millorar el rendiment, la seguretat, la capacitat, facilitat d&#8217;\u00fas i la rendibilitat del processat amb l\u00e0ser.<\/p>\n<p>Una d&#8217;aquestes innovacions \u00e9s el suport de lent estil &#8220;cartutx&#8221;. Aquests suports fan que sigui molt f\u00e0cil de canviar, reempla\u00e7ar i netejar la lent d&#8217;enfocament en un cap\u00e7al l\u00e0ser. Tamb\u00e9 \u00e9s possible combinar m\u00e9s d&#8217;un d&#8217;aquests cartutxos dins d&#8217;un sol conjunt per permetre l&#8217;\u00fas de diferents longituds focals per a diferents aplicacions de l\u00e0ser amb un sol cap\u00e7al.<\/p>\n<p>Laser Mechanisms tamb\u00e9 ofereix una varietat de solucions flexibles per connectar l\u00e0sers de CO<sub>2<\/sub> industrials comuns a una varietat de sistemes de moviment. Utilitzant la nostra tecnologia m\u00e9s que provada de bra\u00e7 articulat, aquests sistemes ofereixen l&#8217;\u00fanica soluci\u00f3 integrable de guiat de feix l\u00e0ser clau en m\u00e0 de la ind\u00fastria &#8211; ja sigui per a robots o plotters de tall.<\/p>\n<p>A Laser Mechanisms hem estat proporcionant solucions per al guiat de raigs l\u00e0ser industrials des de fa m\u00e9s de 30 anys, deixi&#8217;ns oferir-li una soluci\u00f3 per a vost\u00e8 avui.<\/p>\n<p><a title=\"Laser Mechanisms web site\" href=\"http:\/\/www.lasermech.com\/\" target=\"_blank\" rel=\"noopener\">Feu clic en aquest enlla\u00e7 per visitar el lloc web de Laser Mechanisms.<\/a><\/p>\n<p>&nbsp;<\/p>\n<p style=\"text-align: left;\">V\u00eddeo d&#8217;introducci\u00f3:<\/p>\n<p style=\"text-align: center;\"><iframe loading=\"lazy\" src=\"\/\/www.youtube.com\/embed\/ssS4SX38OpM?feature=player_profilepage\" width=\"640\" height=\"360\" frameborder=\"0\" allowfullscreen=\"allowfullscreen\"><\/iframe><\/p>\n<p style=\"text-align: center;\">","protected":false},"excerpt":{"rendered":"<p>&nbsp; Solucions Avan\u00e7ades de Guiat de Feix Laser Laser Mechanisms \u00e9s reconeguda com a l\u00edder mundial en el disseny i fabricaci\u00f3 de components de guiat de feix l\u00e0ser i sistemes de bra\u00e7os articulats, distribu\u00efts a Espanya per ON-LASER. Els productes Laser Mechanisms s&#8217;utilitzen en tot tipus d&#8217;aplicacions industrials incloent el tall, soldadura, perforaci\u00f3, tra\u00e7at, tractament [&hellip;]<\/p>\n","protected":false},"author":1,"featured_media":39,"parent":0,"menu_order":0,"comment_status":"open","ping_status":"open","template":"","meta":{"footnotes":""},"class_list":["post-32","page","type-page","status-publish","has-post-thumbnail","czr-hentry"],"_links":{"self":[{"href":"https:\/\/on-laser.com\/ca\/wp-json\/wp\/v2\/pages\/32","targetHints":{"allow":["GET"]}}],"collection":[{"href":"https:\/\/on-laser.com\/ca\/wp-json\/wp\/v2\/pages"}],"about":[{"href":"https:\/\/on-laser.com\/ca\/wp-json\/wp\/v2\/types\/page"}],"author":[{"embeddable":true,"href":"https:\/\/on-laser.com\/ca\/wp-json\/wp\/v2\/users\/1"}],"replies":[{"embeddable":true,"href":"https:\/\/on-laser.com\/ca\/wp-json\/wp\/v2\/comments?post=32"}],"version-history":[{"count":9,"href":"https:\/\/on-laser.com\/ca\/wp-json\/wp\/v2\/pages\/32\/revisions"}],"predecessor-version":[{"id":2309,"href":"https:\/\/on-laser.com\/ca\/wp-json\/wp\/v2\/pages\/32\/revisions\/2309"}],"wp:featuredmedia":[{"embeddable":true,"href":"https:\/\/on-laser.com\/ca\/wp-json\/wp\/v2\/media\/39"}],"wp:attachment":[{"href":"https:\/\/on-laser.com\/ca\/wp-json\/wp\/v2\/media?parent=32"}],"curies":[{"name":"wp","href":"https:\/\/api.w.org\/{rel}","templated":true}]}}