{"id":34,"date":"2014-09-12T16:37:10","date_gmt":"2014-09-12T16:37:10","guid":{"rendered":"http:\/\/on-laser.com\/wordpress\/?page_id=34"},"modified":"2025-03-16T14:31:27","modified_gmt":"2025-03-16T13:31:27","slug":"optics-components","status":"publish","type":"page","link":"https:\/\/on-laser.com\/ca\/optics-components\/","title":{"rendered":"Optiques i Components"},"content":{"rendered":"<span style=\"color: #3366ff;\"><strong><img loading=\"lazy\" decoding=\"async\" class=\"alignleft size-thumbnail wp-image-188\" src=\"https:\/\/on-laser.com\/wordpress\/wp-content\/uploads\/2025\/03\/DALL\u00b7E-2025-03-16-14.23.29-A-realistic-close-up-of-several-ZnSe-lenses-with-a-distinct-yellowish-tint-featuring-standard-plano-convex-and-plano-concave-shapes-arranged-on-a-bl.webp\" alt=\"CO2 focusing lens\" width=\"150\" height=\"150\" \/> <span style=\"color: #ff0000;\">ON-LASER<\/span><\/strong><\/span> pot subministrar una \u00e0mplia gamma de components \u00f2ptics d&#8217;alta precisi\u00f3 per l\u00e0ser, de baix cost, incloent lents, miralls, \u00f2ptiques de cavitat, lents Ftheta, objectius telec\u00e8ntrics, col\u2022limadors de feix, finestres de protecci\u00f3, prismes, divisors de feix, miralls d&#8217;escaneig, sistemes d&#8217;escaneig 2D i 3D per l\u00e0sers de CO<sub>2<\/sub>, Nd:YAG, fibra, etc, \u00f2ptiques per a sistemes de visi\u00f3 artificial, i molts altres, amb els \u00faltims revestiments d&#8217;alt rendiment com AR\/AR per l\u00e0sers d&#8217;alta pot\u00e8ncia.<\/p>\n<p>&nbsp;<\/p>\n<p>&nbsp;<\/p>\n<p><span style=\"color: #ff0000;\"><strong>ON-LASER<\/strong><\/span> tamb\u00e9 distribueix la gamma de sistemes de guiatge de feix l\u00e0ser de\u00a0<a title=\"Laser Mechanisms Beam Delivery Solutions\" href=\"https:\/\/on-laser.com\/laser-mechanisms-beam-delivery-solutions\/\">Laser Mechanisms<\/a> per a aplicacions industrials 2D i 3D.<\/p>\n<p>&nbsp;","protected":false},"excerpt":{"rendered":"<p>ON-LASER pot subministrar una \u00e0mplia gamma de components \u00f2ptics d&#8217;alta precisi\u00f3 per l\u00e0ser, de baix cost, incloent lents, miralls, \u00f2ptiques de cavitat, lents Ftheta, objectius telec\u00e8ntrics, col\u2022limadors de feix, finestres de protecci\u00f3, prismes, divisors de feix, miralls d&#8217;escaneig, sistemes d&#8217;escaneig 2D i 3D per l\u00e0sers de CO2, Nd:YAG, fibra, etc, \u00f2ptiques per a sistemes de [&hellip;]<\/p>\n","protected":false},"author":1,"featured_media":0,"parent":0,"menu_order":0,"comment_status":"open","ping_status":"open","template":"","meta":{"footnotes":""},"class_list":["post-34","page","type-page","status-publish","czr-hentry"],"_links":{"self":[{"href":"https:\/\/on-laser.com\/ca\/wp-json\/wp\/v2\/pages\/34","targetHints":{"allow":["GET"]}}],"collection":[{"href":"https:\/\/on-laser.com\/ca\/wp-json\/wp\/v2\/pages"}],"about":[{"href":"https:\/\/on-laser.com\/ca\/wp-json\/wp\/v2\/types\/page"}],"author":[{"embeddable":true,"href":"https:\/\/on-laser.com\/ca\/wp-json\/wp\/v2\/users\/1"}],"replies":[{"embeddable":true,"href":"https:\/\/on-laser.com\/ca\/wp-json\/wp\/v2\/comments?post=34"}],"version-history":[{"count":6,"href":"https:\/\/on-laser.com\/ca\/wp-json\/wp\/v2\/pages\/34\/revisions"}],"predecessor-version":[{"id":2304,"href":"https:\/\/on-laser.com\/ca\/wp-json\/wp\/v2\/pages\/34\/revisions\/2304"}],"wp:attachment":[{"href":"https:\/\/on-laser.com\/ca\/wp-json\/wp\/v2\/media?parent=34"}],"curies":[{"name":"wp","href":"https:\/\/api.w.org\/{rel}","templated":true}]}}