{"id":47,"date":"2022-10-11T18:00:28","date_gmt":"2022-10-11T17:00:28","guid":{"rendered":"http:\/\/on-laser.com\/wordpress\/?page_id=47"},"modified":"2024-06-13T12:22:10","modified_gmt":"2024-06-13T11:22:10","slug":"e-qube","status":"publish","type":"page","link":"https:\/\/on-laser.com\/ca\/e-qube\/","title":{"rendered":"e-QUBE Sistemes de Marcatge Laser per Textil i Cuir"},"content":{"rendered":"<a href=\"https:\/\/on-laser.com\/wordpress\/wp-content\/uploads\/2022\/10\/Logo_e-QUBE_LR.png\"><img loading=\"lazy\" decoding=\"async\" class=\"alignnone  wp-image-52\" src=\"https:\/\/on-laser.com\/wordpress\/wp-content\/uploads\/2022\/10\/Logo_e-QUBE_LR.png\" alt=\"Logo_e-QUBE_Laser\" width=\"200\" height=\"50\"><\/a><a href=\"http:\/\/on-laser.com\/wordpress\/wp-content\/uploads\/2014\/09\/Banner_blasted_jeans_2.jpg\"><img loading=\"lazy\" decoding=\"async\" class=\"alignnone  wp-image-58\" src=\"http:\/\/on-laser.com\/wordpress\/wp-content\/uploads\/2014\/09\/Banner_blasted_jeans_2-300x101.jpg\" alt=\"Banner_blasted_jeans_2\" width=\"223\" height=\"75\" srcset=\"https:\/\/on-laser.com\/wordpress\/wp-content\/uploads\/2014\/09\/Banner_blasted_jeans_2-300x101.jpg 300w, https:\/\/on-laser.com\/wordpress\/wp-content\/uploads\/2014\/09\/Banner_blasted_jeans_2.jpg 399w\" sizes=\"auto, (max-width: 223px) 100vw, 223px\" \/><\/a><\/p>\n<div class=\"elementToProof ContentPasted16\">La nova i revolucion\u00e0ria s\u00e8rie de&nbsp;<b>sistemes l\u00e0ser e-QUBE&nbsp;<\/b>proporciona un m\u00e8tode \u00fanic i d&#8217;alta definici\u00f3 per desgastar texans i marcar imatges en t\u00e8xtils o cuir.<\/div>\n<div class=\"elementToProof ContentPasted16\">\n<div class=\"ContentPasted16\">\n<ul>\n<li class=\"elementToProof\"><b>Desgast l\u00e0ser digital&nbsp;<\/b>real, la tecnologia l\u00e0ser evita l\u00fas de poliment manual i el proc\u00e9s de polvoritzaci\u00f3 de PP.<\/li>\n<li class=\"ContentPasted16\">Afegiu&nbsp;<b>tra\u00e7abilitat&nbsp;<\/b>i&nbsp;<b>informaci\u00f3 \u00fanica\/variable&nbsp;<\/b>a cada pe\u00e7a individual.<\/li>\n<li class=\"ContentPasted16\">Es garanteix&nbsp;<b>el millor cost de propietat&nbsp;<\/b>de la classe sense necessitat de consumibles costosos (sorra, materials abrasius, productes qu\u00edmics) i amb un manteniment m\u00ednim requerit, mentre es redueix el temps de processament i l&#8217;espai en planta.<\/li>\n<li class=\"ContentPasted16\">Dissenyeu, produ\u00efu, lliureu:&nbsp;<b>redu\u00efu el temps de lliurament&nbsp;<\/b>i processament en lliurar les comandes el mateix dia.<\/li>\n<li class=\"ContentPasted16\"><b>Alta productivitat<\/b>: augmentant substancialment la capacitat de producci\u00f3 en comparaci\u00f3 dels processos qu\u00edmics. Proc\u00e9s continu de canvi de marca. Mostres individuals \/ produccions molt curtes mai no han estat tan f\u00e0cils de fer, sense cost addicional.<\/li>\n<li class=\"ContentPasted16\"><b>Control total<\/b>: creeu dissenys de marca internament en segons i prepareu-los per a la producci\u00f3. Integreu el control del proc\u00e9s de branding al tauler de control del sistema d&#8217;informaci\u00f3 de l&#8217;empresa.<\/li>\n<li class=\"ContentPasted16\">Un l\u00e0ser no \u00e9s nom\u00e9s&nbsp;<b>respectu\u00f3s amb el medi ambient<\/b>, sin\u00f3 que tamb\u00e9 \u00e9s amable amb els membres de l&#8217;equip responsables del proc\u00e9s d&#8217;acabat, en eliminar els tints, dissolvents o productes qu\u00edmics que se solen utilitzar en els processos tradicionals.<\/li>\n<li class=\"ContentPasted16\">Els sistemes de la s\u00e8rie e-QUBE brinden una&nbsp;<b>soluci\u00f3 comprovada, robusta i duradora per a anys&nbsp;<\/b>de producci\u00f3 sense problemes. A m\u00e9s, s\u00f3n capa\u00e7os de treballar amb dissenys complexos i&nbsp;<b>imatges d&#8217;alta resoluci\u00f3&nbsp;<\/b>per mantenir-se al dia amb les darreres tend\u00e8ncies de la ind\u00fastria de la moda.<\/li>\n<\/ul>\n<\/div>\n<div class=\"ContentPasted16\">Els&nbsp;<b>sistemes l\u00e0ser e-QUBE&nbsp;<\/b>i la tecnologia estan&nbsp;<b>protegits per patents<\/b>, impulsats per la tecnologia&nbsp;<b>ON-LASER<sup class=\"ContentPasted0 ContentPasted5 ContentPasted15\">TM<\/sup><\/b>.<\/div>\n<div><\/div>\n<div><\/div>\n<p>Completeu el seg\u00fcent formulari per descarregar el full de dades:<\/p>\n<\/div>\n\n<div class=\"wpcf7 no-js\" id=\"wpcf7-f339-o4\" lang=\"en-US\" dir=\"ltr\" data-wpcf7-id=\"339\">\n<div class=\"screen-reader-response\"><p role=\"status\" aria-live=\"polite\" aria-atomic=\"true\"><\/p> <ul><\/ul><\/div>\n<form action=\"\/ca\/wp-json\/wp\/v2\/pages\/47#wpcf7-f339-o4\" method=\"post\" class=\"wpcf7-form init\" aria-label=\"Contact form\" novalidate=\"novalidate\" data-status=\"init\">\n<fieldset class=\"hidden-fields-container\"><input type=\"hidden\" name=\"_wpcf7\" value=\"339\" \/><input type=\"hidden\" name=\"_wpcf7_version\" value=\"6.1.4\" \/><input type=\"hidden\" name=\"_wpcf7_locale\" value=\"en_US\" \/><input type=\"hidden\" name=\"_wpcf7_unit_tag\" value=\"wpcf7-f339-o4\" \/><input type=\"hidden\" name=\"_wpcf7_container_post\" value=\"0\" \/><input type=\"hidden\" name=\"_wpcf7_posted_data_hash\" value=\"\" \/><input type=\"hidden\" name=\"_wpcf7_recaptcha_response\" value=\"\" \/>\n<\/fieldset>\n<p><strong>Nom<\/strong> (obligatori)\n<\/p>\n<p><span class=\"wpcf7-form-control-wrap\" data-name=\"your-name\"><input size=\"40\" maxlength=\"400\" class=\"wpcf7-form-control wpcf7-text wpcf7-validates-as-required\" aria-required=\"true\" aria-invalid=\"false\" value=\"\" type=\"text\" name=\"your-name\" \/><\/span>\n<\/p>\n<p><strong>Empresa<\/strong> (obligatori)\n<\/p>\n<p><span class=\"wpcf7-form-control-wrap\" data-name=\"company\"><input size=\"40\" maxlength=\"400\" class=\"wpcf7-form-control wpcf7-text wpcf7-validates-as-required\" aria-required=\"true\" aria-invalid=\"false\" value=\"\" type=\"text\" name=\"company\" \/><\/span>\n<\/p>\n<p><strong>Email<\/strong> (obligatori)\n<\/p>\n<p><span class=\"wpcf7-form-control-wrap\" data-name=\"your-email\"><input size=\"40\" maxlength=\"400\" class=\"wpcf7-form-control wpcf7-email wpcf7-validates-as-required wpcf7-text wpcf7-validates-as-email\" aria-required=\"true\" aria-invalid=\"false\" value=\"\" type=\"email\" name=\"your-email\" \/><\/span>\n<\/p>\n<p><strong>Tel\u00e8fon<\/strong> (obligatori)\n<\/p>\n<p><span class=\"wpcf7-form-control-wrap\" data-name=\"tel-495\"><input size=\"40\" maxlength=\"400\" class=\"wpcf7-form-control wpcf7-tel wpcf7-validates-as-required wpcf7-text wpcf7-validates-as-tel\" aria-required=\"true\" aria-invalid=\"false\" value=\"\" type=\"tel\" name=\"tel-495\" \/><\/span>\n<\/p>\n<p><span class=\"wpcf7-form-control-wrap\" data-name=\"acceptance-605\"><span class=\"wpcf7-form-control wpcf7-acceptance\"><span class=\"wpcf7-list-item\"><label><input type=\"checkbox\" name=\"acceptance-605\" value=\"1\" aria-invalid=\"false\" \/><span class=\"wpcf7-list-item-label\">Reconec haver llegit i accepto la pol\u00edtica de privadesa (<a href=\"https:\/\/on-laser.com\/politica-de-privacidad-y-aviso-legal\/\" target=\"_blank\">Politica de privacidad y aviso legal<\/a>) en virtut del qual ON-LASER utilitzar\u00e0 les meves dades personals.<\/span><\/label><\/span><\/span><\/span>\n<\/p>\n<p><input class=\"wpcf7-form-control wpcf7-submit has-spinner\" type=\"submit\" value=\"Enviar &gt;&gt;\" \/>\n<\/p><div class=\"wpcf7-response-output\" aria-hidden=\"true\"><\/div>\n<\/form>\n<\/div>","protected":false},"excerpt":{"rendered":"<p>La nova i revolucion\u00e0ria s\u00e8rie de&nbsp;sistemes l\u00e0ser e-QUBE&nbsp;proporciona un m\u00e8tode \u00fanic i d&#8217;alta definici\u00f3 per desgastar texans i marcar imatges en t\u00e8xtils o cuir. Desgast l\u00e0ser digital&nbsp;real, la tecnologia l\u00e0ser evita l\u00fas de poliment manual i el proc\u00e9s de polvoritzaci\u00f3 de PP. Afegiu&nbsp;tra\u00e7abilitat&nbsp;i&nbsp;informaci\u00f3 \u00fanica\/variable&nbsp;a cada pe\u00e7a individual. Es garanteix&nbsp;el millor cost de propietat&nbsp;de la classe [&hellip;]<\/p>\n","protected":false},"author":1,"featured_media":48,"parent":0,"menu_order":0,"comment_status":"open","ping_status":"closed","template":"","meta":{"footnotes":""},"class_list":["post-47","page","type-page","status-publish","has-post-thumbnail","czr-hentry"],"_links":{"self":[{"href":"https:\/\/on-laser.com\/ca\/wp-json\/wp\/v2\/pages\/47","targetHints":{"allow":["GET"]}}],"collection":[{"href":"https:\/\/on-laser.com\/ca\/wp-json\/wp\/v2\/pages"}],"about":[{"href":"https:\/\/on-laser.com\/ca\/wp-json\/wp\/v2\/types\/page"}],"author":[{"embeddable":true,"href":"https:\/\/on-laser.com\/ca\/wp-json\/wp\/v2\/users\/1"}],"replies":[{"embeddable":true,"href":"https:\/\/on-laser.com\/ca\/wp-json\/wp\/v2\/comments?post=47"}],"version-history":[{"count":33,"href":"https:\/\/on-laser.com\/ca\/wp-json\/wp\/v2\/pages\/47\/revisions"}],"predecessor-version":[{"id":1864,"href":"https:\/\/on-laser.com\/ca\/wp-json\/wp\/v2\/pages\/47\/revisions\/1864"}],"wp:featuredmedia":[{"embeddable":true,"href":"https:\/\/on-laser.com\/ca\/wp-json\/wp\/v2\/media\/48"}],"wp:attachment":[{"href":"https:\/\/on-laser.com\/ca\/wp-json\/wp\/v2\/media?parent=47"}],"curies":[{"name":"wp","href":"https:\/\/api.w.org\/{rel}","templated":true}]}}