{"id":102,"date":"2018-05-24T12:56:55","date_gmt":"2018-05-24T11:56:55","guid":{"rendered":"http:\/\/on-laser.com\/?page_id=102"},"modified":"2019-02-07T21:34:55","modified_gmt":"2019-02-07T20:34:55","slug":"politica-de-privacidad-y-aviso-legal","status":"publish","type":"page","link":"https:\/\/on-laser.com\/es\/politica-de-privacidad-y-aviso-legal\/","title":{"rendered":"Pol\u00edtica de Privacidad y Aviso Legal"},"content":{"rendered":"POL\u00cdTICA DE PRIVACIDAD<\/p>\n<p>Identificaci\u00f3n del titular:<br \/>\nDenominaci\u00f3n social: ON-LASER SYSTEMS &#038; APPLICATIONS, S.L.<br \/>\nDomicilio social: Manresa (Barcelona-Espa\u00f1a), calle Castellbell, n\u00famero 5<br \/>\nCIF:  ES-B64251879<br \/>\nRegistro Mercantil de Barcelona, volumen 38.766, folio 60, hoja 330.187-B.<br \/>\nE-mail: info @ on-laser.com<br \/>\nNombre de dominio: on-laser.com<\/p>\n<p>1 &#8211; Qu\u00e9 cubre esta declaraci\u00f3n de privacidad<br \/>\nEsta declaraci\u00f3n de privacidad explica nuestras pr\u00e1cticas de privacidad para nuestros sitios web, productos, servicios web y en l\u00ednea (en adelante \u201caplicaciones\u201d), y aplicaciones que incluyen un enlace a esta declaraci\u00f3n. Tambi\u00e9n explica nuestras pr\u00e1cticas publicitarias y de marketing, y se aplica a nuestras pr\u00e1cticas convencionales.<br \/>\nAlgunos de nuestros sitios web y aplicaciones pueden exhibir avisos complementarios de privacidad o de recopilaci\u00f3n de datos que compartimos para que usted pueda tomar decisiones bien fundadas de lo que desea hacer al examinar los avisos. Por ejemplo, puede ver un aviso que explique las pr\u00e1cticas de recopilaci\u00f3n de datos para una aplicaci\u00f3n y sus opciones en cuanto a la participaci\u00f3n.<br \/>\nLos terceros (por ejemplo, las plataformas de los medios sociales u otros sitios web de empresas para los que colocamos un enlace desde nuestros sitios web y aplicaciones) son responsables de sus propias pr\u00e1cticas de privacidad. Aseg\u00farese de leer las pol\u00edticas de privacidad, los avisos complementarios y las configuraciones de todos los sitios web o las plataformas que visite de modo que pueda entender sus pr\u00e1cticas de privacidad y cu\u00e1les son sus opciones.<br \/>\nAlgunos sitios web y aplicaciones est\u00e1n sujetos a t\u00e9rminos adicionales, como los t\u00e9rminos de uso, los t\u00e9rminos de servicio y los contratos de licencia de software de nuestro sitio web. Lea los t\u00e9rminos v\u00e1lidos para el sitio web o la aplicaci\u00f3n que est\u00e9 utilizando. Estos t\u00e9rminos pueden ayudar a responder preguntas que tenga sobre la confidencialidad y la seguridad de los dise\u00f1os y otros contenidos que cree, y sobre el efecto de compartir y publicar su contenido.<\/p>\n<p>2 &#8211; Informaci\u00f3n que recopilamos sobre usted<br \/>\nLos \u00fanicos datos personales a los que ON-LASER SYSTEMS &#038; APPLICATIONS, S.L. (en adelante ON-LASER) tendr\u00e1 acceso ser\u00e1n aquellos que el usuario facilite voluntariamente. En este sentido es preciso que el usuario conozca que para el acceso de algunos productos\/servicios ofrecidos a trav\u00e9s de la web, se le solicitar\u00e1n datos de car\u00e1cter personal i que, si no facilita los mismos, no podr\u00e1 acceder ni utilizar los referidos servicios y\/o contenidos.<br \/>\nDe acuerdo con la normativa vigente informamos que, mediante la cumplimentaci\u00f3n del formulario de \u201cCONTACTO\u201d para el servicio \u201cTRABAJA CON NOSOTROS\u201d, sus datos personales quedar\u00e1n incorporados y tratados en nuestro registro de actividades de tratamiento, propiedad de ON-LASER con el fin de disponer de una base de datos de posibles candidatos en ampliaciones de personal y ser\u00e1n conservados para futuros procesos de selecci\u00f3n en los que el perfil requerido se ajuste a sus caracter\u00edsticas. En ning\u00fan caso, sus datos ser\u00e1n cedidos a terceros y el candidato garantiza que los datos personales facilitados son veraces y de hace responsable de mantenerlos actualizados en todo momento, siendo el candidato el \u00fanico responsable de la inexactitud o falsedad de los datos y de los perjuicios que pueda causar por ello a ON-LASER.<br \/>\nPara dar cumplimiento al principio de calidad de los datos regulado en la normativa de protecci\u00f3n de datos, se proceder\u00e1 a eliminar definitivamente su curr\u00edculum de nuestro fichero, transcurridos un m\u00e1ximo de 3 a\u00f1os desde la recepci\u00f3n del presente formulario, o a partir de la \u00faltima actualizaci\u00f3n de su curr\u00edculum.<br \/>\nAsimismo, cuando el usuario facilita sus datos de car\u00e1cter personal utilizando el e-mail del apartado \u201cCONTACTO\u201d de la p\u00e1gina Web, est\u00e1 autorizando expresamente a ON-LASER, al tratamiento automatizado de sus Datos Personales para poder atender sus peticiones de servicios. Sus datos personales quedar\u00e1n incorporados y tratados en nuestro registro de actividades de tratamiento, propiedad de ON-LASER, con el fin de disponer de una base de datos de posibles clientes. Sus datos ser\u00e1n conservados para atender a sus peticiones y para procesos de marketing ofreci\u00e9ndole informaci\u00f3n comercial de nuestros servicios, a no ser que manifieste su derecho a la eliminaci\u00f3n de estos (v\u00e9ase apartado 8).<br \/>\nCuando los visitantes dejan comentarios en la web, recopilamos los datos que se muestran en el formulario de comentarios, as\u00ed como la direcci\u00f3n IP del visitante y la cadena de agentes de usuario del navegador para ayudar a la detecci\u00f3n de spam.<br \/>\nUna cadena an\u00f3nima creada a partir de tu direcci\u00f3n de correo electr\u00f3nico (tambi\u00e9n llamada hash) puede ser proporcionada al servicio de Gravatar para ver si la est\u00e1s usando. La pol\u00edtica de privacidad del servicio Gravatar est\u00e1 disponible aqu\u00ed: https:\/\/automattic.com\/privacy\/. Despu\u00e9s de la aprobaci\u00f3n de tu comentario, la imagen de tu perfil es visible para el p\u00fablico en el contexto de su comentario.<br \/>\nSi subes im\u00e1genes a la web deber\u00edas evitar subir im\u00e1genes con datos de ubicaci\u00f3n (GPS EXIF) incluidos. Los visitantes de la web pueden descargar y extraer cualquier dato de localizaci\u00f3n de las im\u00e1genes de la web.<\/p>\n<p>3 &#8211; Botones, herramientas, anuncios y contenido de otras empresas<br \/>\nNuestros sitios web y aplicaciones pueden incluir botones, herramientas, anuncios o contenido que establezcan un enlace con los servicios de otras empresas (por ejemplo, un bot\u00f3n \u201cMe gusta\u201d de Facebook en una p\u00e1gina web, o una funci\u00f3n de Google en una aplicaci\u00f3n). Podemos recopilar informaci\u00f3n sobre el uso que le d\u00e9 a estas funciones.<br \/>\nAdem\u00e1s, al ver o interactuar con estos botones, herramientas, anuncios o contenido, o al ver nuestra p\u00e1gina web o la aplicaci\u00f3n que los contiene, algo de informaci\u00f3n de su navegador puede enviarse autom\u00e1ticamente a la otra empresa. Para obtener m\u00e1s informaci\u00f3n, lea la pol\u00edtica de privacidad de esa empresa.<\/p>\n<p>4 &#8211; Menores<br \/>\nLos sitios web y aplicaciones de ON-LASER est\u00e1n destinados al p\u00fablico profesional aun y que son accesibles al p\u00fablico en general. Sin embargo, no recopilamos a sabiendas ning\u00fan tipo de datos de car\u00e1cter personal de ni\u00f1os menores de 16 a\u00f1os. Los ni\u00f1os menores de 16 a\u00f1os no deben enviar ni publicar ninguna informaci\u00f3n en sitios web o aplicaciones de ON-LASER.<\/p>\n<p>5 &#8211; Almacenamiento, retenci\u00f3n y eliminaci\u00f3n de los datos de car\u00e1cter personal<br \/>\nGuardamos los datos de car\u00e1cter personal y los archivos de datos asociados con su persona en los servidores de ON-LASER y los servidores de empresas que contratamos para que nos brinden sus servicios y con los que disponemos de los contratos de prestaci\u00f3n de servicios y de encargados de tratamiento tal y como marca la normativa de protecci\u00f3n de datos y en ning\u00fan caso est\u00e1n autorizados a usar la informaci\u00f3n para sus propios fines. Esta informaci\u00f3n se almacena en Espa\u00f1a.<br \/>\nMantendremos sus datos de car\u00e1cter personal solo en la medida que los necesitemos para:<br \/>\n\u2022\tcumplir los fines descritos en esta declaraci\u00f3n de privacidad; o<br \/>\n\u2022\tseg\u00fan lo exijan o permitan las leyes y regulaciones vigentes.<br \/>\nTomamos todas las medidas razonables para destruir o desidentificar de forma permanente y segura los datos de car\u00e1cter personal cuando ya no se necesitan. Por ejemplo, cuando la informaci\u00f3n est\u00e1 impresa en papel, tomamos todas las medidas razonables para eliminarla o destruirla bien por trituraci\u00f3n bien por incineraci\u00f3n; cuando la informaci\u00f3n est\u00e1 almacenada electr\u00f3nicamente, utilizamos medios t\u00e9cnicos para dejarla inutilizable.<\/p>\n<p>6 &#8211; C\u00f3mo usamos la informaci\u00f3n (finalidad)<br \/>\nUtilizamos la informaci\u00f3n sobre usted de diversas maneras y con diversos fines:<br \/>\n\u2022\tProporcionarle acceso a nuestros sitios web y aplicaciones para los que sea elegible.<br \/>\n\u2022\tProporcionarle los servicios, la ayuda o la informaci\u00f3n que haya solicitado.<br \/>\n\u2022\tEnviarle comunicaciones empresariales. Entre los ejemplos, se incluyen enviarle paquetes de servicios de aplicaciones, o avisos sobre los pr\u00f3ximos acontecimientos.<br \/>\n\u2022\tEnviarle comunicaciones con informaci\u00f3n sobre nosotros, incluidos datos sobre aplicaciones nuevas y ofertas o promociones especiales.<br \/>\n\u2022\tMedir y entender mejor c\u00f3mo se utilizan nuestros sitios web y aplicaciones, para poder mejorarlos.<br \/>\n\u2022\tPersonalizar su experiencia general con nosotros, nuestros sitios web y nuestras aplicaciones, as\u00ed como con nuestro marketing.<br \/>\n\u2022\tReducir la pirater\u00eda del software y el fraude, garantizar que nuestras aplicaciones y sitios web se utilicen en conformidad con los t\u00e9rminos y las leyes vigentes, y proteger a nuestros clientes y usuarios finales.<br \/>\n\u2022\tEnviar cuestionarios y encuestas con el fin de proporcionar mejores aplicaciones y experiencias a nuestros clientes y usuarios finales. La cumplimentaci\u00f3n de cuestionarios o encuestas es voluntaria, seg\u00fan se explica en cualquier aviso complementario de privacidad o recopilaci\u00f3n de datos para un sitio web o una aplicaci\u00f3n.<\/p>\n<p>7 &#8211; Legislaci\u00f3n aplicada. Seguridad e integridad de los datos de car\u00e1cter personal<br \/>\nDe acuerdo con lo establecido en el vigente Reglamento Europeo de Protecci\u00f3n de Datos de car\u00e1cter Personal y en la Ley de Protecci\u00f3n de Datos de Car\u00e1cter Personal le informamos que sus datos ser\u00e1n incorporados a nuestros tratamientos automatizados, alojados en un servidor seguro.<br \/>\nUtilizamos un conjunto de controles administrativos, t\u00e9cnicos y de seguridad f\u00edsica que ayudan a proteger los datos de car\u00e1cter personal frente al acceso, el uso o la divulgaci\u00f3n no autorizados.<\/p>\n<p>8 &#8211; Ejercicio de sus derechos<br \/>\nSus datos ser\u00e1n cedidos a ON-LASER para los fines indicados y, en todo momento podr\u00e1 ejercitar sus derechos de acceso, rectificaci\u00f3n, cancelaci\u00f3n y oposici\u00f3n, as\u00ed como el derecho a la limitaci\u00f3n, a la portabilidad y a la supresi\u00f3n y olvido al tratamiento de sus datos poni\u00e9ndose en contacto con nosotros a trav\u00e9s de nuestro formulario web, por medio del correo electr\u00f3nico info @ on-laser.com o por correo postal a la direcci\u00f3n siguiente: ON-LASER Systems &#038; Applications SL, Castellbell 5, E-08243 Manresa (Barcelona), Espa\u00f1a, incluyendo los siguientes datos: nombre y apellidos del usuario, domicilio a efectos de notificaciones, fotocopia del DNI o Pasaporte i contenido concreto del derecho a ejercitar..<br \/>\nTenga tambi\u00e9n en cuenta que debemos conservar determinados registros por motivos comerciales internos o legales y que parte de su informaci\u00f3n puede permanecer en los sistemas de seguridad, en conformidad con las leyes vigentes.<\/p>\n<p>9 &#8211; Cookies y tecnolog\u00edas similares. Pol\u00edtica de cookies<br \/>\nON-LASER y nuestros proveedores de servicios podemos utilizar \u201ccookies\u201d, \u201cetiquetas de p\u00edxeles\u201d, \u201cbalizas web\u201d, \u201cGIF transparentes\u201d y otras tecnolog\u00edas similares en relaci\u00f3n con las p\u00e1ginas del sitio web y los mensajes de correo electr\u00f3nico con formato HTML para, entre otras cosas, rastrear las acciones de los usuarios del sitio web y de los destinatarios de correos electr\u00f3nicos, determinar el \u00e9xito de las campa\u00f1as de marketing, compilar estad\u00edsticas adicionales acerca del uso del sitio web y los \u00edndices de respuesta, y facilitarle la navegaci\u00f3n por nuestro sitio web o personalizar mejor su experiencia con nosotros, por ejemplo, no solicit\u00e1ndole que env\u00ede credenciales de inicio de sesi\u00f3n repetidamente o mostr\u00e1ndole contenido dirigido a sus intereses.<br \/>\nLas cookies son peque\u00f1os archivos de datos que se reciben en el terminal desde el sitio web visitado y se usan para registrar ciertas interacciones de la navegaci\u00f3n en un sitio Web almacenando datos que podr\u00e1n ser actualizados y recuperados. Estos archivos se almacenan en el ordenador del usuario y contiene datos an\u00f3nimos que no son perjudiciales para su equipo. Se utilizan para recordar las preferencias del usuario, como el idioma seleccionado, datos de acceso o personalizaci\u00f3n de la p\u00e1gina.<br \/>\nSi dejas un comentario en nuestro sitio puedes elegir guardar tu nombre, direcci\u00f3n de correo electr\u00f3nico y web en cookies. Esto es para tu comodidad, para que no tengas que volver a rellenar tus datos cuando dejes otro comentario. Estas cookies tendr\u00e1n una duraci\u00f3n de un a\u00f1o.<br \/>\nSi tienes una cuenta y te conectas a este sitio, instalaremos una cookie temporal para determinar si tu navegador acepta cookies. Esta cookie no contiene datos personales y se elimina al cerrar el navegador.<br \/>\nCuando inicias sesi\u00f3n, tambi\u00e9n instalaremos varias cookies para guardar tu informaci\u00f3n de inicio de sesi\u00f3n y tus opciones de visualizaci\u00f3n de pantalla. Las cookies de inicio de sesi\u00f3n duran dos d\u00edas, y las cookies de opciones de pantalla duran un a\u00f1o. Si seleccionas \u00abRecordarme\u00bb, tu inicio de sesi\u00f3n perdurar\u00e1 durante dos semanas. Si sales de tu cuenta, las cookies de inicio de sesi\u00f3n se eliminar\u00e1n.<br \/>\nSi editas o publicas un art\u00edculo se guardar\u00e1 una cookie adicional en tu navegador. Esta cookie no incluye datos personales y simplemente indica el ID del art\u00edculo que acabas de editar. Caduca despu\u00e9s de 1 d\u00eda.<br \/>\nSi no desea que se recopile informaci\u00f3n por medio del uso de cookies, existe un procedimiento sencillo en la mayor\u00eda de los navegadores que le permite rechazar cookies autom\u00e1ticamente, o que le da la posibilidad de rechazar o aceptar la transferencia de una cookie en particular, o de cookies de un sitio web determinado, a su ordenador.<br \/>\nSi configura su navegador para que rechace todas las cookies, no podr\u00e1 utilizar nuestros sitios web y aplicaciones que requieran registro o personalizaci\u00f3n como requisito para poder participar. Si decide aceptar nuestras cookies y las de nuestros proveedores de servicios, nos estar\u00e1 otorgando a nosotros y a nuestros proveedores de servicios su consentimiento para establecer cookies en su ordenador. Para obtener m\u00e1s informaci\u00f3n acerca de las cookies y otras herramientas de recopilaci\u00f3n autom\u00e1tica de datos, visite www.allaboutcookies.org.<br \/>\nAl enviarle correos electr\u00f3nicos, estos podr\u00edan incluir una baliza web o una tecnolog\u00eda similar que nos permite saber si recibi\u00f3 o abri\u00f3 el correo electr\u00f3nico y si hizo clic en cualquiera de los enlaces del correo electr\u00f3nico. Puede optar por excluirse de los correos electr\u00f3nicos de marketing.<\/p>\n<p>AVISO LEGAL<\/p>\n<p>1 &#8211; Informaci\u00f3n General<br \/>\nEl sitio web es propiedad de ON-LASER SYSTEMS &#038; APPLICATIONS, S.L. con domicilio en Manresa (Barcelona-Espa\u00f1a), calle Castellbell, n\u00famero 5, con CIF n\u00ba ES-B64251879 e inscrita en el Registro Mercantil de Barcelona, volumen 38.766, folio 60, hoja 330.187-B.<\/p>\n<p>2 &#8211; Objeto<br \/>\nLa presente p\u00e1gina web ha sido creada y dise\u00f1ada para dar a conocer y permitir el acceso general de todos los usuarios de Internet, a la informaci\u00f3n, actividades, productos y servicios diversos, propios o de terceros, ofrecidos por ON-LASER.<br \/>\nEl presente aviso legal recoge las condiciones generales que regulan el acceso y el uso de este sitio web. El uso de la p\u00e1gina web implica la expresa y plena aceptaci\u00f3n de estas condiciones generales en la versi\u00f3n publicada en el momento en que el usuario acceda al mismo, sin perjuicio de las condiciones particulares que pudieran aplicarse a algunos de los servicios concretos del sitio web.<br \/>\nON-LASER se reserva la facultad de realizar, en cualquier momento y sin necesidad de preaviso, cualquier modificaci\u00f3n o actualizaci\u00f3n de los contenidos y servicios, de las presentes disposiciones de acceso y uso y, en general, de cu\u00e1ntos elementos integren el dise\u00f1o y configuraci\u00f3n de su p\u00e1gina web. Por este motivo, se recomienda que el usuario lea detenidamente las condiciones generales cada vez que quiera entrar y hacer uso, ya que \u00e9stas pueden sufrir algunas modificaciones.<\/p>\n<p>3 &#8211; Acceso a la web<br \/>\nEl usuario queda informado i acepta que el acceso a la presente web no supone, de ninguna manera, en inicio de una relaci\u00f3n comercial o de otro tipo con la Empresa. As\u00ed pues, el usuario puede acceder de forma gratuita y libre al \u00e1rea p\u00fablica de la p\u00e1gina web, salvo con respecto al coste de la conexi\u00f3n a trav\u00e9s de la red de telecomunicaciones suministrada por el Proveedor de Acceso a Internet (ISP) contratada para su cuenta.<br \/>\nON-LASER se reserva el derecho a interrumpir el acceso a su p\u00e1gina web en cualquier momento y sin previo aviso, ya sea por motivos de seguridad, de control, de mantenimiento, por errores de suministro el\u00e9ctrico o por cualquier otra causa.<br \/>\nEn consecuencia, en ning\u00fan caso ON-LASER se responsabiliza de las consecuencias de eventuales interrupciones, ya que no puede garantizar la fiabilidad, la disponibilidad, ni la continuidad de su p\u00e1gina web.<br \/>\nPor otra parte, el acceso a determinados servicios es exclusivo para nuestros clientes, para los cuales son requisitos el registro previo y la aceptaci\u00f3n, antes de iniciarse la prestaci\u00f3n, de las condiciones particulares, las cuales sustituir\u00e1n, completar\u00e1n y\/o modificar\u00e1n las establecidas en el presente Aviso Legal.<\/p>\n<p>4 &#8211; Contenido y Uso de la p\u00e1gina web<br \/>\nLos contenidos de la p\u00e1gina web son puestos a disposici\u00f3n del usuario por ON-LASER como informaci\u00f3n propia o en su caso, de terceros. Para ello ON-LASER pondr\u00e1 los medios razonables a su disposici\u00f3n con la finalidad que los contenidos incluidos en su p\u00e1gina web sean exactos y est\u00e9n actualizados.<br \/>\nLa utilizaci\u00f3n de la p\u00e1gina web por cualquier persona ser\u00e1 bajo su exclusiva responsabilidad, seg\u00fan su condici\u00f3n de Usuario y se compromete a no utilizar la informaci\u00f3n, actividades, productos o servicios prestados en la p\u00e1gina web para desarrollar actividades contrarias a las leyes, la moral o el orden p\u00fablico y, en general, a hacer uso conforme a las presentes condiciones generales.<br \/>\nQueda especialmente prohibido el uso de la p\u00e1gina web con finalidades lesivas en los bienes de ON-LASER<br \/>\nON-LASER no ser responsabiliza de las decisiones tomadas a partir de la informaci\u00f3n suministrada en la web ni de los da\u00f1os y perjuicios producidos en el usuario o terceros con motivo de actuaciones que tengan como \u00fanico fundamento la informaci\u00f3n obtenida a trav\u00e9s de la p\u00e1gina web.<br \/>\nON-LASER no se responsabiliza de los da\u00f1os y perjuicios que puedan sufrir los equipos inform\u00e1ticos del usuario porque \u00e9ste haya usado de forma indebida o negligente la p\u00e1gina web.<br \/>\nEl acceso a la p\u00e1gina web no implica la obligaci\u00f3n por parte de ON-LASER de controlar la ausencia de virus o cualquier otro elemento inform\u00e1tico da\u00f1ino. Corresponde al Usuario, en todo caso, la disponibilidad de instrumentos adecuados para la detecci\u00f3n y desinfecci\u00f3n de programas inform\u00e1ticos da\u00f1inos. ON-LASER no se responsabiliza de los da\u00f1os producidos en los equipos inform\u00e1ticos de los Usuarios o de terceros durante la prestaci\u00f3n del servicio de la p\u00e1gina web.<br \/>\nEn cuanto al uso de los servicios interactivos que, en cualquier forma, permitan la divulgaci\u00f3n de contenidos por parte del usuario a trav\u00e9s de la p\u00e1gina web, tales como el foro y, en su caso, aquellos otros que puedan ofrecerse en el futuro, ser\u00e1n conforme a la ley, las presentes condiciones, las condiciones particulares, en su caso, la moral, las buenas costumbres y el orden p\u00fablico.<\/p>\n<p>5 &#8211; Propiedad industrial e intelectual<br \/>\nTodos los derechos de propiedad intelectual e industrial sobre los contenidos y\/o cualquier otro elemento incluido en el sitio web son de titularidad exclusiva de ON-LASER. En este sentido, se constituyen c\u00f3mo obras protegidas por el conjunto de la regulaci\u00f3n espa\u00f1ola y comunitaria en el \u00e1mbito de la propiedad intelectual.<br \/>\nLa empresa no concede licencia de uso o autorizaci\u00f3n alguna sobre sus derechos de propiedad industrial e intelectual o sobre cualquier otra propiedad o derecho relacionado con su p\u00e1gina web, excepto acuerdo expreso con terceros. Los usuarios podr\u00e1n llevar a cabo la reproducci\u00f3n de los contenidos de la p\u00e1gina web con el \u00fanico fin de proceder a su almacenaje, a la realizaci\u00f3n de copias de seguridad o a su impresi\u00f3n sobre papel para uso privado. En ning\u00fan caso ser\u00e1 para desarrollar actividades de car\u00e1cter comercial o profesional, as\u00ed como para la distribuci\u00f3n, modificaci\u00f3n o alteraci\u00f3n.<br \/>\nLa infracci\u00f3n de cualquier de los derechos citados puede constituir una vulneraci\u00f3n de las presentes condiciones, as\u00ed como un delito castigado por el C\u00f3digo Penal.<\/p>\n<p>6 &#8211; Enlaces (links)<br \/>\nLa empresa tendr\u00e1 que autorizar expresamente el establecimiento de links y estos no podr\u00e1n desarrollar actividades o poner dispositivos que sean contrarios a las leyes, la moral o el orden p\u00fablico.<br \/>\nLa presencia de enlaces en la p\u00e1gina web de la empresa tiene finalidad meramente informativa y, en ning\u00fan caso, supone sugerencia, invitaci\u00f3n o recomendaci\u00f3n sobre los mismos. La empresa solo es responsable de este sitio web.<br \/>\nLa empresa se reserva el derecho a eliminar cualquier enlace o programa de enlace en cualquier momento.<\/p>\n<p>7 &#8211; Publicidad<br \/>\nEn caso de permitir la existencia de contenidos publicitarios o patrocinados en la p\u00e1gina web, los anunciantes o patrocinadores ser\u00e1n los \u00fanicos responsables de asegurar que el material remitido para su inclusi\u00f3n en la p\u00e1gina web cumple la normativa que en cada caso pueda ser de aplicaci\u00f3n. ON-LASER no ser\u00e1 responsable de cualquier error, inexactitud o irregularidad que puedan contener los contenidos publicitarios o de los patrocinadores.<\/p>\n<p>8 &#8211; Jurisdicci\u00f3n aplicable y legislaci\u00f3n<br \/>\nLas presentes Condiciones de Acceso quedan sujetas al ordenamiento JUR\u00cdDICO espa\u00f1ol. Para la resoluci\u00f3n de cualquier conflicto que pueda derivarse del acceso a la p\u00e1gina web, el usuario y ON-LASER acuerdan someterse expresamente a los juzgados y tribunales de la ciudad de Manresa, con renuncia a cualquier otro fuero general o especial que les pueda corresponder.<br \/>","protected":false},"excerpt":{"rendered":"<p>POL\u00cdTICA DE PRIVACIDAD Identificaci\u00f3n del titular: Denominaci\u00f3n social: ON-LASER SYSTEMS &#038; APPLICATIONS, S.L. Domicilio social: Manresa (Barcelona-Espa\u00f1a), calle Castellbell, n\u00famero 5 CIF: ES-B64251879 Registro Mercantil de Barcelona, volumen 38.766, folio 60, hoja 330.187-B. E-mail: info @ on-laser.com Nombre de dominio: on-laser.com 1 &#8211; Qu\u00e9 cubre esta declaraci\u00f3n de privacidad Esta declaraci\u00f3n de privacidad explica nuestras [&hellip;]<\/p>\n","protected":false},"author":1,"featured_media":0,"parent":0,"menu_order":0,"comment_status":"closed","ping_status":"closed","template":"","meta":{"footnotes":""},"class_list":["post-102","page","type-page","status-publish","czr-hentry"],"_links":{"self":[{"href":"https:\/\/on-laser.com\/es\/wp-json\/wp\/v2\/pages\/102","targetHints":{"allow":["GET"]}}],"collection":[{"href":"https:\/\/on-laser.com\/es\/wp-json\/wp\/v2\/pages"}],"about":[{"href":"https:\/\/on-laser.com\/es\/wp-json\/wp\/v2\/types\/page"}],"author":[{"embeddable":true,"href":"https:\/\/on-laser.com\/es\/wp-json\/wp\/v2\/users\/1"}],"replies":[{"embeddable":true,"href":"https:\/\/on-laser.com\/es\/wp-json\/wp\/v2\/comments?post=102"}],"version-history":[{"count":1,"href":"https:\/\/on-laser.com\/es\/wp-json\/wp\/v2\/pages\/102\/revisions"}],"predecessor-version":[{"id":103,"href":"https:\/\/on-laser.com\/es\/wp-json\/wp\/v2\/pages\/102\/revisions\/103"}],"wp:attachment":[{"href":"https:\/\/on-laser.com\/es\/wp-json\/wp\/v2\/media?parent=102"}],"curies":[{"name":"wp","href":"https:\/\/api.w.org\/{rel}","templated":true}]}}