{"id":14,"date":"2014-09-12T16:05:54","date_gmt":"2014-09-12T15:05:54","guid":{"rendered":"http:\/\/on-laser.com\/wordpress\/?page_id=14"},"modified":"2020-10-07T11:50:51","modified_gmt":"2020-10-07T10:50:51","slug":"about-us","status":"publish","type":"page","link":"https:\/\/on-laser.com\/es\/about-us\/","title":{"rendered":"Empresa"},"content":{"rendered":"<p><strong><span style=\"color: #ff0000;\">ON-LASER<\/span><\/strong> es una start-up tecnol\u00f3gica&nbsp;centrada en ofrecer tecnolog\u00eda laser y soluciones innovadoras para los sectores industrial y m\u00e9dico.<\/p>\n<p>Situada en el \u00e1rea de Barcelona, la empresa cuenta con un equipo de ingenieros con m\u00e1s de 19 a\u00f1os de experiencia en la tecnolog\u00eda l\u00e1ser, realiza investigaci\u00f3n en la tecnolog\u00eda, desarrolla productos l\u00e1ser, y los comercializa&nbsp;en todo el mundo.<\/p>\n<p>ON-LASER cuenta con la colaboraci\u00f3n de <span style=\"color: #ff0000;\">Parque Tecnol\u00f3gico de La Salle Barcelona<\/span>, <span style=\"color: #ff0000;\">ICFO<\/span> (Instituto de Ciencias Fot\u00f3nicas), se&nbsp;ha financiado con&nbsp;capital riesgo de <span style=\"color: #ff0000;\">La Caixa<\/span>, y ha recibido soporte&nbsp;de varios centros de soporte a la&nbsp;innovaci\u00f3n catalanes y espa\u00f1oles como s\u00f3n&nbsp;<span style=\"color: #ff0000;\">ACC1\u00d3<\/span>, <span style=\"color: #ff0000;\">CEIPAR<\/span>, <span style=\"color: #ff0000;\">CDTI<\/span> y <span style=\"color: #ff0000;\">ENISA<\/span>.<\/p>","protected":false},"excerpt":{"rendered":"<p>ON-LASER es una start-up tecnol\u00f3gica&nbsp;centrada en ofrecer tecnolog\u00eda laser y soluciones innovadoras para los sectores industrial y m\u00e9dico. Situada en el \u00e1rea de Barcelona, la empresa cuenta con un equipo de ingenieros con m\u00e1s de 19 a\u00f1os de experiencia en la tecnolog\u00eda l\u00e1ser, realiza investigaci\u00f3n en la tecnolog\u00eda, desarrolla productos l\u00e1ser, y los comercializa&nbsp;en todo [&hellip;]<\/p>\n","protected":false},"author":1,"featured_media":0,"parent":0,"menu_order":0,"comment_status":"open","ping_status":"closed","template":"","meta":{"footnotes":""},"class_list":["post-14","page","type-page","status-publish","czr-hentry"],"_links":{"self":[{"href":"https:\/\/on-laser.com\/es\/wp-json\/wp\/v2\/pages\/14","targetHints":{"allow":["GET"]}}],"collection":[{"href":"https:\/\/on-laser.com\/es\/wp-json\/wp\/v2\/pages"}],"about":[{"href":"https:\/\/on-laser.com\/es\/wp-json\/wp\/v2\/types\/page"}],"author":[{"embeddable":true,"href":"https:\/\/on-laser.com\/es\/wp-json\/wp\/v2\/users\/1"}],"replies":[{"embeddable":true,"href":"https:\/\/on-laser.com\/es\/wp-json\/wp\/v2\/comments?post=14"}],"version-history":[{"count":9,"href":"https:\/\/on-laser.com\/es\/wp-json\/wp\/v2\/pages\/14\/revisions"}],"predecessor-version":[{"id":209,"href":"https:\/\/on-laser.com\/es\/wp-json\/wp\/v2\/pages\/14\/revisions\/209"}],"wp:attachment":[{"href":"https:\/\/on-laser.com\/es\/wp-json\/wp\/v2\/media?parent=14"}],"curies":[{"name":"wp","href":"https:\/\/api.w.org\/{rel}","templated":true}]}}