{"id":150,"date":"2019-02-13T10:57:18","date_gmt":"2019-02-13T09:57:18","guid":{"rendered":"https:\/\/on-laser.com\/?page_id=150"},"modified":"2019-02-13T12:17:43","modified_gmt":"2019-02-13T11:17:43","slug":"laser-cutting-systems","status":"publish","type":"page","link":"https:\/\/on-laser.com\/es\/laser-cutting-systems\/","title":{"rendered":"Plotters Laser para Corte y Grabado"},"content":{"rendered":"<h1><strong>Sistemas Laser para Corte y Grabado de bajo coste<\/strong><\/h1>\r\n<p>Los sistemas de grabado y corte por l\u00e1ser de bajo coste de <strong><span style=\"color: #ff0000;\">ON-LASER<\/span><\/strong> son una soluci\u00f3n asequible para el procesado de materiales.<\/p>\r\n<p>Pueden cortar y grabar materiales org\u00e1nicos (l\u00e1ser CO<sub>2<\/sub>) o metales (fibra\/diodo) con alta precisi\u00f3n.<\/p>\r\n<p>Las monturas de las \u00f3pticas se han dise\u00f1ado con \u00abfront-reference\u00bb para acelerar el mantenimiento. Estos montajes hacen que sea muy f\u00e1cil reemplazar y limpiar los espejos de guiado del haz laser.<\/p>\r\n<p>ONLASER ofrece una variedad de campos de trabajo, rango de potencia l\u00e1ser y lentes focales para satisfacer todas las necesidades y presupuestos. Los accesorios opcionales permiten procesar piezas de geometr\u00eda diversa.<\/p>\r\n<p>La serie ONLASER CUT para soluciones de corte y grabado es una soluci\u00f3n de bajo coste y soporte de proximidad.<\/p>\r\n<p><strong><span style=\"color:#ff0000;\">Configuraciones disponibles<\/span><\/strong><\/p>\r\n\r\n\r\n\r\n\r\n<figure class=\"wp-block-image\"><img decoding=\"async\" src=\"https:\/\/on-laser.com\/wordpress\/wp-content\/uploads\/2019\/02\/ONLASER_SOLO_CUT_Series_Configuration_options-1.jpg\" alt=\"\" class=\"wp-image-164\"\/><\/figure>","protected":false},"excerpt":{"rendered":"<p>Sistemas Laser para Corte y Grabado de bajo coste Los sistemas de grabado y corte por l\u00e1ser de bajo coste de ON-LASER son una soluci\u00f3n asequible para el procesado de materiales. Pueden cortar y grabar materiales org\u00e1nicos (l\u00e1ser CO2) o metales (fibra\/diodo) con alta precisi\u00f3n. Las monturas de las \u00f3pticas se han dise\u00f1ado con \u00abfront-reference\u00bb [&hellip;]<\/p>\n","protected":false},"author":1,"featured_media":0,"parent":0,"menu_order":0,"comment_status":"closed","ping_status":"closed","template":"","meta":{"footnotes":""},"class_list":["post-150","page","type-page","status-publish","czr-hentry"],"_links":{"self":[{"href":"https:\/\/on-laser.com\/es\/wp-json\/wp\/v2\/pages\/150","targetHints":{"allow":["GET"]}}],"collection":[{"href":"https:\/\/on-laser.com\/es\/wp-json\/wp\/v2\/pages"}],"about":[{"href":"https:\/\/on-laser.com\/es\/wp-json\/wp\/v2\/types\/page"}],"author":[{"embeddable":true,"href":"https:\/\/on-laser.com\/es\/wp-json\/wp\/v2\/users\/1"}],"replies":[{"embeddable":true,"href":"https:\/\/on-laser.com\/es\/wp-json\/wp\/v2\/comments?post=150"}],"version-history":[{"count":7,"href":"https:\/\/on-laser.com\/es\/wp-json\/wp\/v2\/pages\/150\/revisions"}],"predecessor-version":[{"id":168,"href":"https:\/\/on-laser.com\/es\/wp-json\/wp\/v2\/pages\/150\/revisions\/168"}],"wp:attachment":[{"href":"https:\/\/on-laser.com\/es\/wp-json\/wp\/v2\/media?parent=150"}],"curies":[{"name":"wp","href":"https:\/\/api.w.org\/{rel}","templated":true}]}}