{"id":2292,"date":"2025-03-16T13:44:03","date_gmt":"2025-03-16T12:44:03","guid":{"rendered":"https:\/\/on-laser.com\/?page_id=2292"},"modified":"2025-03-16T13:46:29","modified_gmt":"2025-03-16T12:46:29","slug":"nuevo-sistema-laser-de-transferencia-de-imagenes-y-decoloracion","status":"publish","type":"page","link":"https:\/\/on-laser.com\/es\/nuevo-sistema-laser-de-transferencia-de-imagenes-y-decoloracion\/","title":{"rendered":"Nuevo sistema l\u00e1ser de transferencia de im\u00e1genes y decoloraci\u00f3n"},"content":{"rendered":"<p>El proyecto DecolTex (IDI-20240128) ha sido financiado a trav\u00e9s del Centro para el Desarrollo Tecnol\u00f3gico y la Innovaci\u00f3n (CDTI). La ayuda recibida est\u00e1 cofinanciada por el Fondo Europeo de Desarrollo Regional (FEDER).<\/p>\n\n\n\n<p>El proyecto DecolTEX, liderado por ON-LASER SYSTEMS &amp; APPLICATIONS, S.L., busca desarrollar un nuevo sistema l\u00e1ser para la transferencia de im\u00e1genes y decoloraci\u00f3n localizada de tejidos sin da\u00f1arlos. Este sistema pretende superar las limitaciones de los l\u00e1seres utilizados actualmente en la industria textil, mejorando la calidad, productividad y sostenibilidad del proceso. Se desarrollar\u00e1 un nuevo sistema y controlador l\u00e1ser, junto con software de control avanzado, permitiendo triplicar la productividad respecto a los sistemas existentes.<\/p>\n\n\n\n<p>El proyecto se desarrollar\u00e1 en Manresa (Barcelona, Espa\u00f1a), y est\u00e1 enfocado a la industria textil a nivel nacional e internacional, con aplicaciones directas en fabricantes de jeans y prendas te\u00f1idas.<\/p>\n\n\n\n<p>Plazo de ejecuci\u00f3n del proyecto: 01\/11\/2023 a 30\/06\/2026<br>Presupuesto o inversi\u00f3n total de ejecuci\u00f3n del proyecto: 576.654,00 \u20ac<br>Ayuda UE: 175.083,57 \u20ac<\/p>\n\n\n\n<p>27 de febrero de 2025<\/p>\n\n\n\n<figure class=\"wp-block-image size-full\"><a href=\"https:\/\/on-laser.com\/wordpress\/wp-content\/uploads\/2025\/03\/banner_FEDER_CDTI.png\"><img loading=\"lazy\" decoding=\"async\" width=\"956\" height=\"56\" src=\"https:\/\/on-laser.com\/wordpress\/wp-content\/uploads\/2025\/03\/banner_FEDER_CDTI.png\" alt=\"Financiado por la Uni\u00f3n Europea, Ministerio de Hacienda, Fondos Europeos, Ministerio de Ciencia Innovaci\u00f3n y Universidades, CDTI\" class=\"wp-image-2293\" srcset=\"https:\/\/on-laser.com\/wordpress\/wp-content\/uploads\/2025\/03\/banner_FEDER_CDTI.png 956w, https:\/\/on-laser.com\/wordpress\/wp-content\/uploads\/2025\/03\/banner_FEDER_CDTI-300x18.png 300w, https:\/\/on-laser.com\/wordpress\/wp-content\/uploads\/2025\/03\/banner_FEDER_CDTI-768x45.png 768w\" sizes=\"auto, (max-width: 956px) 100vw, 956px\" \/><\/a><\/figure>\n\n\n\n<p>###<\/p>","protected":false},"excerpt":{"rendered":"<p>El proyecto DecolTex (IDI-20240128) ha sido financiado a trav\u00e9s del Centro para el Desarrollo Tecnol\u00f3gico y la Innovaci\u00f3n (CDTI). La ayuda recibida est\u00e1 cofinanciada por el Fondo Europeo de Desarrollo Regional (FEDER). El proyecto DecolTEX, liderado por ON-LASER SYSTEMS &amp; APPLICATIONS, S.L., busca desarrollar un nuevo sistema l\u00e1ser para la transferencia de im\u00e1genes y decoloraci\u00f3n [&hellip;]<\/p>\n","protected":false},"author":1,"featured_media":0,"parent":0,"menu_order":0,"comment_status":"closed","ping_status":"closed","template":"","meta":{"footnotes":""},"class_list":["post-2292","page","type-page","status-publish","czr-hentry"],"_links":{"self":[{"href":"https:\/\/on-laser.com\/es\/wp-json\/wp\/v2\/pages\/2292","targetHints":{"allow":["GET"]}}],"collection":[{"href":"https:\/\/on-laser.com\/es\/wp-json\/wp\/v2\/pages"}],"about":[{"href":"https:\/\/on-laser.com\/es\/wp-json\/wp\/v2\/types\/page"}],"author":[{"embeddable":true,"href":"https:\/\/on-laser.com\/es\/wp-json\/wp\/v2\/users\/1"}],"replies":[{"embeddable":true,"href":"https:\/\/on-laser.com\/es\/wp-json\/wp\/v2\/comments?post=2292"}],"version-history":[{"count":2,"href":"https:\/\/on-laser.com\/es\/wp-json\/wp\/v2\/pages\/2292\/revisions"}],"predecessor-version":[{"id":2295,"href":"https:\/\/on-laser.com\/es\/wp-json\/wp\/v2\/pages\/2292\/revisions\/2295"}],"wp:attachment":[{"href":"https:\/\/on-laser.com\/es\/wp-json\/wp\/v2\/media?parent=2292"}],"curies":[{"name":"wp","href":"https:\/\/api.w.org\/{rel}","templated":true}]}}