{"id":32,"date":"2014-09-12T16:35:58","date_gmt":"2014-09-12T16:35:58","guid":{"rendered":"http:\/\/on-laser.com\/wordpress\/?page_id=32"},"modified":"2025-03-16T14:37:14","modified_gmt":"2025-03-16T13:37:14","slug":"laser-mechanisms-beam-delivery-solutions","status":"publish","type":"page","link":"https:\/\/on-laser.com\/es\/laser-mechanisms-beam-delivery-solutions\/","title":{"rendered":"Laser Mech Soluciones de Guiado de Haz Laser"},"content":{"rendered":"&nbsp;<\/p>\n<h1><strong>Soluciones Avanzadas de Guiado de Haz Laser<\/strong><\/h1>\n<p><a href=\"http:\/\/www.lasermech.com\/\"><img loading=\"lazy\" decoding=\"async\" class=\"alignleft size-full wp-image-182\" src=\"https:\/\/on-laser.com\/wordpress\/wp-content\/uploads\/2025\/03\/Laser-Mech-Logo.png\" alt=\"Laser_Mechanisms_logo\" width=\"201\" height=\"110\" \/><\/a>Laser Mechanisms es reconocida como l\u00edder mundial en el dise\u00f1o y fabricaci\u00f3n de componentes de guiado de haz l\u00e1ser y sistemas de brazos articulados, distribuidos en Espa\u00f1a por ON-LASER.<\/p>\n<p>Los productos Laser Mechanisms se utilizan en todo tipo de aplicaciones industriales incluyendo el corte, soldadura, perforaci\u00f3n, trazado, tratamiento de superficies y otros procesos. Los productos se utilizan con cada tipo de l\u00e1ser, incluyendo CO<sub>2<\/sub>, Nd:YAG, l\u00e1ser de fibra y otros.<\/p>\n<p>Con los a\u00f1os la compa\u00f1\u00eda ha introducido muchas innovaciones para mejorar el rendimiento, la seguridad, la capacidad, facilidad de uso y la rentabilidad del procesado con l\u00e1ser.<\/p>\n<p>Una de estas innovaciones es el soporte de lente estilo \u00abcartucho\u00bb. Estos soportes hacen que sea muy f\u00e1cil de cambiar, reemplazar y limpiar la lente de enfoque en un cabezal l\u00e1ser. Tambi\u00e9n es posible combinar m\u00e1s de uno de estos cartuchos dentro de un solo conjunto para permitir el uso de diferentes longitudes focales para diferentes aplicaciones de l\u00e1ser con un s\u00f3lo cabezal.<\/p>\n<p>Laser Mechanisms tambi\u00e9n ofrece una variedad de soluciones flexibles para conectar l\u00e1seres de CO<sub>2<\/sub> industriales comunes a una variedad de sistemas de movimiento. Utilizando nuestra tecnolog\u00eda m\u00e1s que probada de brazo articulado, estos sistemas ofrecen la \u00fanica soluci\u00f3n integrable de guiado de haz laser llave en mano de la industria &#8211; ya sea para robots o plotters de corte.<\/p>\n<p>En Laser Mechanisms hemos estado proporcionando soluciones para el guiado de rayos l\u00e1ser industriales desde hace m\u00e1s de 30 a\u00f1os, d\u00e9jenos ofrecerle una soluci\u00f3n para usted hoy.<\/p>\n<p><a title=\"Laser Mechanisms web site\" href=\"http:\/\/www.lasermech.com\/\" target=\"_blank\" rel=\"noopener\">Haga clic en este enlace para visitar el sitio web de Laser Mechanisms.<\/a><\/p>\n<p>&nbsp;<\/p>\n<p style=\"text-align: center;\">","protected":false},"excerpt":{"rendered":"<p>&nbsp; Soluciones Avanzadas de Guiado de Haz Laser Laser Mechanisms es reconocida como l\u00edder mundial en el dise\u00f1o y fabricaci\u00f3n de componentes de guiado de haz l\u00e1ser y sistemas de brazos articulados, distribuidos en Espa\u00f1a por ON-LASER. Los productos Laser Mechanisms se utilizan en todo tipo de aplicaciones industriales incluyendo el corte, soldadura, perforaci\u00f3n, trazado, [&hellip;]<\/p>\n","protected":false},"author":1,"featured_media":39,"parent":0,"menu_order":0,"comment_status":"open","ping_status":"open","template":"","meta":{"footnotes":""},"class_list":["post-32","page","type-page","status-publish","has-post-thumbnail","czr-hentry"],"_links":{"self":[{"href":"https:\/\/on-laser.com\/es\/wp-json\/wp\/v2\/pages\/32","targetHints":{"allow":["GET"]}}],"collection":[{"href":"https:\/\/on-laser.com\/es\/wp-json\/wp\/v2\/pages"}],"about":[{"href":"https:\/\/on-laser.com\/es\/wp-json\/wp\/v2\/types\/page"}],"author":[{"embeddable":true,"href":"https:\/\/on-laser.com\/es\/wp-json\/wp\/v2\/users\/1"}],"replies":[{"embeddable":true,"href":"https:\/\/on-laser.com\/es\/wp-json\/wp\/v2\/comments?post=32"}],"version-history":[{"count":9,"href":"https:\/\/on-laser.com\/es\/wp-json\/wp\/v2\/pages\/32\/revisions"}],"predecessor-version":[{"id":2309,"href":"https:\/\/on-laser.com\/es\/wp-json\/wp\/v2\/pages\/32\/revisions\/2309"}],"wp:featuredmedia":[{"embeddable":true,"href":"https:\/\/on-laser.com\/es\/wp-json\/wp\/v2\/media\/39"}],"wp:attachment":[{"href":"https:\/\/on-laser.com\/es\/wp-json\/wp\/v2\/media?parent=32"}],"curies":[{"name":"wp","href":"https:\/\/api.w.org\/{rel}","templated":true}]}}