{"id":34,"date":"2014-09-12T16:37:10","date_gmt":"2014-09-12T16:37:10","guid":{"rendered":"http:\/\/on-laser.com\/wordpress\/?page_id=34"},"modified":"2025-03-16T14:31:27","modified_gmt":"2025-03-16T13:31:27","slug":"optics-components","status":"publish","type":"page","link":"https:\/\/on-laser.com\/es\/optics-components\/","title":{"rendered":"Opticas y Componentes"},"content":{"rendered":"<span style=\"color: #3366ff;\"><strong><img loading=\"lazy\" decoding=\"async\" class=\"alignleft size-thumbnail wp-image-188\" src=\"https:\/\/on-laser.com\/wordpress\/wp-content\/uploads\/2025\/03\/DALL\u00b7E-2025-03-16-14.23.29-A-realistic-close-up-of-several-ZnSe-lenses-with-a-distinct-yellowish-tint-featuring-standard-plano-convex-and-plano-concave-shapes-arranged-on-a-bl.webp\" alt=\"CO2 focusing lens\" width=\"150\" height=\"150\" \/> <span style=\"color: #ff0000;\">ON-LASER<\/span><\/strong><\/span>puede suministrar una amplia gama de componentes \u00f3pticos de alta precisi\u00f3n para laser, de bajo coste, incluyendo lentes, espejos, \u00f3pticas de cavidad, lentes Ftheta, objetivos telec\u00e9ntricos, colimadores de haz, ventanas de protecci\u00f3n, prismas, divisores de haz, espejos de escaneo, sistemas de escaneo 2D y 3D para l\u00e1seres de CO<sub>2<\/sub>, Nd:YAG, fibra, etc., \u00f3pticas para sistemas de visi\u00f3n artifical, y muchos otros, con los \u00faltimos revestimientos de alto rendimiento como AR\/AR para l\u00e1seres de alta potencia.<\/p>\n<p>&nbsp;<\/p>\n<p>&nbsp;<\/p>\n<p><span style=\"color: #ff0000;\"><strong>ON-LASER<\/strong><\/span> tambi\u00e9n distribuye la gama de sistemas de guiado de haz laser de <a title=\"Laser Mechanisms Beam Delivery Solutions\" href=\"https:\/\/on-laser.com\/laser-mechanisms-beam-delivery-solutions\/\">Laser Mechanisms<\/a> para aplicaciones industriales 2D y 3D.<\/p>\n<p>&nbsp;","protected":false},"excerpt":{"rendered":"<p>ON-LASERpuede suministrar una amplia gama de componentes \u00f3pticos de alta precisi\u00f3n para laser, de bajo coste, incluyendo lentes, espejos, \u00f3pticas de cavidad, lentes Ftheta, objetivos telec\u00e9ntricos, colimadores de haz, ventanas de protecci\u00f3n, prismas, divisores de haz, espejos de escaneo, sistemas de escaneo 2D y 3D para l\u00e1seres de CO2, Nd:YAG, fibra, etc., \u00f3pticas para sistemas [&hellip;]<\/p>\n","protected":false},"author":1,"featured_media":0,"parent":0,"menu_order":0,"comment_status":"open","ping_status":"open","template":"","meta":{"footnotes":""},"class_list":["post-34","page","type-page","status-publish","czr-hentry"],"_links":{"self":[{"href":"https:\/\/on-laser.com\/es\/wp-json\/wp\/v2\/pages\/34","targetHints":{"allow":["GET"]}}],"collection":[{"href":"https:\/\/on-laser.com\/es\/wp-json\/wp\/v2\/pages"}],"about":[{"href":"https:\/\/on-laser.com\/es\/wp-json\/wp\/v2\/types\/page"}],"author":[{"embeddable":true,"href":"https:\/\/on-laser.com\/es\/wp-json\/wp\/v2\/users\/1"}],"replies":[{"embeddable":true,"href":"https:\/\/on-laser.com\/es\/wp-json\/wp\/v2\/comments?post=34"}],"version-history":[{"count":6,"href":"https:\/\/on-laser.com\/es\/wp-json\/wp\/v2\/pages\/34\/revisions"}],"predecessor-version":[{"id":2304,"href":"https:\/\/on-laser.com\/es\/wp-json\/wp\/v2\/pages\/34\/revisions\/2304"}],"wp:attachment":[{"href":"https:\/\/on-laser.com\/es\/wp-json\/wp\/v2\/media?parent=34"}],"curies":[{"name":"wp","href":"https:\/\/api.w.org\/{rel}","templated":true}]}}