{"id":42,"date":"2014-09-13T11:07:21","date_gmt":"2014-09-13T11:07:21","guid":{"rendered":"http:\/\/on-laser.com\/wordpress\/?page_id=42"},"modified":"2025-03-16T14:17:11","modified_gmt":"2025-03-16T13:17:11","slug":"decork-cork-stoppers-laser-marking-systems","status":"publish","type":"page","link":"https:\/\/on-laser.com\/es\/decork-cork-stoppers-laser-marking-systems\/","title":{"rendered":"D\u00e9cork&#x2122; Marcadoras Laser para Tapones de Corcho"},"content":{"rendered":"<span style=\"color: #ff0000;\"><strong>ON-LASER<\/strong><\/span>\u00a0ha dise\u00f1ado y desarrollado una tecnolog\u00eda l\u00e1ser \u00fanica y software para marcar tapones de corcho mediante l\u00e1ser, dividida en varios modelos que responden a las necesidades particular, en t\u00e9rminos de caracter\u00edsticas y productividad.<\/p>\n<p><span style=\"color: #ff0000;\"><strong>Sitio web del producto:<\/strong><\/span><\/p>\n<p>M\u00e1s informaci\u00f3n disponible en el sitio web del producto:\u00a0<a href=\"https:\/\/decork.net\/\">https:\/\/decork.net\/<\/a><\/p>\n<p><img loading=\"lazy\" decoding=\"async\" class=\"alignnone size-full wp-image-46\" src=\"http:\/\/on-laser.com\/wordpress\/wp-content\/uploads\/2014\/09\/DK-0026-300x300.jpg\" alt=\"Tap\u00f3n de corcho marcado a laser\" width=\"300\" height=\"300\" srcset=\"https:\/\/on-laser.com\/wordpress\/wp-content\/uploads\/2014\/09\/DK-0026-300x300.jpg 300w, https:\/\/on-laser.com\/wordpress\/wp-content\/uploads\/2014\/09\/DK-0026-300x300-150x150.jpg 150w\" sizes=\"auto, (max-width: 300px) 100vw, 300px\" \/><\/p>\n<p><strong><span style=\"color: #ff0000;\">Productos:<\/span><\/strong><\/p>\n<p>La siguiente tabla muestra qu\u00e9 productos son capaces de marcar en el cuerpo de los tapones de corcho, o en las cabezas, o en ambos.<\/p>\n<table border=\"0\" width=\"443\" cellspacing=\"0\" cellpadding=\"0\">\n<colgroup>\n<col width=\"203\" \/>\n<col span=\"3\" width=\"80\" \/> <\/colgroup>\n<tbody>\n<tr>\n<td width=\"203\" height=\"20\"><\/td>\n<td style=\"text-align: center;\" width=\"80\"><strong>Cuerpo<\/strong><\/td>\n<td style=\"text-align: center;\" width=\"80\"><strong>Cabezas<\/strong><\/td>\n<td style=\"text-align: center;\" width=\"80\"><strong>Cuerpo y Cabezas<\/strong><\/td>\n<\/tr>\n<tr>\n<td style=\"text-align: center;\" width=\"203\" height=\"20\"><strong><span style=\"color: #ff0000;\">D\u00e9cork ONE hybrid <\/span><\/strong>Laser Series (<span style=\"color: #ff0000;\">new<\/span>)<\/td>\n<td style=\"text-align: center;\"><\/td>\n<td style=\"text-align: center;\"><\/td>\n<td style=\"text-align: center;\"><strong>\u221a<\/strong><\/td>\n<\/tr>\n<tr>\n<td style=\"text-align: center;\" width=\"203\" height=\"20\"><strong><span style=\"color: #ff0000;\">D\u00e9cork SOLO mini <\/span><\/strong>Laser Series<\/td>\n<td style=\"text-align: center;\"><strong> \u221a<\/strong><\/td>\n<td style=\"text-align: center;\"><\/td>\n<td style=\"text-align: center;\"><\/td>\n<\/tr>\n<tr>\n<td style=\"text-align: center;\" width=\"203\" height=\"20\"><strong><span style=\"color: #ff0000;\">D\u00e9cork SOLO <em>flex <\/em><\/span><\/strong>Laser Series<\/td>\n<td style=\"text-align: center;\"><strong>\u00a0<\/strong><\/td>\n<td style=\"text-align: center;\"><\/td>\n<td style=\"text-align: center;\"><strong>\u221a*<\/strong><\/td>\n<\/tr>\n<tr>\n<td style=\"text-align: center;\" width=\"203\" height=\"20\"><strong><span style=\"color: #ff0000;\">D\u00e9cork DUO <\/span><\/strong>Laser Series<\/td>\n<td style=\"text-align: center;\"><\/td>\n<td style=\"text-align: center;\"><strong>\u221a<\/strong><\/td>\n<td style=\"text-align: center;\"><\/td>\n<\/tr>\n<tr>\n<td style=\"text-align: center;\" width=\"203\" height=\"20\"><strong><span style=\"color: #ff0000;\">D\u00e9cork DUO <em>flex <\/em><\/span><\/strong>Laser Series<\/td>\n<td style=\"text-align: center;\"><\/td>\n<td style=\"text-align: center;\"><\/td>\n<td style=\"text-align: center;\"><strong>\u221a<\/strong><\/td>\n<\/tr>\n<tr>\n<td style=\"text-align: center;\" width=\"203\" height=\"20\"><strong><span style=\"color: #ff0000;\">D\u00e9cork QUAD\u00a0<\/span><\/strong>Laser Series<\/td>\n<td style=\"text-align: center;\"><strong>\u221a<\/strong><\/td>\n<td style=\"text-align: center;\"><\/td>\n<td><\/td>\n<\/tr>\n<tr>\n<td style=\"text-align: center;\" width=\"203\" height=\"20\"><strong><span style=\"color: #ff0000;\">D\u00e9cork Q4003 <\/span><\/strong>Laser Series<\/td>\n<td style=\"text-align: center;\"><strong>\u221a<\/strong><\/td>\n<td style=\"text-align: center;\"><\/td>\n<td style=\"text-align: center;\"><\/td>\n<\/tr>\n<tr>\n<td style=\"text-align: center;\" width=\"203\" height=\"20\"><strong><span style=\"color: #ff0000;\">D\u00e9cork OMNI <\/span><\/strong>Laser Series (<span style=\"color: #ff0000;\">new<\/span>)<\/td>\n<td style=\"text-align: center;\"><\/td>\n<td style=\"text-align: center;\"><\/td>\n<td style=\"text-align: center;\"><strong>\u221a<\/strong><\/td>\n<\/tr>\n<\/tbody>\n<\/table>\n<p>*Marca en cuerpo y cabezas, pero no al mismo tiempo. El usuario deber\u00e1 establecer una u otra configuraci\u00f3n antes de empezar.<\/p>\n<p>Todos ellos comparten la misma tecnolog\u00eda patentada, lo que permite el marcado digital l\u00e1ser de las im\u00e1genes y c\u00f3digos en cada tap\u00f3n de corcho.<\/p>\n<p>Cont\u00e1ctenos para obtener m\u00e1s informaci\u00f3n sobre el producto.<\/p>\n<p style=\"text-align: center;\"><img loading=\"lazy\" decoding=\"async\" class=\"aligncenter size-full wp-image-206\" src=\"http:\/\/decork3dviewer.com\/wp-content\/uploads\/2013\/11\/Decork_Q4000_2013_specs.jpg\" alt=\"D\u00e9cork Q4003 2013 brief datasheet\" width=\"1280\" height=\"347\" \/><\/p>\n<p style=\"text-align: center;\"><img loading=\"lazy\" decoding=\"async\" class=\"aligncenter size-full wp-image-210\" src=\"http:\/\/decork3dviewer.com\/wp-content\/uploads\/2013\/11\/Decork_DUO_flex_2013_specs.jpg\" alt=\"D\u00e9cork DUO flex 2013 brief datasheet\" width=\"1280\" height=\"349\" \/><\/p>\n<p style=\"text-align: center;\"><img loading=\"lazy\" decoding=\"async\" class=\"aligncenter size-full wp-image-203\" src=\"http:\/\/decork3dviewer.com\/wp-content\/uploads\/2013\/11\/Decork_DUO_2013_specs.jpg\" alt=\"D\u00e9cork DUO brief datasheet\" width=\"1280\" height=\"339\" \/><\/p>\n<p style=\"text-align: center;\"><img loading=\"lazy\" decoding=\"async\" class=\"aligncenter size-full wp-image-208\" src=\"http:\/\/decork3dviewer.com\/wp-content\/uploads\/2013\/11\/Decork_SOLO_flex_2013_specs.jpg\" alt=\"D\u00e9cork SOLO flex 2013 brief datasheet\" width=\"1280\" height=\"348\" \/><\/p>\n<p style=\"text-align: center;\"><img loading=\"lazy\" decoding=\"async\" class=\"aligncenter size-full wp-image-207\" src=\"http:\/\/decork3dviewer.com\/wp-content\/uploads\/2013\/11\/Decork_SOLO_2013_specs.jpg\" alt=\"D\u00e9cork SOLO 2013 brief datasheet\" width=\"1280\" height=\"346\" \/><\/p>","protected":false},"excerpt":{"rendered":"<p>ON-LASER\u00a0ha dise\u00f1ado y desarrollado una tecnolog\u00eda l\u00e1ser \u00fanica y software para marcar tapones de corcho mediante l\u00e1ser, dividida en varios modelos que responden a las necesidades particular, en t\u00e9rminos de caracter\u00edsticas y productividad. Sitio web del producto: M\u00e1s informaci\u00f3n disponible en el sitio web del producto:\u00a0https:\/\/decork.net\/ Productos: La siguiente tabla muestra qu\u00e9 productos son capaces [&hellip;]<\/p>\n","protected":false},"author":1,"featured_media":46,"parent":0,"menu_order":0,"comment_status":"open","ping_status":"open","template":"","meta":{"footnotes":""},"class_list":["post-42","page","type-page","status-publish","has-post-thumbnail","czr-hentry"],"_links":{"self":[{"href":"https:\/\/on-laser.com\/es\/wp-json\/wp\/v2\/pages\/42","targetHints":{"allow":["GET"]}}],"collection":[{"href":"https:\/\/on-laser.com\/es\/wp-json\/wp\/v2\/pages"}],"about":[{"href":"https:\/\/on-laser.com\/es\/wp-json\/wp\/v2\/types\/page"}],"author":[{"embeddable":true,"href":"https:\/\/on-laser.com\/es\/wp-json\/wp\/v2\/users\/1"}],"replies":[{"embeddable":true,"href":"https:\/\/on-laser.com\/es\/wp-json\/wp\/v2\/comments?post=42"}],"version-history":[{"count":19,"href":"https:\/\/on-laser.com\/es\/wp-json\/wp\/v2\/pages\/42\/revisions"}],"predecessor-version":[{"id":2948,"href":"https:\/\/on-laser.com\/es\/wp-json\/wp\/v2\/pages\/42\/revisions\/2948"}],"wp:featuredmedia":[{"embeddable":true,"href":"https:\/\/on-laser.com\/es\/wp-json\/wp\/v2\/media\/46"}],"wp:attachment":[{"href":"https:\/\/on-laser.com\/es\/wp-json\/wp\/v2\/media?parent=42"}],"curies":[{"name":"wp","href":"https:\/\/api.w.org\/{rel}","templated":true}]}}