{"id":47,"date":"2022-10-11T18:00:28","date_gmt":"2022-10-11T17:00:28","guid":{"rendered":"http:\/\/on-laser.com\/wordpress\/?page_id=47"},"modified":"2024-06-13T12:22:10","modified_gmt":"2024-06-13T11:22:10","slug":"e-qube","status":"publish","type":"page","link":"https:\/\/on-laser.com\/es\/e-qube\/","title":{"rendered":"e-QUBE Sistemas de Marcaje Laser para Textil y Cuero"},"content":{"rendered":"<a href=\"https:\/\/on-laser.com\/wordpress\/wp-content\/uploads\/2022\/10\/Logo_e-QUBE_LR.png\"><img loading=\"lazy\" decoding=\"async\" class=\"alignnone  wp-image-52\" src=\"https:\/\/on-laser.com\/wordpress\/wp-content\/uploads\/2022\/10\/Logo_e-QUBE_LR.png\" alt=\"Logo_e-QUBE_Laser\" width=\"200\" height=\"50\"><\/a><a href=\"http:\/\/on-laser.com\/wordpress\/wp-content\/uploads\/2014\/09\/Banner_blasted_jeans_2.jpg\"><img loading=\"lazy\" decoding=\"async\" class=\"alignnone  wp-image-58\" src=\"http:\/\/on-laser.com\/wordpress\/wp-content\/uploads\/2014\/09\/Banner_blasted_jeans_2-300x101.jpg\" alt=\"Banner_blasted_jeans_2\" width=\"223\" height=\"75\" srcset=\"https:\/\/on-laser.com\/wordpress\/wp-content\/uploads\/2014\/09\/Banner_blasted_jeans_2-300x101.jpg 300w, https:\/\/on-laser.com\/wordpress\/wp-content\/uploads\/2014\/09\/Banner_blasted_jeans_2.jpg 399w\" sizes=\"auto, (max-width: 223px) 100vw, 223px\" \/><\/a><\/p>\n<div class=\"elementToProof ContentPasted14\">La nueva y revolucionaria serie de&nbsp;<b>sistemas laser e-QUBE<\/b>&nbsp;proporciona un m\u00e9todo \u00fanico y de alta definici\u00f3n para desgastar jeans y marcar im\u00e1genes en textiles o cuero.<\/div>\n<div class=\"elementToProof ContentPasted14\">\n<div class=\"ContentPasted14\">\n<ul>\n<li class=\"elementToProof\"><b>Desgaste l\u00e1ser digital&nbsp;<\/b>real, la tecnolog\u00eda l\u00e1ser evita el uso de lijado manual y el proceso de pulverizaci\u00f3n de PP.<\/li>\n<li class=\"ContentPasted14\">Agregue&nbsp;<b>trazabilidad&nbsp;<\/b>e&nbsp;<b>informaci\u00f3n \u00fanica\/variable&nbsp;<\/b>a cada prenda individual.<\/li>\n<li class=\"ContentPasted14\">Se garantiza el&nbsp;<b>mejor costo de propiedad&nbsp;<\/b>en su clase sin necesidad de consumibles costosos (arena, materiales abrasivos, productos qu\u00edmicos) y con un mantenimiento m\u00ednimo requerido, mientras se reduce el tiempo de procesamiento y el espacio en planta.<\/li>\n<li class=\"ContentPasted14\">Dise\u00f1e, produzca, entregue:&nbsp;<b>reduzca el tiempo de entrega&nbsp;<\/b>y procesamiento al entregar los pedidos el mismo d\u00eda.<\/li>\n<li class=\"ContentPasted14\"><b>Alta productividad<\/b>: aumentando sustancialmente la capacidad de producci\u00f3n en comparaci\u00f3n con los procesos qu\u00edmicos. Proceso continuo de cambio de marca. Muestras individuales \/ producciones muy cortas nunca han sido tan f\u00e1ciles de hacer, sin costo adicional.<\/li>\n<li class=\"ContentPasted14\"><b>Control total<\/b>: cree dise\u00f1os de marca internamente en segundos y prep\u00e1relos para la producci\u00f3n. Integrar el control del proceso de branding en el panel de control del sistema de informaci\u00f3n de la empresa.<\/li>\n<li class=\"ContentPasted14\">Un l\u00e1ser no solo es&nbsp;<b>respetuoso con el medio ambiente<\/b>, sino que tambi\u00e9n es amable con los miembros del equipo responsables del proceso de acabado, al eliminar los tintes, disolventes o productos qu\u00edmicos que se suelen utilizar en los procesos tradicionales.<\/li>\n<li class=\"ContentPasted14\">Los sistemas de la serie e-QUBE brindan una&nbsp;<b>soluci\u00f3n comprobada, robusta y duradera para a\u00f1os&nbsp;<\/b>de producci\u00f3n sin problemas. Adem\u00e1s, son capaces de trabajar con dise\u00f1os complejos e&nbsp;<b>im\u00e1genes de alta resoluci\u00f3n&nbsp;<\/b>para mantenerse al d\u00eda con las \u00faltimas tendencias de la industria de la moda.<\/li>\n<\/ul>\n<div>Los&nbsp;<b>sistemas laser e-QUBE&nbsp;<\/b>y la tecnolog\u00eda est\u00e1n&nbsp;<b>protegidos por patentes<\/b>, impulsados \u200b\u200bpor la tecnolog\u00eda&nbsp;<b>ON-LASER<sup class=\"ContentPasted0 ContentPasted5 ContentPasted15\">TM<\/sup><\/b>.<\/div>\n<\/div>\n<div><\/div>\n<div><\/div>\n<p>Complete el siguiente formulario para descargar la hoja de datos:<\/p>\n<\/div>\n\n<div class=\"wpcf7 no-js\" id=\"wpcf7-f339-o3\" lang=\"en-US\" dir=\"ltr\" data-wpcf7-id=\"339\">\n<div class=\"screen-reader-response\"><p role=\"status\" aria-live=\"polite\" aria-atomic=\"true\"><\/p> <ul><\/ul><\/div>\n<form action=\"\/es\/wp-json\/wp\/v2\/pages\/47#wpcf7-f339-o3\" method=\"post\" class=\"wpcf7-form init\" aria-label=\"Contact form\" novalidate=\"novalidate\" data-status=\"init\">\n<fieldset class=\"hidden-fields-container\"><input type=\"hidden\" name=\"_wpcf7\" value=\"339\" \/><input type=\"hidden\" name=\"_wpcf7_version\" value=\"6.1.4\" \/><input type=\"hidden\" name=\"_wpcf7_locale\" value=\"en_US\" \/><input type=\"hidden\" name=\"_wpcf7_unit_tag\" value=\"wpcf7-f339-o3\" \/><input type=\"hidden\" name=\"_wpcf7_container_post\" value=\"0\" \/><input type=\"hidden\" name=\"_wpcf7_posted_data_hash\" value=\"\" \/><input type=\"hidden\" name=\"_wpcf7_recaptcha_response\" value=\"\" \/>\n<\/fieldset>\n<p><strong>Nombre<\/strong> (obligatorio)\n<\/p>\n<p><span class=\"wpcf7-form-control-wrap\" data-name=\"your-name\"><input size=\"40\" maxlength=\"400\" class=\"wpcf7-form-control wpcf7-text wpcf7-validates-as-required\" aria-required=\"true\" aria-invalid=\"false\" value=\"\" type=\"text\" name=\"your-name\" \/><\/span>\n<\/p>\n<p><strong>Empresa<\/strong> (obligatorio)\n<\/p>\n<p><span class=\"wpcf7-form-control-wrap\" data-name=\"company\"><input size=\"40\" maxlength=\"400\" class=\"wpcf7-form-control wpcf7-text wpcf7-validates-as-required\" aria-required=\"true\" aria-invalid=\"false\" value=\"\" type=\"text\" name=\"company\" \/><\/span>\n<\/p>\n<p><strong>Email<\/strong> (obligatorio)\n<\/p>\n<p><span class=\"wpcf7-form-control-wrap\" data-name=\"your-email\"><input size=\"40\" maxlength=\"400\" class=\"wpcf7-form-control wpcf7-email wpcf7-validates-as-required wpcf7-text wpcf7-validates-as-email\" aria-required=\"true\" aria-invalid=\"false\" value=\"\" type=\"email\" name=\"your-email\" \/><\/span>\n<\/p>\n<p><strong>Tel\u00e9fono<\/strong> (obligatorio)\n<\/p>\n<p><span class=\"wpcf7-form-control-wrap\" data-name=\"tel-495\"><input size=\"40\" maxlength=\"400\" class=\"wpcf7-form-control wpcf7-tel wpcf7-validates-as-required wpcf7-text wpcf7-validates-as-tel\" aria-required=\"true\" aria-invalid=\"false\" value=\"\" type=\"tel\" name=\"tel-495\" \/><\/span>\n<\/p>\n<p><span class=\"wpcf7-form-control-wrap\" data-name=\"acceptance-605\"><span class=\"wpcf7-form-control wpcf7-acceptance\"><span class=\"wpcf7-list-item\"><label><input type=\"checkbox\" name=\"acceptance-605\" value=\"1\" aria-invalid=\"false\" \/><span class=\"wpcf7-list-item-label\">Reconozco haber le\u00eddo y acepto la Pol\u00edtica de privacidad (<a href=\"https:\/\/on-laser.com\/politica-de-privacidad-y-aviso-legal\/\" target=\"_blank\">Politica de privacidad y aviso legal<\/a>) bajo el cual ON-LASER utilizar\u00e1 mis Datos Personales.<\/span><\/label><\/span><\/span><\/span>\n<\/p>\n<p><input class=\"wpcf7-form-control wpcf7-submit has-spinner\" type=\"submit\" value=\"Enviar &gt;&gt;\" \/>\n<\/p><div class=\"wpcf7-response-output\" aria-hidden=\"true\"><\/div>\n<\/form>\n<\/div>","protected":false},"excerpt":{"rendered":"<p>La nueva y revolucionaria serie de&nbsp;sistemas laser e-QUBE&nbsp;proporciona un m\u00e9todo \u00fanico y de alta definici\u00f3n para desgastar jeans y marcar im\u00e1genes en textiles o cuero. Desgaste l\u00e1ser digital&nbsp;real, la tecnolog\u00eda l\u00e1ser evita el uso de lijado manual y el proceso de pulverizaci\u00f3n de PP. Agregue&nbsp;trazabilidad&nbsp;e&nbsp;informaci\u00f3n \u00fanica\/variable&nbsp;a cada prenda individual. Se garantiza el&nbsp;mejor costo de propiedad&nbsp;en [&hellip;]<\/p>\n","protected":false},"author":1,"featured_media":48,"parent":0,"menu_order":0,"comment_status":"open","ping_status":"closed","template":"","meta":{"footnotes":""},"class_list":["post-47","page","type-page","status-publish","has-post-thumbnail","czr-hentry"],"_links":{"self":[{"href":"https:\/\/on-laser.com\/es\/wp-json\/wp\/v2\/pages\/47","targetHints":{"allow":["GET"]}}],"collection":[{"href":"https:\/\/on-laser.com\/es\/wp-json\/wp\/v2\/pages"}],"about":[{"href":"https:\/\/on-laser.com\/es\/wp-json\/wp\/v2\/types\/page"}],"author":[{"embeddable":true,"href":"https:\/\/on-laser.com\/es\/wp-json\/wp\/v2\/users\/1"}],"replies":[{"embeddable":true,"href":"https:\/\/on-laser.com\/es\/wp-json\/wp\/v2\/comments?post=47"}],"version-history":[{"count":33,"href":"https:\/\/on-laser.com\/es\/wp-json\/wp\/v2\/pages\/47\/revisions"}],"predecessor-version":[{"id":1864,"href":"https:\/\/on-laser.com\/es\/wp-json\/wp\/v2\/pages\/47\/revisions\/1864"}],"wp:featuredmedia":[{"embeddable":true,"href":"https:\/\/on-laser.com\/es\/wp-json\/wp\/v2\/media\/48"}],"wp:attachment":[{"href":"https:\/\/on-laser.com\/es\/wp-json\/wp\/v2\/media?parent=47"}],"curies":[{"name":"wp","href":"https:\/\/api.w.org\/{rel}","templated":true}]}}