{"id":102,"date":"2018-05-24T12:56:55","date_gmt":"2018-05-24T11:56:55","guid":{"rendered":"http:\/\/on-laser.com\/?page_id=102"},"modified":"2019-02-07T21:34:55","modified_gmt":"2019-02-07T20:34:55","slug":"politica-de-privacidad-y-aviso-legal","status":"publish","type":"page","link":"https:\/\/on-laser.com\/fr\/politica-de-privacidad-y-aviso-legal\/","title":{"rendered":"Politique de Confidentialit\u00e9 et Avis L\u00e9gal"},"content":{"rendered":"NOTE: Ceci est une traduction du texte original en espagnol.<\/p>\n<p>POLITIQUE DE CONFIDENTIALIT\u00c9<\/p>\n<p>Identification du propri\u00e9taire:<br \/>\nNom de la soci\u00e9t\u00e9: ON-LASER SYSTEMS &#038; APPLICATIONS, S.L.<br \/>\nSi\u00e8ge social: Manresa (Barcelone-Espagne), rue Castellbell, num\u00e9ro 5<br \/>\nCIF: ES-B64251879<br \/>\nRegistre du commerce de Barcelone, volume 38.766, page 60, page 330.187-B.<br \/>\nE-mail: info @ on-laser.com<br \/>\nNom de domaine: on-laser.com<\/p>\n<p>1 &#8211; Que couvre cette d\u00e9claration de confidentialit\u00e9<br \/>\nCette d\u00e9claration de confidentialit\u00e9 explique nos pratiques de confidentialit\u00e9 pour nos sites Web, nos produits, nos services Web et en ligne (ci-apr\u00e8s d\u00e9nomm\u00e9s \u00ab\u00a0applications\u00a0\u00bb), et les applications qui incluent un lien vers cette d\u00e9claration. Il explique \u00e9galement nos pratiques en mati\u00e8re de publicit\u00e9 et de marketing et s\u2019applique \u00e0 nos pratiques conventionnelles.<br \/>\nCertains de nos sites Web et applications peuvent afficher des avis compl\u00e9mentaires sur la confidentialit\u00e9 ou la collecte de donn\u00e9es que nous partageons afin que vous puissiez prendre des d\u00e9cisions \u00e9clair\u00e9es concernant ce que vous voulez faire lors de la r\u00e9vision des avis. Par exemple, vous pouvez voir un avis expliquant les pratiques de collecte de donn\u00e9es pour une application et ses options de participation.<br \/>\nLes tiers (par exemple, les plates-formes de m\u00e9dias sociaux ou d&rsquo;autres sites Web d&rsquo;entreprise pour lesquels nous pla\u00e7ons un lien depuis nos sites Web et applications) sont responsables de leurs propres pratiques de confidentialit\u00e9. Assurez-vous de lire les politiques de confidentialit\u00e9, les avis compl\u00e9mentaires et les param\u00e8tres de tous les sites Web ou plates-formes que vous visitez, afin de pouvoir comprendre leurs pratiques de confidentialit\u00e9 et vos options.<br \/>\nCertains sites Web et applications sont soumis \u00e0 des conditions suppl\u00e9mentaires, telles que les conditions d&rsquo;utilisation, les conditions de service et les contrats de licence du logiciel de notre site Web. Lisez les conditions de validit\u00e9 du site Web ou de l&rsquo;application que vous utilisez. Ces conditions peuvent aider \u00e0 r\u00e9pondre aux questions que vous vous posez sur la confidentialit\u00e9 et la s\u00e9curit\u00e9 des conceptions et du contenu que vous cr\u00e9ez, ainsi que sur les effets du partage et de la publication de votre contenu.<\/p>\n<p>2 &#8211; Les informations que nous recueillons \u00e0 votre sujet<br \/>\nLes seules donn\u00e9es personnelles sur lesquelles ON-LASER SYSTEMS &#038; APPLICATIONS, S.L. (ci-apr\u00e8s ON-LASER) aura acc\u00e8s \u00e0 ceux que l&rsquo;utilisateur facilite volontairement. En ce sens, il est n\u00e9cessaire que l&rsquo;utilisateur sache que pour acc\u00e9der \u00e0 certains produits \/ services propos\u00e9s sur le Web, des donn\u00e9es personnelles seront demand\u00e9es et que, si vous ne les fournissez pas, vous ne pourrez pas acc\u00e9der aux services et services susmentionn\u00e9s. \/ ou contenu.<br \/>\nConform\u00e9ment \u00e0 la r\u00e9glementation en vigueur, nous vous informons qu&rsquo;en remplissant le formulaire \u00ab\u00a0CONTACT\u00a0\u00bb du service \u00ab\u00a0WORK WITH US\u00a0\u00bb, vos donn\u00e9es personnelles seront int\u00e9gr\u00e9es et trait\u00e9es dans notre registre des activit\u00e9s de traitement, propri\u00e9t\u00e9 de ON-LASER, aux fins de disposer d&rsquo;une base de donn\u00e9es de candidats potentiels aux extensions de personnel et sera conserv\u00e9e pour les processus de s\u00e9lection futurs dans lesquels le profil requis est adapt\u00e9 \u00e0 leurs caract\u00e9ristiques. En aucun cas, vos donn\u00e9es ne seront transf\u00e9r\u00e9es \u00e0 des tiers et le candidat garantit que les donn\u00e9es personnelles fournies sont v\u00e9ridiques et responsable de les maintenir \u00e0 jour en tout temps, le candidat \u00e9tant seul responsable de l&rsquo;inexactitude ou de la fausset\u00e9 des donn\u00e9es et des dommages caus\u00e9s. ON-LASER peut le faire.<br \/>\nAfin de respecter le principe de qualit\u00e9 des donn\u00e9es r\u00e9gi par la r\u00e9glementation en mati\u00e8re de protection des donn\u00e9es, votre CV sera d\u00e9finitivement \u00e9limin\u00e9 de notre dossier, au plus tard 3 ans apr\u00e8s la r\u00e9ception de ce formulaire ou \u00e0 compter de la derni\u00e8re mise \u00e0 jour du. votre CV<\/p>\n<p>De m\u00eame, lorsque l&rsquo;utilisateur fournit ses donn\u00e9es personnelles en utilisant le courrier \u00e9lectronique dans la section \u00ab\u00a0CONTACT\u00a0\u00bb de la page Web, il autorise express\u00e9ment ON-LASER \u00e0 traiter automatiquement ses donn\u00e9es personnelles afin de r\u00e9pondre \u00e0 ses demandes de services. Vos donn\u00e9es personnelles seront incorpor\u00e9es et trait\u00e9es dans notre registre des activit\u00e9s de traitement, propri\u00e9t\u00e9 de ON-LASER, afin de disposer d&rsquo;une base de donn\u00e9es de clients potentiels. Vos donn\u00e9es seront conserv\u00e9es pour r\u00e9pondre \u00e0 vos demandes et pour les processus marketing offrant des informations commerciales sur nos services, sauf si vous exprimez votre droit de les supprimer (voir section 8).<br \/>\nLorsque les visiteurs laissent des commentaires sur le Web, nous collectons les donn\u00e9es affich\u00e9es dans le formulaire de commentaires, ainsi que l&rsquo;adresse IP du visiteur et la cha\u00eene d&rsquo;agent utilisateur du navigateur, afin de faciliter la d\u00e9tection du courrier ind\u00e9sirable.<br \/>\nUne cha\u00eene anonyme cr\u00e9\u00e9e \u00e0 partir de votre adresse email (\u00e9galement appel\u00e9e hachage) peut \u00eatre fournie au service Gravatar pour voir si vous l&rsquo;utilisez. La politique de confidentialit\u00e9 du service Gravatar est disponible ici: https:\/\/automattic.com\/privacy\/. Apr\u00e8s l\u2019approbation de votre commentaire, l\u2019image de votre profil est visible au public dans le contexte de votre commentaire.<br \/>\nSi vous t\u00e9l\u00e9chargez des images sur le Web, \u00e9vitez de les t\u00e9l\u00e9charger avec des donn\u00e9es de localisation (GPS EXIF) incluses. Les visiteurs du Web peuvent t\u00e9l\u00e9charger et extraire toutes les donn\u00e9es de localisation des images Web.<\/p>\n<p>3 &#8211; Boutons, outils, publicit\u00e9s et contenus d&rsquo;autres soci\u00e9t\u00e9s<br \/>\nNos sites Web et applications peuvent inclure des boutons, outils, publicit\u00e9s ou contenus \u00e9tablissant un lien vers les services d&rsquo;autres soci\u00e9t\u00e9s (par exemple, un bouton \u00ab\u00a0J&rsquo;aime\u00a0\u00bb de Facebook sur une page Web ou une fonction Google dans une application). . Nous pouvons collecter des informations sur l&rsquo;utilisation de ces fonctions.<br \/>\nDe plus, lors de l&rsquo;affichage ou de l&rsquo;interaction avec ces boutons, outils, publicit\u00e9s ou contenus, ou lorsque vous consultez notre site Web ou l&rsquo;application qui les contient, certaines informations de votre navigateur peuvent \u00eatre automatiquement envoy\u00e9es \u00e0 l&rsquo;autre soci\u00e9t\u00e9. Pour plus d&rsquo;informations, lisez la politique de confidentialit\u00e9 de cette soci\u00e9t\u00e9.<\/p>\n<p>4 &#8211; Mineurs<br \/>\nLes sites Web et les applications d\u2019ON-LASER sont destin\u00e9s au public professionnel et sont accessibles au grand public. Cependant, nous ne collectons pas sciemment de donn\u00e9es personnelles d&rsquo;enfants de moins de 16 ans. Les enfants de moins de 16 ans ne doivent envoyer ou publier aucune information sur des sites Web ou des applications ON-LASER.<\/p>\n<p>5 &#8211; Stockage, conservation et \u00e9limination des donn\u00e9es personnelles<br \/>\nNous conservons les donn\u00e9es personnelles et les fichiers de donn\u00e9es qui vous sont associ\u00e9s sur les serveurs de ON-LASER et les serveurs des entreprises que nous engageons pour fournir leurs services et avec lesquels nous avons des contrats pour la fourniture de services et de gestionnaires. conform\u00e9ment aux dispositions en vigueur en mati\u00e8re de protection des donn\u00e9es et ne sont en aucun cas autoris\u00e9s \u00e0 utiliser les informations pour leurs propres besoins. Cette information est stock\u00e9e en Espagne.<br \/>\nNous ne conserverons vos donn\u00e9es personnelles que dans la mesure o\u00f9 nous en avons besoin pour:<br \/>\n\u2022 respecter les objectifs d\u00e9crits dans cette d\u00e9claration de confidentialit\u00e9; o<br \/>\n\u2022 tel que requis ou autoris\u00e9 par les lois et r\u00e9glementations en vigueur.<br \/>\nNous prenons toutes les mesures raisonnables pour d\u00e9truire ou d\u00e9sidentifier de mani\u00e8re permanente et s\u00fbre les donn\u00e9es personnelles lorsque celles-ci ne sont plus n\u00e9cessaires. Par exemple, lorsque les informations sont imprim\u00e9es sur du papier, nous prenons toutes les mesures raisonnables pour les \u00e9liminer ou les d\u00e9truire, soit par d\u00e9chiquetage, soit par incin\u00e9ration; Lorsque les informations sont stock\u00e9es \u00e9lectroniquement, nous utilisons des moyens techniques pour les rendre inutilisables.<\/p>\n<p>6 &#8211; Comment nous utilisons les informations<br \/>\nNous utilisons les informations vous concernant de diff\u00e9rentes mani\u00e8res et \u00e0 diff\u00e9rentes fins:<br \/>\n\u2022 Vous donner acc\u00e8s \u00e0 nos sites Web et applications auxquels vous \u00eates \u00e9ligible.<br \/>\n\u2022 Vous fournir les services, l&rsquo;aide ou les informations que vous avez demand\u00e9es.<br \/>\n\u2022 Envoyer des communications d\u2019affaires. Les exemples incluent l&rsquo;envoi de packages de service d&rsquo;application ou d&rsquo;avis sur les \u00e9v\u00e9nements \u00e0 venir.<br \/>\n\u2022 vous envoyer des communications contenant des informations nous concernant, y compris des donn\u00e9es sur de nouvelles applications et offres ou des promotions sp\u00e9ciales.<br \/>\n\u2022 Mesurer et mieux comprendre comment nos sites Web et applications sont utilis\u00e9s afin de les am\u00e9liorer.<br \/>\n\u2022 Personnalisez votre exp\u00e9rience globale avec nous, nos sites Web et nos applications, ainsi que notre marketing.<br \/>\n\u2022 R\u00e9duisez le piratage et la fraude li\u00e9s aux logiciels, assurez-vous que nos applications et nos sites Web sont utilis\u00e9s conform\u00e9ment aux conditions et aux lois en vigueur, et prot\u00e9gez nos clients et les utilisateurs finaux.<br \/>\n\u2022 Envoyer des questionnaires et des enqu\u00eates afin de fournir de meilleures applications et exp\u00e9riences \u00e0 nos clients et utilisateurs finaux. La compl\u00e9tion de questionnaires ou d&rsquo;enqu\u00eates est volontaire, comme expliqu\u00e9 dans tout avis de confidentialit\u00e9 ou collecte de donn\u00e9es suppl\u00e9mentaire pour un site Web ou une application.<\/p>\n<p>7 &#8211; L\u00e9gislation appliqu\u00e9e. S\u00e9curit\u00e9 et int\u00e9grit\u00e9 des donn\u00e9es personnelles<br \/>\nConform\u00e9ment aux dispositions du r\u00e8glement europ\u00e9en actuel sur la protection des donn\u00e9es \u00e0 caract\u00e8re personnel et de la loi sur la protection des donn\u00e9es \u00e0 caract\u00e8re personnel, nous vous informons que vos donn\u00e9es seront int\u00e9gr\u00e9es \u00e0 nos traitements automatis\u00e9s, h\u00e9berg\u00e9s sur un serveur s\u00e9curis\u00e9.<br \/>\nNous utilisons un ensemble de contr\u00f4les de s\u00e9curit\u00e9 administratifs, techniques et physiques qui aident \u00e0 prot\u00e9ger les donn\u00e9es personnelles contre tout acc\u00e8s, utilisation ou divulgation non autoris\u00e9s.<\/p>\n<p>8 &#8211; Exercice de vos droits<br \/>\nVos donn\u00e9es seront transf\u00e9r\u00e9es \u00e0 ON-LASER aux fins indiqu\u00e9es et, \u00e0 tout moment, vous pourrez exercer vos droits d&rsquo;acc\u00e8s, de rectification, annulation et opposition, ainsi que le droit de limitation, de portabilit\u00e9 et de suppression et d&rsquo;oubli du traitement de vos donn\u00e9es. donn\u00e9es en nous contactant via notre formulaire Web, par courrier \u00e9lectronique info @ on-laser.com ou par courrier postal \u00e0 l&rsquo;adresse suivante: Syst\u00e8mes et applications ON-LASER SL, Castellbell 5, E-08243 Manresa ( Barcelone), Espagne, y compris les informations suivantes: nom et pr\u00e9nom de l&rsquo;utilisateur, adresse pour les notifications, photocopie du DNI ou du passeport et contenu concret du droit d&rsquo;exercer.<br \/>\nN&rsquo;oubliez pas non plus que nous devons conserver certains enregistrements pour des raisons commerciales internes ou l\u00e9gales et qu&rsquo;une partie de vos informations peut rester dans les syst\u00e8mes de s\u00e9curit\u00e9, conform\u00e9ment \u00e0 la l\u00e9gislation en vigueur.<\/p>\n<p>9 &#8211; Cookies et technologies similaires. Politique de cookies<br \/>\nON-LASER et nos fournisseurs de services peuvent utiliser des \u00ab\u00a0cookies\u00a0\u00bb, \u00ab\u00a0pixels invisibles\u00a0\u00bb, \u00ab\u00a0balises Web\u00a0\u00bb, \u00ab\u00a0GIF transparents\u00a0\u00bb et autres technologies similaires en relation avec les pages de sites Web et les emails en format HTML. entre autres, suivre les actions des utilisateurs du site Web et des destinataires d&rsquo;e-mails, d\u00e9terminer le succ\u00e8s des campagnes marketing, compiler des statistiques suppl\u00e9mentaires sur l&rsquo;utilisation du site Web et les taux de r\u00e9ponse, et faciliter en naviguant sur notre site Web ou en personnalisant mieux votre exp\u00e9rience avec nous, par exemple, en vous \u00e9vitant de vous envoyer des identifiants de connexion de mani\u00e8re r\u00e9p\u00e9t\u00e9e ou en affichant du contenu destin\u00e9 \u00e0 vos centres d&rsquo;int\u00e9r\u00eat.<br \/>\nLes cookies sont de petits fichiers de donn\u00e9es re\u00e7us sur le terminal depuis le site Web visit\u00e9 et sont utilis\u00e9s pour enregistrer certaines interactions de la navigation sur un site Web en stockant des donn\u00e9es pouvant \u00eatre mises \u00e0 jour et r\u00e9cup\u00e9r\u00e9es. Ces fichiers sont stock\u00e9s sur l&rsquo;ordinateur de l&rsquo;utilisateur et contiennent des donn\u00e9es anonymes qui ne nuisent pas \u00e0 votre ordinateur. Ils sont utilis\u00e9s pour m\u00e9moriser les pr\u00e9f\u00e9rences de l&rsquo;utilisateur, telles que la langue s\u00e9lectionn\u00e9e, les donn\u00e9es d&rsquo;acc\u00e8s ou la personnalisation de la page.<br \/>\nSi vous laissez un commentaire sur notre site, vous pouvez choisir d&rsquo;enregistrer votre nom, votre adresse e-mail et le Web dans des cookies. Ceci est pour votre commodit\u00e9, vous n&rsquo;avez donc pas \u00e0 remplir vos donn\u00e9es lorsque vous laissez un autre commentaire. Ces cookies dureront un an.<br \/>\nSi vous avez un compte et que vous vous connectez \u00e0 ce site, nous allons installer un cookie temporaire pour d\u00e9terminer si votre navigateur accepte les cookies. Ce cookie ne contient pas de donn\u00e9es personnelles et est supprim\u00e9 \u00e0 la fermeture du navigateur.<br \/>\nLorsque vous vous connecterez, nous installerons \u00e9galement plusieurs cookies pour stocker vos informations de connexion et vos options d&rsquo;affichage. Les cookies ont deux jours et les options d\u2019\u00e9cran durent un an. Si vous s\u00e9lectionnez \u00ab\u00a0M\u00e9moriser mes informations\u00a0\u00bb, votre connexion durera deux semaines. Si vous quittez votre compte, les cookies de connexion seront supprim\u00e9s.<br \/>\nSi vous \u00e9ditez ou publiez un article, un cookie suppl\u00e9mentaire sera enregistr\u00e9 dans votre navigateur. Ce cookie n&rsquo;inclut pas les donn\u00e9es personnelles et indique simplement l&rsquo;ID de l&rsquo;article que vous venez de modifier. Expire apr\u00e8s 1 jour<br \/>\nSi vous ne souhaitez pas que des informations soient collect\u00e9es \u00e0 l&rsquo;aide de cookies, la plupart des navigateurs utilisent une proc\u00e9dure simple qui vous permet de refuser les cookies automatiquement ou qui vous donne la possibilit\u00e9 de refuser ou d&rsquo;accepter le transfert d&rsquo;un cookie particulier, ou des cookies d&rsquo;un site Web sp\u00e9cifique, \u00e0 votre ordinateur.<br \/>\nSi vous configurez votre navigateur pour rejeter tous les cookies, vous ne pouvez pas utiliser nos sites Web et applications n\u00e9cessitant un enregistrement ou une personnalisation pour pouvoir participer. Si vous d\u00e9cidez d&rsquo;accepter nos cookies et ceux de nos fournisseurs de services, vous nous autorisez, ainsi que nos fournisseurs de services, \u00e0 installer des cookies sur votre ordinateur. Pour plus d&rsquo;informations sur les cookies et autres outils de collecte automatique de donn\u00e9es, visitez le site www.allaboutcookies.org.<br \/>\nLors de l\u2019envoi de courriers \u00e9lectroniques, ceux-ci peuvent inclure une balise Web ou une technologie similaire nous permettant de savoir si vous avez re\u00e7u ou ouvert le courrier \u00e9lectronique et si vous avez cliqu\u00e9 sur l\u2019un des liens qu\u2019il contient. Vous pouvez choisir de vous exclure des courriels marketing.<\/p>\n<p>AVIS JURIDIQUE<\/p>\n<p>1 &#8211; Informations g\u00e9n\u00e9rales<br \/>\nLe site Web est la propri\u00e9t\u00e9 de ON-LASER SYSTEMS &#038; APPLICATIONS, S.L. avec adresse \u00e0 Manresa (Barcelone-Espagne), Calle Castellbell, num\u00e9ro 5, avec num\u00e9ro de TVA ES-B64251879 et inscrite au registre du commerce de Barcelone, volume 38.766, page 60, page 330.187-B.<\/p>\n<p>2 &#8211; objet<br \/>\nCe site Web a \u00e9t\u00e9 cr\u00e9\u00e9 et con\u00e7u pour faire conna\u00eetre et permettre un acc\u00e8s g\u00e9n\u00e9ral \u00e0 tous les utilisateurs d\u2019Internet, informations, activit\u00e9s, produits et services divers, propres ou tiers, offerts par ON-LASER.<br \/>\nCette notice l\u00e9gale contient les conditions g\u00e9n\u00e9rales r\u00e9gissant l&rsquo;acc\u00e8s et l&rsquo;utilisation de ce site. L&rsquo;utilisation du site Web implique l&rsquo;acceptation expresse et compl\u00e8te de ces conditions g\u00e9n\u00e9rales dans la version publi\u00e9e au moment o\u00f9 l&rsquo;utilisateur y acc\u00e8de, sans pr\u00e9judice des conditions particuli\u00e8res pouvant s&rsquo;appliquer \u00e0 certains des services sp\u00e9cifiques du site.<br \/>\nON-LASER se r\u00e9serve le droit d&rsquo;apporter, \u00e0 tout moment et sans pr\u00e9avis, toute modification ou mise \u00e0 jour du contenu et des services, des pr\u00e9sentes dispositions d&rsquo;acc\u00e8s et d&rsquo;utilisation et, en g\u00e9n\u00e9ral, du nombre d&rsquo;\u00e9l\u00e9ments qui int\u00e8grent la conception et la configuration. de votre page web. Pour cette raison, il est recommand\u00e9 \u00e0 l&rsquo;utilisateur de lire attentivement les conditions g\u00e9n\u00e9rales chaque fois qu&rsquo;il souhaite y entrer et les utiliser, car elles peuvent subir des modifications.<\/p>\n<p>5 &#8211; Propri\u00e9t\u00e9 industrielle et intellectuelle<br \/>\nTous les droits de propri\u00e9t\u00e9 intellectuelle et industrielle sur le contenu et \/ ou tout autre \u00e9l\u00e9ment inclus dans le site sont la propri\u00e9t\u00e9 exclusive de ON-LASER. En ce sens, ils sont constitu\u00e9s en tant qu&rsquo;\u0153uvres prot\u00e9g\u00e9es par l&rsquo;ensemble de la r\u00e9glementation espagnole et communautaire dans le domaine de la propri\u00e9t\u00e9 intellectuelle.<br \/>\nLa soci\u00e9t\u00e9 n&rsquo;accorde pas de licence d&rsquo;utilisation ni d&rsquo;autorisation sur ses droits de propri\u00e9t\u00e9 industrielle et intellectuelle, ni sur aucun autre bien ou droit li\u00e9 \u00e0 son site web, sauf accord expr\u00e8s de tiers. Les utilisateurs peuvent reproduire le contenu de la page Web dans le seul but de conserver leur stockage, de faire des copies de sauvegarde ou de les imprimer sur papier \u00e0 des fins personnelles. En aucun cas, il ne s&rsquo;agira de d\u00e9velopper des activit\u00e9s de nature commerciale ou professionnelle, ni de les distribuer, les modifier ou les modifier.<br \/>\nL&rsquo;infraction \u00e0 l&rsquo;un des droits susmentionn\u00e9s peut constituer une violation de ces conditions, ainsi qu&rsquo;une infraction punissable par le Code p\u00e9nal.<\/p>\n<p>6 &#8211; Liens (liens)<br \/>\nLa soci\u00e9t\u00e9 devra autoriser express\u00e9ment l\u2019\u00e9tablissement de liens qui ne doivent pas d\u00e9velopper d\u2019activit\u00e9s ni mettre en place des dispositifs contraires \u00e0 la loi, \u00e0 la morale ou \u00e0 l\u2019ordre public.<br \/>\nLa pr\u00e9sence de liens sur le site Web de la soci\u00e9t\u00e9 est uniquement \u00e0 des fins d&rsquo;information et n&rsquo;implique en aucun cas une suggestion, une invitation ou une recommandation \u00e0 leur propos. La soci\u00e9t\u00e9 est uniquement responsable de ce site.<br \/>\nLa soci\u00e9t\u00e9 se r\u00e9serve le droit de supprimer tout lien ou programme de lien \u00e0 tout moment.<\/p>\n<p>7 &#8211; Publicit\u00e9<br \/>\nEn cas d\u2019autorisation de publicit\u00e9 ou de contenu sponsoris\u00e9 sur le site Web, les annonceurs ou les sponsors sont seuls responsables de la conformit\u00e9 du mat\u00e9riel propos\u00e9 \u00e0 la publication sur le site est conforme \u00e0 la r\u00e9glementation applicable dans chaque cas. ON-LASER ne saurait \u00eatre tenu responsable des erreurs, inexactitudes ou irr\u00e9gularit\u00e9s contenues dans le contenu de la publicit\u00e9 ou des sponsors.<\/p>\n<p>8 &#8211; Juridiction et l\u00e9gislation applicables<br \/>\nLes pr\u00e9sentes conditions d&rsquo;acc\u00e8s sont soumises \u00e0 l&rsquo;ORDRE JURIDIQUE espagnol. Pour la r\u00e9solution de tout conflit pouvant r\u00e9sulter de l&rsquo;acc\u00e8s au site Web, l&rsquo;utilisateur et ON-LASER acceptent express\u00e9ment de se soumettre aux tribunaux de la ville de Manresa, en renon\u00e7ant \u00e0 toute autre comp\u00e9tence g\u00e9n\u00e9rale ou particuli\u00e8re pouvant correspondre.<\/p>\n<p>###<br \/>","protected":false},"excerpt":{"rendered":"<p>NOTE: Ceci est une traduction du texte original en espagnol. POLITIQUE DE CONFIDENTIALIT\u00c9 Identification du propri\u00e9taire: Nom de la soci\u00e9t\u00e9: ON-LASER SYSTEMS &#038; APPLICATIONS, S.L. Si\u00e8ge social: Manresa (Barcelone-Espagne), rue Castellbell, num\u00e9ro 5 CIF: ES-B64251879 Registre du commerce de Barcelone, volume 38.766, page 60, page 330.187-B. E-mail: info @ on-laser.com Nom de domaine: on-laser.com 1 [&hellip;]<\/p>\n","protected":false},"author":1,"featured_media":0,"parent":0,"menu_order":0,"comment_status":"closed","ping_status":"closed","template":"","meta":{"footnotes":""},"class_list":["post-102","page","type-page","status-publish","czr-hentry"],"_links":{"self":[{"href":"https:\/\/on-laser.com\/fr\/wp-json\/wp\/v2\/pages\/102","targetHints":{"allow":["GET"]}}],"collection":[{"href":"https:\/\/on-laser.com\/fr\/wp-json\/wp\/v2\/pages"}],"about":[{"href":"https:\/\/on-laser.com\/fr\/wp-json\/wp\/v2\/types\/page"}],"author":[{"embeddable":true,"href":"https:\/\/on-laser.com\/fr\/wp-json\/wp\/v2\/users\/1"}],"replies":[{"embeddable":true,"href":"https:\/\/on-laser.com\/fr\/wp-json\/wp\/v2\/comments?post=102"}],"version-history":[{"count":1,"href":"https:\/\/on-laser.com\/fr\/wp-json\/wp\/v2\/pages\/102\/revisions"}],"predecessor-version":[{"id":103,"href":"https:\/\/on-laser.com\/fr\/wp-json\/wp\/v2\/pages\/102\/revisions\/103"}],"wp:attachment":[{"href":"https:\/\/on-laser.com\/fr\/wp-json\/wp\/v2\/media?parent=102"}],"curies":[{"name":"wp","href":"https:\/\/api.w.org\/{rel}","templated":true}]}}