{"id":14,"date":"2014-09-12T16:05:54","date_gmt":"2014-09-12T15:05:54","guid":{"rendered":"http:\/\/on-laser.com\/wordpress\/?page_id=14"},"modified":"2020-10-07T11:50:51","modified_gmt":"2020-10-07T10:50:51","slug":"about-us","status":"publish","type":"page","link":"https:\/\/on-laser.com\/fr\/about-us\/","title":{"rendered":"Entreprise"},"content":{"rendered":"<p><strong><span style=\"color: #ff0000;\">ON-LASER<\/span><\/strong>&nbsp;est une start-up technologique focalis\u00e9 en le d\u00e9veloppement de technologies et des solutions innovantes pour les secteurs industriel et m\u00e9dical.<\/p>\n<p>Situ\u00e9 dans la r\u00e9gion de Barcelone, la soci\u00e9t\u00e9 dispose d&rsquo;un \u00e9quipe d&rsquo;ing\u00e9nieurs avec plus de 19 ans d&rsquo;exp\u00e9rience sur la technologie laser, fait de la recherche sur la technologie, d\u00e9veloppe des produits \u00e0 base laser, et les livre dans le monde entier.<\/p>\n<p>ON-LASER a le soutien du &nbsp;<span style=\"color: #ff0000;\">Park d&rsquo;Innovation La Salle<\/span> \u00e0 Barcelone, <span style=\"color: #ff0000;\">ICFO<\/span>&nbsp;(Institut des Sciences de la Photonique), fonds de <span style=\"color: #ff0000;\">La Caixa<\/span> capital-risque, et a obtenu le support de plusieurs centres d&rsquo;innovation catalans et espagnols tels que <span style=\"color: #ff0000;\">ACC1\u00d3<\/span>,&nbsp;<span style=\"color: #ff0000;\">CEIPAR<\/span>,&nbsp;<span style=\"color: #ff0000;\">CDTI<\/span> et <span style=\"color: #ff0000;\">ENISA<\/span>.<\/p>","protected":false},"excerpt":{"rendered":"<p>ON-LASER&nbsp;est une start-up technologique focalis\u00e9 en le d\u00e9veloppement de technologies et des solutions innovantes pour les secteurs industriel et m\u00e9dical. Situ\u00e9 dans la r\u00e9gion de Barcelone, la soci\u00e9t\u00e9 dispose d&rsquo;un \u00e9quipe d&rsquo;ing\u00e9nieurs avec plus de 19 ans d&rsquo;exp\u00e9rience sur la technologie laser, fait de la recherche sur la technologie, d\u00e9veloppe des produits \u00e0 base laser, [&hellip;]<\/p>\n","protected":false},"author":1,"featured_media":0,"parent":0,"menu_order":0,"comment_status":"open","ping_status":"closed","template":"","meta":{"footnotes":""},"class_list":["post-14","page","type-page","status-publish","czr-hentry"],"_links":{"self":[{"href":"https:\/\/on-laser.com\/fr\/wp-json\/wp\/v2\/pages\/14","targetHints":{"allow":["GET"]}}],"collection":[{"href":"https:\/\/on-laser.com\/fr\/wp-json\/wp\/v2\/pages"}],"about":[{"href":"https:\/\/on-laser.com\/fr\/wp-json\/wp\/v2\/types\/page"}],"author":[{"embeddable":true,"href":"https:\/\/on-laser.com\/fr\/wp-json\/wp\/v2\/users\/1"}],"replies":[{"embeddable":true,"href":"https:\/\/on-laser.com\/fr\/wp-json\/wp\/v2\/comments?post=14"}],"version-history":[{"count":9,"href":"https:\/\/on-laser.com\/fr\/wp-json\/wp\/v2\/pages\/14\/revisions"}],"predecessor-version":[{"id":209,"href":"https:\/\/on-laser.com\/fr\/wp-json\/wp\/v2\/pages\/14\/revisions\/209"}],"wp:attachment":[{"href":"https:\/\/on-laser.com\/fr\/wp-json\/wp\/v2\/media?parent=14"}],"curies":[{"name":"wp","href":"https:\/\/api.w.org\/{rel}","templated":true}]}}