{"id":150,"date":"2019-02-13T10:57:18","date_gmt":"2019-02-13T09:57:18","guid":{"rendered":"https:\/\/on-laser.com\/?page_id=150"},"modified":"2019-02-13T12:17:43","modified_gmt":"2019-02-13T11:17:43","slug":"laser-cutting-systems","status":"publish","type":"page","link":"https:\/\/on-laser.com\/fr\/laser-cutting-systems\/","title":{"rendered":"Syst\u00e8mes de d\u00e9coupe et Gravure au Laser"},"content":{"rendered":"<h1><strong>Syst\u00e8mes Laser pour D\u00e9coupe et Gravure \u00e0 bas prix <\/strong><\/h1>\r\n<p>Les syst\u00e8mes de d\u00e9coupe et de gravure au laser d&rsquo;<strong><span style=\"color: #ff0000;\">ON-LASER<\/span><\/strong> \u00e0 bas prix sont une solution abordable pour le traitement de mat\u00e9riaux dans les ateliers.<\/p>\r\n<p>Ils peuvent couper et graver des mat\u00e9riaux organiques (laser CO<sub>2<\/sub>) ou des m\u00e9taux (fibre\/diode) avec une grande pr\u00e9cision.<\/p>\r\n<p>Les supports des optiques ont \u00e9t\u00e9 con\u00e7us avec \u00ab\u00a0front-reference\u00a0\u00bb pour acc\u00e9l\u00e9rer la maintenance. Ces supports facilitent le remplacement et le nettoyage des miroirs de flexion du rayon laser.<\/p>\r\n<p>ONLASER offre une vari\u00e9t\u00e9 de champs de travail, gamme de puissance laser et de distances focales pour r\u00e9pondre \u00e0 tous les besoins et \u00e0 tous les budgets. Les accessoires en option permettent un traitement des pi\u00e8ces avec diff\u00e9rents g\u00e9om\u00e9tries.<\/p>\r\n<p>La s\u00e9rie ONLASER CUT pour les solutions de d\u00e9coupe et de gravure laser offre une solution \u00e9conomique avec un support sur site.<\/p>\r\n<p><strong><span style=\"color:#ff0000;\">Configurations disponibles:<\/span><\/strong><\/p>\r\n\r\n\r\n\r\n\r\n\r\n<figure class=\"wp-block-image\"><img decoding=\"async\" src=\"https:\/\/on-laser.com\/wordpress\/wp-content\/uploads\/2019\/02\/ONLASER_SOLO_CUT_Series_Configuration_options-1.jpg\" alt=\"\" class=\"wp-image-164\"\/><\/figure>","protected":false},"excerpt":{"rendered":"<p>Syst\u00e8mes Laser pour D\u00e9coupe et Gravure \u00e0 bas prix Les syst\u00e8mes de d\u00e9coupe et de gravure au laser d&rsquo;ON-LASER \u00e0 bas prix sont une solution abordable pour le traitement de mat\u00e9riaux dans les ateliers. Ils peuvent couper et graver des mat\u00e9riaux organiques (laser CO2) ou des m\u00e9taux (fibre\/diode) avec une grande pr\u00e9cision. Les supports des [&hellip;]<\/p>\n","protected":false},"author":1,"featured_media":0,"parent":0,"menu_order":0,"comment_status":"closed","ping_status":"closed","template":"","meta":{"footnotes":""},"class_list":["post-150","page","type-page","status-publish","czr-hentry"],"_links":{"self":[{"href":"https:\/\/on-laser.com\/fr\/wp-json\/wp\/v2\/pages\/150","targetHints":{"allow":["GET"]}}],"collection":[{"href":"https:\/\/on-laser.com\/fr\/wp-json\/wp\/v2\/pages"}],"about":[{"href":"https:\/\/on-laser.com\/fr\/wp-json\/wp\/v2\/types\/page"}],"author":[{"embeddable":true,"href":"https:\/\/on-laser.com\/fr\/wp-json\/wp\/v2\/users\/1"}],"replies":[{"embeddable":true,"href":"https:\/\/on-laser.com\/fr\/wp-json\/wp\/v2\/comments?post=150"}],"version-history":[{"count":7,"href":"https:\/\/on-laser.com\/fr\/wp-json\/wp\/v2\/pages\/150\/revisions"}],"predecessor-version":[{"id":168,"href":"https:\/\/on-laser.com\/fr\/wp-json\/wp\/v2\/pages\/150\/revisions\/168"}],"wp:attachment":[{"href":"https:\/\/on-laser.com\/fr\/wp-json\/wp\/v2\/media?parent=150"}],"curies":[{"name":"wp","href":"https:\/\/api.w.org\/{rel}","templated":true}]}}