{"id":19,"date":"2014-09-12T16:05:34","date_gmt":"2014-09-12T15:05:34","guid":{"rendered":"http:\/\/on-laser.com\/wordpress\/?page_id=19"},"modified":"2024-06-13T12:30:32","modified_gmt":"2024-06-13T11:30:32","slug":"contact-us","status":"publish","type":"page","link":"https:\/\/on-laser.com\/fr\/contact-us\/","title":{"rendered":"Contactez Nous"},"content":{"rendered":"ON-LASER est situ\u00e9 sur une zone industrielle \u00e0 Manresa.<\/p>\n<p>Manresa est une ville situ\u00e9e \u00e0 45 minutes en voiture de l&rsquo;a\u00e9roport international de Barcelone et \u00e0 1h20 de l&rsquo;a\u00e9roport international de G\u00e9rone, Costa Brava.<\/p>\n<p>Heures d&rsquo;ouverture: du lundi au vendredi de 9h00 \u00e0 18h00 (heure centrale europ\u00e9enne)<\/p>\n<p><span style=\"color: #ff0000;\"><strong>ON-LASER<\/strong><\/span><\/p>\n<p>Castellbell 5 \u00b7\u00a0E-08243 &#8211; Manresa (Barcelona) \u00b7\u00a0SPAIN<\/p>\n<p>GPS:\u00a041.737656, 1.847768<\/p>\n<p><span style=\"color: #ff0000;\"><strong>Informations de contact:<\/strong><\/span><\/p>\n<p>T. +34 93 877 65 96<\/p>\n<p><span style=\"color: #ff0000;\"><strong>Formulaire de contact:<\/strong><\/span><\/p>\n\n<div class=\"wpcf7 no-js\" id=\"wpcf7-f61-o2\" lang=\"en-US\" dir=\"ltr\" data-wpcf7-id=\"61\">\n<div class=\"screen-reader-response\"><p role=\"status\" aria-live=\"polite\" aria-atomic=\"true\"><\/p> <ul><\/ul><\/div>\n<form action=\"\/fr\/wp-json\/wp\/v2\/pages\/19#wpcf7-f61-o2\" method=\"post\" class=\"wpcf7-form init\" aria-label=\"Contact form\" novalidate=\"novalidate\" data-status=\"init\">\n<fieldset class=\"hidden-fields-container\"><input type=\"hidden\" name=\"_wpcf7\" value=\"61\" \/><input type=\"hidden\" name=\"_wpcf7_version\" value=\"6.1.4\" \/><input type=\"hidden\" name=\"_wpcf7_locale\" value=\"en_US\" \/><input type=\"hidden\" name=\"_wpcf7_unit_tag\" value=\"wpcf7-f61-o2\" \/><input type=\"hidden\" name=\"_wpcf7_container_post\" value=\"0\" \/><input type=\"hidden\" name=\"_wpcf7_posted_data_hash\" value=\"\" \/><input type=\"hidden\" name=\"_wpcf7_recaptcha_response\" value=\"\" \/>\n<\/fieldset>\n<p><strong>Nom<\/strong> (obligatoire)\n<\/p>\n<p><span class=\"wpcf7-form-control-wrap\" data-name=\"your-name\"><input size=\"40\" maxlength=\"400\" class=\"wpcf7-form-control wpcf7-text wpcf7-validates-as-required\" aria-required=\"true\" aria-invalid=\"false\" value=\"\" type=\"text\" name=\"your-name\" \/><\/span>\n<\/p>\n<p><strong>Email<\/strong> (obligatoire)\n<\/p>\n<p><span class=\"wpcf7-form-control-wrap\" data-name=\"your-email\"><input size=\"40\" maxlength=\"400\" class=\"wpcf7-form-control wpcf7-email wpcf7-validates-as-required wpcf7-text wpcf7-validates-as-email\" aria-required=\"true\" aria-invalid=\"false\" value=\"\" type=\"email\" name=\"your-email\" \/><\/span>\n<\/p>\n<p><strong>T\u00e9l\u00e9phone<\/strong>\n<\/p>\n<p><span class=\"wpcf7-form-control-wrap\" data-name=\"tel-495\"><input size=\"40\" maxlength=\"400\" class=\"wpcf7-form-control wpcf7-tel wpcf7-text wpcf7-validates-as-tel\" aria-invalid=\"false\" value=\"\" type=\"tel\" name=\"tel-495\" \/><\/span>\n<\/p>\n<p><strong>Message<\/strong>\n<\/p>\n<p><span class=\"wpcf7-form-control-wrap\" data-name=\"your-message\"><textarea cols=\"40\" rows=\"10\" maxlength=\"2000\" class=\"wpcf7-form-control wpcf7-textarea\" aria-invalid=\"false\" name=\"your-message\"><\/textarea><\/span>\n<\/p>\n<p><input class=\"wpcf7-form-control wpcf7-submit has-spinner\" type=\"submit\" value=\"Envoyer &gt;&gt;\" \/>\n<\/p><div class=\"wpcf7-response-output\" aria-hidden=\"true\"><\/div>\n<\/form>\n<\/div>","protected":false},"excerpt":{"rendered":"<p>ON-LASER est situ\u00e9 sur une zone industrielle \u00e0 Manresa. Manresa est une ville situ\u00e9e \u00e0 45 minutes en voiture de l&rsquo;a\u00e9roport international de Barcelone et \u00e0 1h20 de l&rsquo;a\u00e9roport international de G\u00e9rone, Costa Brava. Heures d&rsquo;ouverture: du lundi au vendredi de 9h00 \u00e0 18h00 (heure centrale europ\u00e9enne) ON-LASER Castellbell 5 \u00b7\u00a0E-08243 &#8211; Manresa (Barcelona) \u00b7\u00a0SPAIN [&hellip;]<\/p>\n","protected":false},"author":1,"featured_media":0,"parent":0,"menu_order":0,"comment_status":"open","ping_status":"closed","template":"","meta":{"footnotes":""},"class_list":["post-19","page","type-page","status-publish","czr-hentry"],"_links":{"self":[{"href":"https:\/\/on-laser.com\/fr\/wp-json\/wp\/v2\/pages\/19","targetHints":{"allow":["GET"]}}],"collection":[{"href":"https:\/\/on-laser.com\/fr\/wp-json\/wp\/v2\/pages"}],"about":[{"href":"https:\/\/on-laser.com\/fr\/wp-json\/wp\/v2\/types\/page"}],"author":[{"embeddable":true,"href":"https:\/\/on-laser.com\/fr\/wp-json\/wp\/v2\/users\/1"}],"replies":[{"embeddable":true,"href":"https:\/\/on-laser.com\/fr\/wp-json\/wp\/v2\/comments?post=19"}],"version-history":[{"count":24,"href":"https:\/\/on-laser.com\/fr\/wp-json\/wp\/v2\/pages\/19\/revisions"}],"predecessor-version":[{"id":1870,"href":"https:\/\/on-laser.com\/fr\/wp-json\/wp\/v2\/pages\/19\/revisions\/1870"}],"wp:attachment":[{"href":"https:\/\/on-laser.com\/fr\/wp-json\/wp\/v2\/media?parent=19"}],"curies":[{"name":"wp","href":"https:\/\/api.w.org\/{rel}","templated":true}]}}