{"id":32,"date":"2014-09-12T16:35:58","date_gmt":"2014-09-12T16:35:58","guid":{"rendered":"http:\/\/on-laser.com\/wordpress\/?page_id=32"},"modified":"2025-03-16T14:37:14","modified_gmt":"2025-03-16T13:37:14","slug":"laser-mechanisms-beam-delivery-solutions","status":"publish","type":"page","link":"https:\/\/on-laser.com\/fr\/laser-mechanisms-beam-delivery-solutions\/","title":{"rendered":"Laser Mech Solutions de Guidage de Rayon Laser"},"content":{"rendered":"&nbsp;<\/p>\n<h1><strong>Solutions Avanc\u00e9es de Guide du Rayon Laser<\/strong><\/h1>\n<p><a href=\"http:\/\/www.lasermech.com\/\"><img loading=\"lazy\" decoding=\"async\" class=\"alignleft size-full wp-image-182\" src=\"https:\/\/on-laser.com\/wordpress\/wp-content\/uploads\/2025\/03\/Laser-Mech-Logo.png\" alt=\"Laser_Mechanisms_logo\" width=\"201\" height=\"110\" \/><\/a>Laser Mechanisms est le chef de file mondial dans la conception et la fabrication de composants de guidage de rayon laser et des syst\u00e8mes de bras articul\u00e9s, et est distribu\u00e9 en Espagne par ON-LASER.<\/p>\n<p>Les produits Laser Mechanisms sont utilis\u00e9s dans tous les types d&rsquo;application industrielle de d\u00e9coupe, soudage, per\u00e7age, tra\u00e7age, traitement de surface et d&rsquo;autres processus. Les produits sont utilis\u00e9s avec tous les types de laser, dont le CO<sub>2<\/sub>, Nd:YAG, laser \u00e0 fibre et plus.<\/p>\n<p>Au fil des ann\u00e9es, la soci\u00e9t\u00e9 a introduit de nombreuses innovations pour am\u00e9liorer la performance, la s\u00e9curit\u00e9, la capacit\u00e9, la facilit\u00e9 d&rsquo;utilisation et la rentabilit\u00e9 de traitement au laser.<\/p>\n<p>Une de ces innovations est le support de lentille de type de cartouche. Avec ces supports, il est tr\u00e8s simple \u00e0 changer, remplacer et nettoyer la lentille de focalisation sur une t\u00eate laser. Il est \u00e9galement possible de combiner plus d&rsquo;un de ces supports \u00e0 l&rsquo;int\u00e9rieur d&rsquo;un seul assemblage pour permettre l&rsquo;utilisation de longueurs focales diff\u00e9rentes pour les diff\u00e9rentes applications du laser avec une seule pi\u00e8ce d&rsquo;\u00e9quipement.<\/p>\n<p>Laser Mechanisms offre \u00e9galement une vari\u00e9t\u00e9 de solutions flexibles pour le raccordement des lasers industriels communs de CO<sub>2<\/sub> \u00e0 une vari\u00e9t\u00e9 de syst\u00e8mes de mouvement. Gr\u00e2ce \u00e0 notre technologie de bras articul\u00e9 prouv\u00e9, ces syst\u00e8mes offrent la seule solution d&rsquo;int\u00e9gration de guide du rayon laser cl\u00e9 en main de l&rsquo;industrie &#8211; que ce soit pour des robots ou des syst\u00e8mes de coupe laser en 2D.<\/p>\n<p>Chez Laser Mechanisms, nous avons fourni des solutions pour la guide de rayon laser industriel depuis plus de 30 ans, nous fournissons une solution pour vous aujourd&rsquo;hui.<\/p>\n<p><a title=\"Laser Mechanisms web site\" href=\"http:\/\/www.lasermech.com\/\" target=\"_blank\" rel=\"noopener\">Cliquez sur ce lien pour visiter le site web de Laser Mechanisms.<\/a><\/p>\n<p>&nbsp;<\/p>\n<p style=\"text-align: left;\">Vid\u00e9o de pr\u00e9sentation:<\/p>\n<p style=\"text-align: center;\"><iframe loading=\"lazy\" src=\"\/\/www.youtube.com\/embed\/ssS4SX38OpM?feature=player_profilepage\" width=\"640\" height=\"360\" frameborder=\"0\" allowfullscreen=\"allowfullscreen\"><\/iframe><\/p>\n<p style=\"text-align: center;\">","protected":false},"excerpt":{"rendered":"<p>&nbsp; Solutions Avanc\u00e9es de Guide du Rayon Laser Laser Mechanisms est le chef de file mondial dans la conception et la fabrication de composants de guidage de rayon laser et des syst\u00e8mes de bras articul\u00e9s, et est distribu\u00e9 en Espagne par ON-LASER. Les produits Laser Mechanisms sont utilis\u00e9s dans tous les types d&rsquo;application industrielle de [&hellip;]<\/p>\n","protected":false},"author":1,"featured_media":39,"parent":0,"menu_order":0,"comment_status":"open","ping_status":"open","template":"","meta":{"footnotes":""},"class_list":["post-32","page","type-page","status-publish","has-post-thumbnail","czr-hentry"],"_links":{"self":[{"href":"https:\/\/on-laser.com\/fr\/wp-json\/wp\/v2\/pages\/32","targetHints":{"allow":["GET"]}}],"collection":[{"href":"https:\/\/on-laser.com\/fr\/wp-json\/wp\/v2\/pages"}],"about":[{"href":"https:\/\/on-laser.com\/fr\/wp-json\/wp\/v2\/types\/page"}],"author":[{"embeddable":true,"href":"https:\/\/on-laser.com\/fr\/wp-json\/wp\/v2\/users\/1"}],"replies":[{"embeddable":true,"href":"https:\/\/on-laser.com\/fr\/wp-json\/wp\/v2\/comments?post=32"}],"version-history":[{"count":9,"href":"https:\/\/on-laser.com\/fr\/wp-json\/wp\/v2\/pages\/32\/revisions"}],"predecessor-version":[{"id":2309,"href":"https:\/\/on-laser.com\/fr\/wp-json\/wp\/v2\/pages\/32\/revisions\/2309"}],"wp:featuredmedia":[{"embeddable":true,"href":"https:\/\/on-laser.com\/fr\/wp-json\/wp\/v2\/media\/39"}],"wp:attachment":[{"href":"https:\/\/on-laser.com\/fr\/wp-json\/wp\/v2\/media?parent=32"}],"curies":[{"name":"wp","href":"https:\/\/api.w.org\/{rel}","templated":true}]}}