{"id":34,"date":"2014-09-12T16:37:10","date_gmt":"2014-09-12T16:37:10","guid":{"rendered":"http:\/\/on-laser.com\/wordpress\/?page_id=34"},"modified":"2025-03-16T14:31:27","modified_gmt":"2025-03-16T13:31:27","slug":"optics-components","status":"publish","type":"page","link":"https:\/\/on-laser.com\/fr\/optics-components\/","title":{"rendered":"Optiques Et Components"},"content":{"rendered":"<span style=\"color: #3366ff;\"><strong><img loading=\"lazy\" decoding=\"async\" class=\"alignleft size-thumbnail wp-image-188\" src=\"https:\/\/on-laser.com\/wordpress\/wp-content\/uploads\/2025\/03\/DALL\u00b7E-2025-03-16-14.23.29-A-realistic-close-up-of-several-ZnSe-lenses-with-a-distinct-yellowish-tint-featuring-standard-plano-convex-and-plano-concave-shapes-arranged-on-a-bl.webp\" alt=\"CO2 focusing lens\" width=\"150\" height=\"150\" \/> <span style=\"color: #ff0000;\">ON-LASER<\/span><\/strong><\/span> peut fournir une large gamme de composants optiques d&rsquo;haute pr\u00e9cision, bas co\u00fbt, pour laser, compris de lentilles, miroirs, optiques de cavit\u00e9, objectifs Ftheta, lentilles t\u00e9l\u00e9centriques, collimateurs de rayon laser, fen\u00eatres de protection, prismes, s\u00e9parateurs de rayon, scanning miroirs, syst\u00e8mes de scanning 2D ou 3D pour lasers de CO<sub>2<\/sub>, Nd:YAG, fibre, etc., optiques de syst\u00e8mes de vision num\u00e9rique, avec les derniers rev\u00eatements de haute performance tels que les AR\/AR pour les lasers d&rsquo;haute puissance<\/p>\n<p>&nbsp;<\/p>\n<p>&nbsp;<\/p>\n<p><span style=\"color: #ff0000;\"><strong>ON-LASER<\/strong><\/span> distribue aussi la gamme des syst\u00e8mes de guidage de rayon laser\u00a0<a title=\"Laser Mechanisms Beam Delivery Solutions\" href=\"https:\/\/on-laser.com\/laser-mechanisms-beam-delivery-solutions\/\">Laser Mechanisms<\/a> pour des applications industrielles 2D et 3D.<\/p>\n<p>&nbsp;","protected":false},"excerpt":{"rendered":"<p>ON-LASER peut fournir une large gamme de composants optiques d&rsquo;haute pr\u00e9cision, bas co\u00fbt, pour laser, compris de lentilles, miroirs, optiques de cavit\u00e9, objectifs Ftheta, lentilles t\u00e9l\u00e9centriques, collimateurs de rayon laser, fen\u00eatres de protection, prismes, s\u00e9parateurs de rayon, scanning miroirs, syst\u00e8mes de scanning 2D ou 3D pour lasers de CO2, Nd:YAG, fibre, etc., optiques de syst\u00e8mes [&hellip;]<\/p>\n","protected":false},"author":1,"featured_media":0,"parent":0,"menu_order":0,"comment_status":"open","ping_status":"open","template":"","meta":{"footnotes":""},"class_list":["post-34","page","type-page","status-publish","czr-hentry"],"_links":{"self":[{"href":"https:\/\/on-laser.com\/fr\/wp-json\/wp\/v2\/pages\/34","targetHints":{"allow":["GET"]}}],"collection":[{"href":"https:\/\/on-laser.com\/fr\/wp-json\/wp\/v2\/pages"}],"about":[{"href":"https:\/\/on-laser.com\/fr\/wp-json\/wp\/v2\/types\/page"}],"author":[{"embeddable":true,"href":"https:\/\/on-laser.com\/fr\/wp-json\/wp\/v2\/users\/1"}],"replies":[{"embeddable":true,"href":"https:\/\/on-laser.com\/fr\/wp-json\/wp\/v2\/comments?post=34"}],"version-history":[{"count":6,"href":"https:\/\/on-laser.com\/fr\/wp-json\/wp\/v2\/pages\/34\/revisions"}],"predecessor-version":[{"id":2304,"href":"https:\/\/on-laser.com\/fr\/wp-json\/wp\/v2\/pages\/34\/revisions\/2304"}],"wp:attachment":[{"href":"https:\/\/on-laser.com\/fr\/wp-json\/wp\/v2\/media?parent=34"}],"curies":[{"name":"wp","href":"https:\/\/api.w.org\/{rel}","templated":true}]}}