{"id":42,"date":"2014-09-13T11:07:21","date_gmt":"2014-09-13T11:07:21","guid":{"rendered":"http:\/\/on-laser.com\/wordpress\/?page_id=42"},"modified":"2025-03-16T14:17:11","modified_gmt":"2025-03-16T13:17:11","slug":"decork-cork-stoppers-laser-marking-systems","status":"publish","type":"page","link":"https:\/\/on-laser.com\/fr\/decork-cork-stoppers-laser-marking-systems\/","title":{"rendered":"D\u00e9cork&#x2122; Marqueuses Laser pour les Bouchons en Li\u00e8ge"},"content":{"rendered":"<span style=\"color: #ff0000;\"><strong>ON-LASER<\/strong><\/span> a con\u00e7u et d\u00e9velopp\u00e9 une technologie laser unique et logiciel pour marquer les bouchons de li\u00e8ge avec laser, divis\u00e9 en plusieurs mod\u00e8les qui correspondent \u00e0 chacune des exigences particuli\u00e8res en termes de fonctionnalit\u00e9s et de productivit\u00e9.<\/p>\n<p><span style=\"color: #ff0000;\"><strong>Site web du produit:<\/strong><\/span><\/p>\n<p>Plus d&rsquo;informations sont disponibles sur le site web\u00a0<a href=\"https:\/\/decork.net\/\">https:\/\/decork.net\/<\/a><\/p>\n<p><img loading=\"lazy\" decoding=\"async\" class=\"alignnone size-full wp-image-46\" src=\"http:\/\/on-laser.com\/wordpress\/wp-content\/uploads\/2014\/09\/DK-0026-300x300.jpg\" alt=\"Bouchon en li\u00e8ge marqu\u00e9 au laser\" width=\"300\" height=\"300\" srcset=\"https:\/\/on-laser.com\/wordpress\/wp-content\/uploads\/2014\/09\/DK-0026-300x300.jpg 300w, https:\/\/on-laser.com\/wordpress\/wp-content\/uploads\/2014\/09\/DK-0026-300x300-150x150.jpg 150w\" sizes=\"auto, (max-width: 300px) 100vw, 300px\" \/><\/p>\n<p><strong><span style=\"color: #ff0000;\">Produits:<\/span><\/strong><\/p>\n<p>Le tableau ci-dessous montre les produits qui ont la capacit\u00e9 de marquer dans le corps des bouchons de li\u00e8ge, ou dans les t\u00eates, ou dans les deux.<\/p>\n<table border=\"0\" width=\"443\" cellspacing=\"0\" cellpadding=\"0\">\n<colgroup>\n<col width=\"203\" \/>\n<col span=\"3\" width=\"80\" \/> <\/colgroup>\n<tbody>\n<tr>\n<td width=\"203\" height=\"20\"><\/td>\n<td style=\"text-align: center;\" width=\"80\"><strong>Corps<\/strong><\/td>\n<td style=\"text-align: center;\" width=\"80\"><strong>T\u00eates<\/strong><\/td>\n<td style=\"text-align: center;\" width=\"80\"><strong>Corps et T\u00eates<\/strong><\/td>\n<\/tr>\n<tr>\n<td style=\"text-align: center;\" width=\"203\" height=\"20\"><strong><span style=\"color: #ff0000;\">D\u00e9cork ONE hybrid <\/span><\/strong>Laser Series (<span style=\"color: #ff0000;\">new<\/span>)<\/td>\n<td style=\"text-align: center;\"><\/td>\n<td style=\"text-align: center;\"><\/td>\n<td style=\"text-align: center;\"><strong>\u221a<\/strong><\/td>\n<\/tr>\n<tr>\n<td style=\"text-align: center;\" width=\"203\" height=\"20\"><strong><span style=\"color: #ff0000;\">D\u00e9cork SOLO <em>mini <\/em><\/span><\/strong>Laser Series<\/td>\n<td style=\"text-align: center;\"><strong>\u221a\u00a0<\/strong><\/td>\n<td style=\"text-align: center;\"><\/td>\n<td style=\"text-align: center;\"><\/td>\n<\/tr>\n<tr>\n<td style=\"text-align: center;\" width=\"203\" height=\"20\"><strong><span style=\"color: #ff0000;\">D\u00e9cork SOLO <em>flex <\/em><\/span><\/strong>Laser Series<\/td>\n<td style=\"text-align: center;\"><strong>\u00a0<\/strong><\/td>\n<td style=\"text-align: center;\"><\/td>\n<td style=\"text-align: center;\"><strong>\u221a*<\/strong><\/td>\n<\/tr>\n<tr>\n<td style=\"text-align: center;\" width=\"203\" height=\"20\"><strong><span style=\"color: #ff0000;\">D\u00e9cork DUO <\/span><\/strong>Laser Series<\/td>\n<td style=\"text-align: center;\"><\/td>\n<td style=\"text-align: center;\"><strong>\u221a<\/strong><\/td>\n<td style=\"text-align: center;\"><\/td>\n<\/tr>\n<tr>\n<td style=\"text-align: center;\" width=\"203\" height=\"20\"><strong><span style=\"color: #ff0000;\">D\u00e9cork DUO <em>flex <\/em><\/span><\/strong>Laser Series<\/td>\n<td style=\"text-align: center;\"><\/td>\n<td style=\"text-align: center;\"><\/td>\n<td><strong>\u221a<\/strong><\/td>\n<\/tr>\n<tr>\n<td style=\"text-align: center;\" width=\"203\" height=\"20\"><strong><span style=\"color: #ff0000;\">D\u00e9cork QUAD\u00a0<\/span><\/strong>Laser Series<\/td>\n<td style=\"text-align: center;\"><strong>\u221a<\/strong><\/td>\n<td style=\"text-align: center;\"><\/td>\n<td><\/td>\n<\/tr>\n<tr>\n<td style=\"text-align: center;\" width=\"203\" height=\"20\"><strong><span style=\"color: #ff0000;\">D\u00e9cork Q4003 <\/span><\/strong>Laser Series<\/td>\n<td style=\"text-align: center;\"><strong>\u221a<\/strong><\/td>\n<td style=\"text-align: center;\"><\/td>\n<td style=\"text-align: center;\"><\/td>\n<\/tr>\n<tr>\n<td style=\"text-align: center;\" width=\"203\" height=\"20\"><strong><span style=\"color: #ff0000;\">D\u00e9cork OMNI <\/span><\/strong>Laser Series (<span style=\"color: #ff0000;\">new<\/span>)<\/td>\n<td style=\"text-align: center;\"><\/td>\n<td style=\"text-align: center;\"><\/td>\n<td style=\"text-align: center;\"><strong>\u221a<\/strong><\/td>\n<\/tr>\n<\/tbody>\n<\/table>\n<p>*Il marque dans le corps ou bien sur les t\u00eates du bouchon, mais pas en m\u00eame temps. L&rsquo;utilisateur doit d\u00e9finir une ou l&rsquo;autre configuration avant de commencer.<\/p>\n<p>Tous partagent la m\u00eame technologie brevet\u00e9e, permettant le marquage laser num\u00e9rique des cliches sur les bouchons en li\u00e8ge.<\/p>\n<p>Contactez-nous pour une description plus d\u00e9taill\u00e9e du produit.<\/p>\n<p style=\"text-align: center;\"><img loading=\"lazy\" decoding=\"async\" class=\"aligncenter size-full wp-image-206\" src=\"http:\/\/decork3dviewer.com\/wp-content\/uploads\/2013\/11\/Decork_Q4000_2013_specs.jpg\" alt=\"D\u00e9cork Q4003 2013 brief datasheet\" width=\"1280\" height=\"347\" \/><\/p>\n<p style=\"text-align: center;\"><img loading=\"lazy\" decoding=\"async\" class=\"aligncenter size-full wp-image-210\" src=\"http:\/\/decork3dviewer.com\/wp-content\/uploads\/2013\/11\/Decork_DUO_flex_2013_specs.jpg\" alt=\"D\u00e9cork DUO flex 2013 brief datasheet\" width=\"1280\" height=\"349\" \/><\/p>\n<p style=\"text-align: center;\"><img loading=\"lazy\" decoding=\"async\" class=\"aligncenter size-full wp-image-203\" src=\"http:\/\/decork3dviewer.com\/wp-content\/uploads\/2013\/11\/Decork_DUO_2013_specs.jpg\" alt=\"D\u00e9cork DUO brief datasheet\" width=\"1280\" height=\"339\" \/><\/p>\n<p style=\"text-align: center;\"><img loading=\"lazy\" decoding=\"async\" class=\"aligncenter size-full wp-image-208\" src=\"http:\/\/decork3dviewer.com\/wp-content\/uploads\/2013\/11\/Decork_SOLO_flex_2013_specs.jpg\" alt=\"D\u00e9cork SOLO flex 2013 brief datasheet\" width=\"1280\" height=\"348\" \/><\/p>\n<p style=\"text-align: center;\"><img loading=\"lazy\" decoding=\"async\" class=\"aligncenter size-full wp-image-207\" src=\"http:\/\/decork3dviewer.com\/wp-content\/uploads\/2013\/11\/Decork_SOLO_2013_specs.jpg\" alt=\"D\u00e9cork SOLO 2013 brief datasheet\" width=\"1280\" height=\"346\" \/><\/p>","protected":false},"excerpt":{"rendered":"<p>ON-LASER a con\u00e7u et d\u00e9velopp\u00e9 une technologie laser unique et logiciel pour marquer les bouchons de li\u00e8ge avec laser, divis\u00e9 en plusieurs mod\u00e8les qui correspondent \u00e0 chacune des exigences particuli\u00e8res en termes de fonctionnalit\u00e9s et de productivit\u00e9. Site web du produit: Plus d&rsquo;informations sont disponibles sur le site web\u00a0https:\/\/decork.net\/ Produits: Le tableau ci-dessous montre les [&hellip;]<\/p>\n","protected":false},"author":1,"featured_media":46,"parent":0,"menu_order":0,"comment_status":"open","ping_status":"open","template":"","meta":{"footnotes":""},"class_list":["post-42","page","type-page","status-publish","has-post-thumbnail","czr-hentry"],"_links":{"self":[{"href":"https:\/\/on-laser.com\/fr\/wp-json\/wp\/v2\/pages\/42","targetHints":{"allow":["GET"]}}],"collection":[{"href":"https:\/\/on-laser.com\/fr\/wp-json\/wp\/v2\/pages"}],"about":[{"href":"https:\/\/on-laser.com\/fr\/wp-json\/wp\/v2\/types\/page"}],"author":[{"embeddable":true,"href":"https:\/\/on-laser.com\/fr\/wp-json\/wp\/v2\/users\/1"}],"replies":[{"embeddable":true,"href":"https:\/\/on-laser.com\/fr\/wp-json\/wp\/v2\/comments?post=42"}],"version-history":[{"count":19,"href":"https:\/\/on-laser.com\/fr\/wp-json\/wp\/v2\/pages\/42\/revisions"}],"predecessor-version":[{"id":2948,"href":"https:\/\/on-laser.com\/fr\/wp-json\/wp\/v2\/pages\/42\/revisions\/2948"}],"wp:featuredmedia":[{"embeddable":true,"href":"https:\/\/on-laser.com\/fr\/wp-json\/wp\/v2\/media\/46"}],"wp:attachment":[{"href":"https:\/\/on-laser.com\/fr\/wp-json\/wp\/v2\/media?parent=42"}],"curies":[{"name":"wp","href":"https:\/\/api.w.org\/{rel}","templated":true}]}}