{"id":47,"date":"2022-10-11T18:00:28","date_gmt":"2022-10-11T17:00:28","guid":{"rendered":"http:\/\/on-laser.com\/wordpress\/?page_id=47"},"modified":"2024-06-13T12:22:10","modified_gmt":"2024-06-13T11:22:10","slug":"e-qube","status":"publish","type":"page","link":"https:\/\/on-laser.com\/fr\/e-qube\/","title":{"rendered":"e-QUBE Syst\u00e8mes de Marquage Laser pour Textile et Cuir"},"content":{"rendered":"<a href=\"https:\/\/on-laser.com\/wordpress\/wp-content\/uploads\/2022\/10\/Logo_e-QUBE_LR.png\"><img loading=\"lazy\" decoding=\"async\" class=\"alignnone  wp-image-52\" src=\"https:\/\/on-laser.com\/wordpress\/wp-content\/uploads\/2022\/10\/Logo_e-QUBE_LR.png\" alt=\"Logo_e-QUBE_Laser\" width=\"200\" height=\"50\"><\/a><a href=\"http:\/\/on-laser.com\/wordpress\/wp-content\/uploads\/2014\/09\/Banner_blasted_jeans_2.jpg\"><img loading=\"lazy\" decoding=\"async\" class=\"alignnone  wp-image-58\" src=\"http:\/\/on-laser.com\/wordpress\/wp-content\/uploads\/2014\/09\/Banner_blasted_jeans_2-300x101.jpg\" alt=\"Banner_blasted_jeans_2\" width=\"223\" height=\"75\" srcset=\"https:\/\/on-laser.com\/wordpress\/wp-content\/uploads\/2014\/09\/Banner_blasted_jeans_2-300x101.jpg 300w, https:\/\/on-laser.com\/wordpress\/wp-content\/uploads\/2014\/09\/Banner_blasted_jeans_2.jpg 399w\" sizes=\"auto, (max-width: 223px) 100vw, 223px\" \/><\/a><\/p>\n<p>La nouvelle et r\u00e9volutionnaire s\u00e9rie de <strong>syst\u00e8mes laser e-QUBE<\/strong> offre une haute d\u00e9finition et une m\u00e9thode unique de projection de jeans en denim et de marquage d&rsquo;images sur des textiles ou du cuir.<\/p>\n<div class=\"ContentPasted13\">\n<ul>\n<li>V\u00e9ritable&nbsp;<b>sablage laser num\u00e9rique<\/b>, la technologie laser \u00e9vite l&rsquo;utilisation de processus de pon\u00e7age manuel et de pulv\u00e9risation de PP.<\/li>\n<li class=\"ContentPasted13\">Ajoutez la&nbsp;<b>tra\u00e7abilit\u00e9&nbsp;<\/b>et des&nbsp;<b>informations uniques\/variables&nbsp;<\/b>\u00e0 chaque v\u00eatement.<\/li>\n<li class=\"ContentPasted13\">Le&nbsp;<b>meilleur co\u00fbt de possession&nbsp;<\/b>de sa cat\u00e9gorie est garanti sans avoir besoin de consommables co\u00fbteux (sable, mat\u00e9riaux abrasifs, produits chimiques) et avec seulement un entretien minimal requis, tout en r\u00e9duisant votre temps de traitement et votre espace au sol.<\/li>\n<li class=\"ContentPasted13\">Concevoir, produire, livrer&nbsp;:&nbsp;<b>r\u00e9duisez les d\u00e9lais&nbsp;<\/b>et les d\u00e9lais de traitement en livrant les commandes le jour m\u00eame.<\/li>\n<li class=\"ContentPasted13\"><b>Productivit\u00e9 \u00e9lev\u00e9e&nbsp;<\/b>: augmentation substantielle de la capacit\u00e9 de production par rapport aux proc\u00e9d\u00e9s chimiques. Processus de changement de marque non-stop. Les \u00e9chantillons uniques \/ les productions tr\u00e8s courtes n&rsquo;ont jamais \u00e9t\u00e9 aussi faciles \u00e0 r\u00e9aliser, sans frais suppl\u00e9mentaires.<\/li>\n<li class=\"ContentPasted13\"><b>Contr\u00f4le total&nbsp;<\/b>: cr\u00e9ez des conceptions de marque en interne en quelques secondes et pr\u00e9parez-les pour la production. Int\u00e9grez le contr\u00f4le du processus de branding dans le panneau de contr\u00f4le du service d&rsquo;information de l&rsquo;entreprise.<\/li>\n<li class=\"ContentPasted13\">Un laser est non seulement&nbsp;<b>respectueux de l&rsquo;environnement<\/b>, mais il est \u00e9galement respectueux des membres de l&rsquo;\u00e9quipe responsable du processus de finition, en \u00e9liminant les colorants, les solvants ou les produits chimiques g\u00e9n\u00e9ralement utilis\u00e9s dans les processus traditionnels.<\/li>\n<li class=\"ContentPasted13\">Les produits de la s\u00e9rie e-QUBE offrent une&nbsp;<b>solution \u00e9prouv\u00e9e, robuste et durable pour des ann\u00e9es&nbsp;<\/b>de production sans probl\u00e8me. De plus, ils sont capables de travailler avec des conceptions complexes et des&nbsp;<b>images haute r\u00e9solution&nbsp;<\/b>pour suivre les derni\u00e8res tendances de l&rsquo;industrie de la mode.<\/li>\n<\/ul>\n<\/div>\n<div class=\"ContentPasted13\">Les&nbsp;<b>syst\u00e8mes laser e-QUBE&nbsp;<\/b>et leur technologie sont&nbsp;<b>prot\u00e9g\u00e9s par un brevet<\/b>, aliment\u00e9s par la&nbsp;<b>technologie ON-LASER<sup class=\"ContentPasted0 ContentPasted5\">TM<\/sup><\/b>.<\/div>\n<div><\/div>\n<div><\/div>\n<p>Remplissez le formulaire ci-dessous pour t\u00e9l\u00e9charger la fiche technique&nbsp;:<\/p>\n\n<div class=\"wpcf7 no-js\" id=\"wpcf7-f339-o2\" lang=\"en-US\" dir=\"ltr\" data-wpcf7-id=\"339\">\n<div class=\"screen-reader-response\"><p role=\"status\" aria-live=\"polite\" aria-atomic=\"true\"><\/p> <ul><\/ul><\/div>\n<form action=\"\/fr\/wp-json\/wp\/v2\/pages\/47#wpcf7-f339-o2\" method=\"post\" class=\"wpcf7-form init\" aria-label=\"Contact form\" novalidate=\"novalidate\" data-status=\"init\">\n<fieldset class=\"hidden-fields-container\"><input type=\"hidden\" name=\"_wpcf7\" value=\"339\" \/><input type=\"hidden\" name=\"_wpcf7_version\" value=\"6.1.4\" \/><input type=\"hidden\" name=\"_wpcf7_locale\" value=\"en_US\" \/><input type=\"hidden\" name=\"_wpcf7_unit_tag\" value=\"wpcf7-f339-o2\" \/><input type=\"hidden\" name=\"_wpcf7_container_post\" value=\"0\" \/><input type=\"hidden\" name=\"_wpcf7_posted_data_hash\" value=\"\" \/><input type=\"hidden\" name=\"_wpcf7_recaptcha_response\" value=\"\" \/>\n<\/fieldset>\n<p><strong>Nom<\/strong> (obligatoire)\n<\/p>\n<p><span class=\"wpcf7-form-control-wrap\" data-name=\"your-name\"><input size=\"40\" maxlength=\"400\" class=\"wpcf7-form-control wpcf7-text wpcf7-validates-as-required\" aria-required=\"true\" aria-invalid=\"false\" value=\"\" type=\"text\" name=\"your-name\" \/><\/span>\n<\/p>\n<p><strong>Nom de la compagnie<\/strong> (obligatoire)\n<\/p>\n<p><span class=\"wpcf7-form-control-wrap\" data-name=\"company\"><input size=\"40\" maxlength=\"400\" class=\"wpcf7-form-control wpcf7-text wpcf7-validates-as-required\" aria-required=\"true\" aria-invalid=\"false\" value=\"\" type=\"text\" name=\"company\" \/><\/span>\n<\/p>\n<p><strong>Email<\/strong> (obligatoire)\n<\/p>\n<p><span class=\"wpcf7-form-control-wrap\" data-name=\"your-email\"><input size=\"40\" maxlength=\"400\" class=\"wpcf7-form-control wpcf7-email wpcf7-validates-as-required wpcf7-text wpcf7-validates-as-email\" aria-required=\"true\" aria-invalid=\"false\" value=\"\" type=\"email\" name=\"your-email\" \/><\/span>\n<\/p>\n<p><strong>T\u00e9l\u00e9phone<\/strong> (obligatoire)\n<\/p>\n<p><span class=\"wpcf7-form-control-wrap\" data-name=\"tel-495\"><input size=\"40\" maxlength=\"400\" class=\"wpcf7-form-control wpcf7-tel wpcf7-validates-as-required wpcf7-text wpcf7-validates-as-tel\" aria-required=\"true\" aria-invalid=\"false\" value=\"\" type=\"tel\" name=\"tel-495\" \/><\/span>\n<\/p>\n<p><span class=\"wpcf7-form-control-wrap\" data-name=\"acceptance-605\"><span class=\"wpcf7-form-control wpcf7-acceptance\"><span class=\"wpcf7-list-item\"><label><input type=\"checkbox\" name=\"acceptance-605\" value=\"1\" aria-invalid=\"false\" \/><span class=\"wpcf7-list-item-label\">Je reconnais avoir lu et j'accepte la politique de confidentialit\u00e9 (<a href=\"https:\/\/on-laser.com\/politica-de-privacidad-y-aviso-legal\/\" target=\"_blank\">Politica de privacidad y aviso legal<\/a>) sous lequel mes donn\u00e9es personnelles seront utilis\u00e9es par ON-LASER.<\/span><\/label><\/span><\/span><\/span>\n<\/p>\n<p><input class=\"wpcf7-form-control wpcf7-submit has-spinner\" type=\"submit\" value=\"Envoyer &gt;&gt;\" \/>\n<\/p><div class=\"wpcf7-response-output\" aria-hidden=\"true\"><\/div>\n<\/form>\n<\/div>","protected":false},"excerpt":{"rendered":"<p>La nouvelle et r\u00e9volutionnaire s\u00e9rie de syst\u00e8mes laser e-QUBE offre une haute d\u00e9finition et une m\u00e9thode unique de projection de jeans en denim et de marquage d&rsquo;images sur des textiles ou du cuir. V\u00e9ritable&nbsp;sablage laser num\u00e9rique, la technologie laser \u00e9vite l&rsquo;utilisation de processus de pon\u00e7age manuel et de pulv\u00e9risation de PP. Ajoutez la&nbsp;tra\u00e7abilit\u00e9&nbsp;et des&nbsp;informations uniques\/variables&nbsp;\u00e0 [&hellip;]<\/p>\n","protected":false},"author":1,"featured_media":48,"parent":0,"menu_order":0,"comment_status":"open","ping_status":"closed","template":"","meta":{"footnotes":""},"class_list":["post-47","page","type-page","status-publish","has-post-thumbnail","czr-hentry"],"_links":{"self":[{"href":"https:\/\/on-laser.com\/fr\/wp-json\/wp\/v2\/pages\/47","targetHints":{"allow":["GET"]}}],"collection":[{"href":"https:\/\/on-laser.com\/fr\/wp-json\/wp\/v2\/pages"}],"about":[{"href":"https:\/\/on-laser.com\/fr\/wp-json\/wp\/v2\/types\/page"}],"author":[{"embeddable":true,"href":"https:\/\/on-laser.com\/fr\/wp-json\/wp\/v2\/users\/1"}],"replies":[{"embeddable":true,"href":"https:\/\/on-laser.com\/fr\/wp-json\/wp\/v2\/comments?post=47"}],"version-history":[{"count":33,"href":"https:\/\/on-laser.com\/fr\/wp-json\/wp\/v2\/pages\/47\/revisions"}],"predecessor-version":[{"id":1864,"href":"https:\/\/on-laser.com\/fr\/wp-json\/wp\/v2\/pages\/47\/revisions\/1864"}],"wp:featuredmedia":[{"embeddable":true,"href":"https:\/\/on-laser.com\/fr\/wp-json\/wp\/v2\/media\/48"}],"wp:attachment":[{"href":"https:\/\/on-laser.com\/fr\/wp-json\/wp\/v2\/media?parent=47"}],"curies":[{"name":"wp","href":"https:\/\/api.w.org\/{rel}","templated":true}]}}