{"id":14,"date":"2014-09-12T16:05:54","date_gmt":"2014-09-12T15:05:54","guid":{"rendered":"http:\/\/on-laser.com\/wordpress\/?page_id=14"},"modified":"2020-10-07T11:50:51","modified_gmt":"2020-10-07T10:50:51","slug":"about-us","status":"publish","type":"page","link":"https:\/\/on-laser.com\/pt\/about-us\/","title":{"rendered":"(English) About Us"},"content":{"rendered":"<p class=\"qtranxs-available-languages-message qtranxs-available-languages-message-pt\">Desculpe-nos, mas este texto esta apenas dispon\u00edvel em <a href=\"https:\/\/on-laser.com\/en\/wp-json\/wp\/v2\/pages\/14\" class=\"qtranxs-available-language-link qtranxs-available-language-link-en\" title=\"English\">English<\/a>, <a href=\"https:\/\/on-laser.com\/fr\/wp-json\/wp\/v2\/pages\/14\" class=\"qtranxs-available-language-link qtranxs-available-language-link-fr\" title=\"Fran\u00e7ais\">Fran\u00e7ais<\/a>, <a href=\"https:\/\/on-laser.com\/es\/wp-json\/wp\/v2\/pages\/14\" class=\"qtranxs-available-language-link qtranxs-available-language-link-es\" title=\"Espa\u00f1ol\">Espa\u00f1ol<\/a> y <a href=\"https:\/\/on-laser.com\/ca\/wp-json\/wp\/v2\/pages\/14\" class=\"qtranxs-available-language-link qtranxs-available-language-link-ca\" title=\"Catal\u00e0\">Catal\u00e0<\/a>.<\/p><p><strong><span style=\"color: #ff0000;\">ON-LASER<\/span><\/strong>&nbsp;is a technological start-up company&nbsp;focused on delivering innovative technology and solutions to the industrial and medical sectors.<\/p>\n<p>Located in the Barcelona area, the company has a team of engineers with more than 19 years of experience on laser technology, does research on technology, develops laser based products, and delivers them worldwide.<\/p>\n<p>ON-LASER has the support of&nbsp;<span style=\"color: #ff0000;\">La Salle&nbsp;Innovative Park<\/span>, <span style=\"color: #ff0000;\">ICFO<\/span>&nbsp;(Photonic Sciences Institute), raised funds from <span style=\"color: #ff0000;\">La Caixa<\/span>&nbsp;venture capital, and has been granted from several Catalan and Spanish innovation centers such as&nbsp;<span style=\"color: #ff0000;\">ACC1\u00d3<\/span>,&nbsp;<span style=\"color: #ff0000;\">CEIPAR<\/span>,&nbsp;<span style=\"color: #ff0000;\">CDTI<\/span> and <span style=\"color: #ff0000;\">ENISA<\/span>.<\/p>","protected":false},"excerpt":{"rendered":"<p>Desculpe-nos, mas este texto esta apenas dispon\u00edvel em English, Fran\u00e7ais, Espa\u00f1ol y Catal\u00e0.ON-LASER&nbsp;is a technological start-up company&nbsp;focused on delivering innovative technology and solutions to the industrial and medical sectors. Located in the Barcelona area, the company has a team of engineers with more than 19 years of experience on laser technology, does research on technology, [&hellip;]<\/p>\n","protected":false},"author":1,"featured_media":0,"parent":0,"menu_order":0,"comment_status":"open","ping_status":"closed","template":"","meta":{"footnotes":""},"class_list":["post-14","page","type-page","status-publish","czr-hentry"],"_links":{"self":[{"href":"https:\/\/on-laser.com\/pt\/wp-json\/wp\/v2\/pages\/14","targetHints":{"allow":["GET"]}}],"collection":[{"href":"https:\/\/on-laser.com\/pt\/wp-json\/wp\/v2\/pages"}],"about":[{"href":"https:\/\/on-laser.com\/pt\/wp-json\/wp\/v2\/types\/page"}],"author":[{"embeddable":true,"href":"https:\/\/on-laser.com\/pt\/wp-json\/wp\/v2\/users\/1"}],"replies":[{"embeddable":true,"href":"https:\/\/on-laser.com\/pt\/wp-json\/wp\/v2\/comments?post=14"}],"version-history":[{"count":9,"href":"https:\/\/on-laser.com\/pt\/wp-json\/wp\/v2\/pages\/14\/revisions"}],"predecessor-version":[{"id":209,"href":"https:\/\/on-laser.com\/pt\/wp-json\/wp\/v2\/pages\/14\/revisions\/209"}],"wp:attachment":[{"href":"https:\/\/on-laser.com\/pt\/wp-json\/wp\/v2\/media?parent=14"}],"curies":[{"name":"wp","href":"https:\/\/api.w.org\/{rel}","templated":true}]}}