{"id":150,"date":"2019-02-13T10:57:18","date_gmt":"2019-02-13T09:57:18","guid":{"rendered":"https:\/\/on-laser.com\/?page_id=150"},"modified":"2019-02-13T12:17:43","modified_gmt":"2019-02-13T11:17:43","slug":"laser-cutting-systems","status":"publish","type":"page","link":"https:\/\/on-laser.com\/pt\/laser-cutting-systems\/","title":{"rendered":"(English) Laser Cutting &#038; Engraving Systems"},"content":{"rendered":"<p class=\"qtranxs-available-languages-message qtranxs-available-languages-message-pt\">Desculpe-nos, mas este texto esta apenas dispon\u00edvel em <a href=\"https:\/\/on-laser.com\/en\/wp-json\/wp\/v2\/pages\/150\" class=\"qtranxs-available-language-link qtranxs-available-language-link-en\" title=\"English\">English<\/a>, <a href=\"https:\/\/on-laser.com\/fr\/wp-json\/wp\/v2\/pages\/150\" class=\"qtranxs-available-language-link qtranxs-available-language-link-fr\" title=\"Fran\u00e7ais\">Fran\u00e7ais<\/a>, <a href=\"https:\/\/on-laser.com\/es\/wp-json\/wp\/v2\/pages\/150\" class=\"qtranxs-available-language-link qtranxs-available-language-link-es\" title=\"Espa\u00f1ol\">Espa\u00f1ol<\/a> y <a href=\"https:\/\/on-laser.com\/ca\/wp-json\/wp\/v2\/pages\/150\" class=\"qtranxs-available-language-link qtranxs-available-language-link-ca\" title=\"Catal\u00e0\">Catal\u00e0<\/a>.<\/p><h1><strong>Low-cost Laser Cutting &amp; Engraving Systems<\/strong><\/h1>\r\n<p><strong><span style=\"color: #ff0000;\">ON-LASER<\/span><\/strong> low-cost Laser Cutting and Engraving Systems are an affordable solution for material processing on workshops.<\/p>\r\n<p>They may cut and engrave organic materials (CO<sub>2<\/sub> laser) or metals (fiber\/diode) with high precision.<\/p>\r\n<p>Optics&#8217; mounts have been designed as front-reference to speed up maintenance. These mounts make it very simple to replace and clean the beam bending mirrors.<\/p>\r\n<p>ONLASER offer a variety of working fields, laser power range and focal lenses to meet all workshop needs and budgets. Optional accessories allow different workpiece geometry processing.<\/p>\r\n<p>ONLASER CUT Series for cutting and engraving solutions provide a low-cost solution with field support.<\/p>\r\n<p><strong><span style=\"color: #ff0000;\">Available configurations<\/span><\/strong><\/p>\r\n\r\n\r\n\r\n\r\n\r\n\r\n<figure class=\"wp-block-image\"><img decoding=\"async\" src=\"https:\/\/on-laser.com\/wordpress\/wp-content\/uploads\/2019\/02\/ONLASER_SOLO_CUT_Series_Configuration_options-1.jpg\" alt=\"\" class=\"wp-image-164\"\/><\/figure>","protected":false},"excerpt":{"rendered":"<p>Desculpe-nos, mas este texto esta apenas dispon\u00edvel em English, Fran\u00e7ais, Espa\u00f1ol y Catal\u00e0. Low-cost Laser Cutting &amp; Engraving Systems ON-LASER low-cost Laser Cutting and Engraving Systems are an affordable solution for material processing on workshops. They may cut and engrave organic materials (CO2 laser) or metals (fiber\/diode) with high precision. Optics&#8217; mounts have been designed [&hellip;]<\/p>\n","protected":false},"author":1,"featured_media":0,"parent":0,"menu_order":0,"comment_status":"closed","ping_status":"closed","template":"","meta":{"footnotes":""},"class_list":["post-150","page","type-page","status-publish","czr-hentry"],"_links":{"self":[{"href":"https:\/\/on-laser.com\/pt\/wp-json\/wp\/v2\/pages\/150","targetHints":{"allow":["GET"]}}],"collection":[{"href":"https:\/\/on-laser.com\/pt\/wp-json\/wp\/v2\/pages"}],"about":[{"href":"https:\/\/on-laser.com\/pt\/wp-json\/wp\/v2\/types\/page"}],"author":[{"embeddable":true,"href":"https:\/\/on-laser.com\/pt\/wp-json\/wp\/v2\/users\/1"}],"replies":[{"embeddable":true,"href":"https:\/\/on-laser.com\/pt\/wp-json\/wp\/v2\/comments?post=150"}],"version-history":[{"count":7,"href":"https:\/\/on-laser.com\/pt\/wp-json\/wp\/v2\/pages\/150\/revisions"}],"predecessor-version":[{"id":168,"href":"https:\/\/on-laser.com\/pt\/wp-json\/wp\/v2\/pages\/150\/revisions\/168"}],"wp:attachment":[{"href":"https:\/\/on-laser.com\/pt\/wp-json\/wp\/v2\/media?parent=150"}],"curies":[{"name":"wp","href":"https:\/\/api.w.org\/{rel}","templated":true}]}}