{"id":2183,"date":"2025-02-15T18:34:41","date_gmt":"2025-02-15T17:34:41","guid":{"rendered":"https:\/\/on-laser.com\/?page_id=2183"},"modified":"2025-02-21T11:19:13","modified_gmt":"2025-02-21T10:19:13","slug":"implementacion-de-herramientas-de-gestion-centralizada-de-dispositivos-y-copias-de-seguridad-cofinanciado-por-feder-y-respaldado-por-programa-pyme-cibersegura-2024","status":"publish","type":"page","link":"https:\/\/on-laser.com\/pt\/implementacion-de-herramientas-de-gestion-centralizada-de-dispositivos-y-copias-de-seguridad-cofinanciado-por-feder-y-respaldado-por-programa-pyme-cibersegura-2024\/","title":{"rendered":"(Espa\u00f1ol) Implementaci\u00f3n de herramientas de Gesti\u00f3n Centralizada de Dispositivos y Copias de Seguridad, cofinanciado por FEDER y respaldado por el PROGRAMA PYME CIBERSEGURA 2024"},"content":{"rendered":"<p class=\"qtranxs-available-languages-message qtranxs-available-languages-message-pt\">Desculpe-nos, mas este texto esta apenas dispon\u00edvel em <a href=\"https:\/\/on-laser.com\/es\/wp-json\/wp\/v2\/pages\/2183\" class=\"qtranxs-available-language-link qtranxs-available-language-link-es\" title=\"Espa\u00f1ol\">Espa\u00f1ol<\/a>.<\/p><p><strong>ON-LASER SYSTEMS &amp; APPLICATIONS SL<\/strong> ha sido beneficiaria del <em>Fondo Europeo de Desarrollo Regional<\/em>, cuyo objetivo es la mejora de la competitividad de las PYMES, y gracias al cual ha puesto en marcha un Plan de Acci\u00f3n con el objetivo de impulsar el uso seguro y fiable del ciberespacio y la competitividad de las pymes durante el a\u00f1o <strong>2024<\/strong>. Para ello ha contado con el apoyo del <strong>Programa Pyme Cibersegura<\/strong> de la <strong>C\u00e1mara de Comercio de Manresa<\/strong>. \u200b<strong>#EuropaSeSiente<\/strong>.<\/p>\n\n\n\n<p>Esta ayuda ha servido para co-financiar la implementaci\u00f3n de herramientas de Gesti\u00f3n Centralizada de Dispositivos, y Copias de Seguridad de \u00e9stos (back up y recuperaci\u00f3n), cofinanciado por FEDER y respaldado por PROGRAMA PYME CIBERSEGURA 2024.<\/p>\n\n\n\n<p>Nos complace anunciar la puesta en marcha de un ambicioso proyecto para mejorar nuestra infraestructura tecnol\u00f3gica, enfocado en la implementaci\u00f3n de herramientas de Gesti\u00f3n Centralizada de Dispositivos y en el establecimiento de sistemas robustos de copias de seguridad y recuperaci\u00f3n de datos. Esta iniciativa, cofinanciada por el Fondo Europeo de Desarrollo Regional (FEDER) y respaldada por el PROGRAMA PYME CIBERSEGURA 2024, refuerza nuestro compromiso con la seguridad y la eficiencia operativa.<\/p>\n\n\n\n<p>Con esta soluci\u00f3n, hemos centralizado la monitorizaci\u00f3n y gesti\u00f3n de todas las m\u00e1quinas D\u00c9CORK conectadas, lo que nos permite optimizar su configuraci\u00f3n, mantener un control continuo y garantizar respuestas r\u00e1pidas ante posibles incidencias. Adem\u00e1s, la implementaci\u00f3n de un sistema automatizado de backups y planes de recuperaci\u00f3n asegura la integridad y disponibilidad de la informaci\u00f3n cr\u00edtica, minimizando riesgos y potenciando la continuidad de la actividad de nuestros clientes.<\/p>\n\n\n\n<p>Los fondos FEDER y el soporte obtenido a trav\u00e9s de la C\u00e1mara de Comercio simbolizan el apoyo y la colaboraci\u00f3n que hacen posible este salto cualitativo en la ciberseguridad de la empresa y en los productos que desarrolla. Agradecemos profundamente este respaldo, que nos impulsa a seguir avanzando en la modernizaci\u00f3n y protecci\u00f3n de nuestras operaciones.<\/p>\n\n\n\n<p>15 de Febrero de 2025<\/p>\n\n\n\n<figure class=\"wp-block-image size-full\"><a href=\"https:\/\/on-laser.com\/wordpress\/wp-content\/uploads\/2025\/02\/Logo_Cofinanciado_UE_.jpg\"><img loading=\"lazy\" decoding=\"async\" width=\"628\" height=\"52\" src=\"https:\/\/on-laser.com\/wordpress\/wp-content\/uploads\/2025\/02\/Logo_Cofinanciado_UE_.jpg\" alt=\"\" class=\"wp-image-2185\" srcset=\"https:\/\/on-laser.com\/wordpress\/wp-content\/uploads\/2025\/02\/Logo_Cofinanciado_UE_.jpg 628w, https:\/\/on-laser.com\/wordpress\/wp-content\/uploads\/2025\/02\/Logo_Cofinanciado_UE_-300x25.jpg 300w\" sizes=\"auto, (max-width: 628px) 100vw, 628px\" \/><\/a><\/figure>\n\n\n\n<p>###<\/p>","protected":false},"excerpt":{"rendered":"<p>Desculpe-nos, mas este texto esta apenas dispon\u00edvel em Espa\u00f1ol. ON-LASER SYSTEMS &amp; APPLICATIONS SL ha sido beneficiaria del Fondo Europeo de Desarrollo Regional, cuyo objetivo es la mejora de la competitividad de las PYMES, y gracias al cual ha puesto en marcha un Plan de Acci\u00f3n con el objetivo de impulsar el uso seguro y [&hellip;]<\/p>\n","protected":false},"author":1,"featured_media":0,"parent":0,"menu_order":0,"comment_status":"closed","ping_status":"closed","template":"","meta":{"footnotes":""},"class_list":["post-2183","page","type-page","status-publish","czr-hentry"],"_links":{"self":[{"href":"https:\/\/on-laser.com\/pt\/wp-json\/wp\/v2\/pages\/2183","targetHints":{"allow":["GET"]}}],"collection":[{"href":"https:\/\/on-laser.com\/pt\/wp-json\/wp\/v2\/pages"}],"about":[{"href":"https:\/\/on-laser.com\/pt\/wp-json\/wp\/v2\/types\/page"}],"author":[{"embeddable":true,"href":"https:\/\/on-laser.com\/pt\/wp-json\/wp\/v2\/users\/1"}],"replies":[{"embeddable":true,"href":"https:\/\/on-laser.com\/pt\/wp-json\/wp\/v2\/comments?post=2183"}],"version-history":[{"count":7,"href":"https:\/\/on-laser.com\/pt\/wp-json\/wp\/v2\/pages\/2183\/revisions"}],"predecessor-version":[{"id":2218,"href":"https:\/\/on-laser.com\/pt\/wp-json\/wp\/v2\/pages\/2183\/revisions\/2218"}],"wp:attachment":[{"href":"https:\/\/on-laser.com\/pt\/wp-json\/wp\/v2\/media?parent=2183"}],"curies":[{"name":"wp","href":"https:\/\/api.w.org\/{rel}","templated":true}]}}