{"id":34,"date":"2014-09-12T16:37:10","date_gmt":"2014-09-12T16:37:10","guid":{"rendered":"http:\/\/on-laser.com\/wordpress\/?page_id=34"},"modified":"2025-03-16T14:31:27","modified_gmt":"2025-03-16T13:31:27","slug":"optics-components","status":"publish","type":"page","link":"https:\/\/on-laser.com\/pt\/optics-components\/","title":{"rendered":"(English) Optics &#038; Components"},"content":{"rendered":"<p class=\"qtranxs-available-languages-message qtranxs-available-languages-message-pt\">Desculpe-nos, mas este texto esta apenas dispon\u00edvel em <a href=\"https:\/\/on-laser.com\/en\/wp-json\/wp\/v2\/pages\/34\" class=\"qtranxs-available-language-link qtranxs-available-language-link-en\" title=\"English\">English<\/a>, <a href=\"https:\/\/on-laser.com\/fr\/wp-json\/wp\/v2\/pages\/34\" class=\"qtranxs-available-language-link qtranxs-available-language-link-fr\" title=\"Fran\u00e7ais\">Fran\u00e7ais<\/a>, <a href=\"https:\/\/on-laser.com\/es\/wp-json\/wp\/v2\/pages\/34\" class=\"qtranxs-available-language-link qtranxs-available-language-link-es\" title=\"Espa\u00f1ol\">Espa\u00f1ol<\/a> y <a href=\"https:\/\/on-laser.com\/ca\/wp-json\/wp\/v2\/pages\/34\" class=\"qtranxs-available-language-link qtranxs-available-language-link-ca\" title=\"Catal\u00e0\">Catal\u00e0<\/a>.<\/p><span style=\"color: #3366ff;\"><strong><img loading=\"lazy\" decoding=\"async\" class=\"alignleft size-thumbnail wp-image-188\" src=\"https:\/\/on-laser.com\/wordpress\/wp-content\/uploads\/2025\/03\/DALL\u00b7E-2025-03-16-14.23.29-A-realistic-close-up-of-several-ZnSe-lenses-with-a-distinct-yellowish-tint-featuring-standard-plano-convex-and-plano-concave-shapes-arranged-on-a-bl.webp\" alt=\"CO2 focusing lens\" width=\"150\" height=\"150\" \/> <span style=\"color: #ff0000;\">ON-LASER<\/span><\/strong><\/span> may supply a wide range of\u00a0high precision, low cost laser optics including\u00a0CO2 lenses, CO2 mirrors, CO2 cavity optics,\u00a0Ftheta lens, telecentric lens, beam expander, protective windows, prism, beam splitters,\u00a0scanning mirrors, scanning systems, vision optics, and many others,\u00a0with the latest high performance coatings such as AR\/AR for high-power lasers.<\/p>\n<p>&nbsp;<\/p>\n<p>&nbsp;<\/p>\n<p><span style=\"color: #ff0000;\"><strong>ON-LASER<\/strong><\/span> also distributes\u00a0<a title=\"Laser Mechanisms Beam Delivery Solutions\" href=\"https:\/\/on-laser.com\/laser-mechanisms-beam-delivery-solutions\/\">Laser Mechanisms<\/a> \u00a0range of beam delivery systems\u00a0for industrial applications.<\/p>\n<p>&nbsp;","protected":false},"excerpt":{"rendered":"<p>Desculpe-nos, mas este texto esta apenas dispon\u00edvel em English, Fran\u00e7ais, Espa\u00f1ol y Catal\u00e0. ON-LASER may supply a wide range of\u00a0high precision, low cost laser optics including\u00a0CO2 lenses, CO2 mirrors, CO2 cavity optics,\u00a0Ftheta lens, telecentric lens, beam expander, protective windows, prism, beam splitters,\u00a0scanning mirrors, scanning systems, vision optics, and many others,\u00a0with the latest high performance coatings [&hellip;]<\/p>\n","protected":false},"author":1,"featured_media":0,"parent":0,"menu_order":0,"comment_status":"open","ping_status":"open","template":"","meta":{"footnotes":""},"class_list":["post-34","page","type-page","status-publish","czr-hentry"],"_links":{"self":[{"href":"https:\/\/on-laser.com\/pt\/wp-json\/wp\/v2\/pages\/34","targetHints":{"allow":["GET"]}}],"collection":[{"href":"https:\/\/on-laser.com\/pt\/wp-json\/wp\/v2\/pages"}],"about":[{"href":"https:\/\/on-laser.com\/pt\/wp-json\/wp\/v2\/types\/page"}],"author":[{"embeddable":true,"href":"https:\/\/on-laser.com\/pt\/wp-json\/wp\/v2\/users\/1"}],"replies":[{"embeddable":true,"href":"https:\/\/on-laser.com\/pt\/wp-json\/wp\/v2\/comments?post=34"}],"version-history":[{"count":6,"href":"https:\/\/on-laser.com\/pt\/wp-json\/wp\/v2\/pages\/34\/revisions"}],"predecessor-version":[{"id":2304,"href":"https:\/\/on-laser.com\/pt\/wp-json\/wp\/v2\/pages\/34\/revisions\/2304"}],"wp:attachment":[{"href":"https:\/\/on-laser.com\/pt\/wp-json\/wp\/v2\/media?parent=34"}],"curies":[{"name":"wp","href":"https:\/\/api.w.org\/{rel}","templated":true}]}}