{"id":42,"date":"2014-09-13T11:07:21","date_gmt":"2014-09-13T11:07:21","guid":{"rendered":"http:\/\/on-laser.com\/wordpress\/?page_id=42"},"modified":"2025-03-16T14:17:11","modified_gmt":"2025-03-16T13:17:11","slug":"decork-cork-stoppers-laser-marking-systems","status":"publish","type":"page","link":"https:\/\/on-laser.com\/pt\/decork-cork-stoppers-laser-marking-systems\/","title":{"rendered":"(English) D\u00e9cork&#x2122; Cork Stoppers&#8217; Laser Marking Systems"},"content":{"rendered":"<p class=\"qtranxs-available-languages-message qtranxs-available-languages-message-pt\">Desculpe-nos, mas este texto esta apenas dispon\u00edvel em <a href=\"https:\/\/on-laser.com\/en\/wp-json\/wp\/v2\/pages\/42\" class=\"qtranxs-available-language-link qtranxs-available-language-link-en\" title=\"English\">English<\/a>, <a href=\"https:\/\/on-laser.com\/fr\/wp-json\/wp\/v2\/pages\/42\" class=\"qtranxs-available-language-link qtranxs-available-language-link-fr\" title=\"Fran\u00e7ais\">Fran\u00e7ais<\/a>, <a href=\"https:\/\/on-laser.com\/es\/wp-json\/wp\/v2\/pages\/42\" class=\"qtranxs-available-language-link qtranxs-available-language-link-es\" title=\"Espa\u00f1ol\">Espa\u00f1ol<\/a> y <a href=\"https:\/\/on-laser.com\/ca\/wp-json\/wp\/v2\/pages\/42\" class=\"qtranxs-available-language-link qtranxs-available-language-link-ca\" title=\"Catal\u00e0\">Catal\u00e0<\/a>.<\/p><span style=\"color: #ff0000;\"><strong>ON-LASER<\/strong><\/span> has designed and developed a unique laser technology and software for cork stoppers laser marking, split into several models that match each particular requirements in terms of features and productivity.<\/p>\n<p><span style=\"color: #ff0000;\"><strong>Product website<\/strong><\/span><\/p>\n<p>Further info is available in the product website <a href=\"https:\/\/decork.net\/\">https:\/\/decork.net\/<\/a><\/p>\n<p><img loading=\"lazy\" decoding=\"async\" class=\"alignnone size-full wp-image-46\" src=\"http:\/\/on-laser.com\/wordpress\/wp-content\/uploads\/2014\/09\/DK-0026-300x300.jpg\" alt=\"Laser marked cork stopper\" width=\"300\" height=\"300\" srcset=\"https:\/\/on-laser.com\/wordpress\/wp-content\/uploads\/2014\/09\/DK-0026-300x300.jpg 300w, https:\/\/on-laser.com\/wordpress\/wp-content\/uploads\/2014\/09\/DK-0026-300x300-150x150.jpg 150w\" sizes=\"auto, (max-width: 300px) 100vw, 300px\" \/><\/p>\n<p><strong><span style=\"color: #ff0000;\">Products<\/span><\/strong><\/p>\n<p>The table below shows what products have the ability to mark the side of cork stoppers, or their ends, or both of them.<\/p>\n<table border=\"0\" width=\"443\" cellspacing=\"0\" cellpadding=\"0\">\n<colgroup>\n<col width=\"203\" \/>\n<col span=\"3\" width=\"80\" \/> <\/colgroup>\n<tbody>\n<tr>\n<td width=\"203\" height=\"20\"><\/td>\n<td style=\"text-align: center;\" width=\"80\"><strong>Side<\/strong><\/td>\n<td style=\"text-align: center;\" width=\"80\"><strong>Ends<\/strong><\/td>\n<td style=\"text-align: center;\" width=\"80\"><strong>Side &amp; Ends<\/strong><\/td>\n<\/tr>\n<tr>\n<td style=\"text-align: center;\" width=\"203\" height=\"20\"><strong><span style=\"color: #ff0000;\">D\u00e9cork ONE hybrid <\/span><\/strong>Laser Series (<span style=\"color: #ff0000;\">new<\/span>)<\/td>\n<td style=\"text-align: center;\"><\/td>\n<td style=\"text-align: center;\"><\/td>\n<td style=\"text-align: center;\"><strong>\u221a<\/strong><\/td>\n<\/tr>\n<tr>\n<td style=\"text-align: center;\" width=\"203\" height=\"20\"><strong><span style=\"color: #ff0000;\">D\u00e9cork SOLO mini <\/span><\/strong>Laser Series<\/td>\n<td style=\"text-align: center;\"><strong>\u221a<\/strong><\/td>\n<td style=\"text-align: center;\"><\/td>\n<td style=\"text-align: center;\"><\/td>\n<\/tr>\n<tr>\n<td style=\"text-align: center;\" width=\"203\" height=\"20\"><strong><span style=\"color: #ff0000;\">D\u00e9cork SOLO <em>flex <\/em><\/span><\/strong>Laser Series<\/td>\n<td style=\"text-align: center;\"><strong>\u00a0<\/strong><\/td>\n<td style=\"text-align: center;\"><\/td>\n<td style=\"text-align: center;\"><strong>\u221a*<\/strong><\/td>\n<\/tr>\n<tr>\n<td style=\"text-align: center;\" width=\"203\" height=\"20\"><strong><span style=\"color: #ff0000;\">D\u00e9cork DUO <\/span><\/strong>Laser Series<\/td>\n<td style=\"text-align: center;\"><strong>\u00a0<\/strong><\/td>\n<td style=\"text-align: center;\"><strong>\u221a<\/strong><\/td>\n<td style=\"text-align: center;\"><\/td>\n<\/tr>\n<tr>\n<td style=\"text-align: center;\" width=\"203\" height=\"20\"><strong><span style=\"color: #ff0000;\">D\u00e9cork DUO <em>flex <\/em><\/span><\/strong>Laser Series<\/td>\n<td style=\"text-align: center;\"><\/td>\n<td style=\"text-align: center;\"><\/td>\n<td style=\"text-align: center;\"><strong>\u221a<\/strong><\/td>\n<\/tr>\n<tr>\n<td style=\"text-align: center;\" width=\"203\" height=\"20\"><strong><span style=\"color: #ff0000;\">D\u00e9cork QUAD\u00a0<\/span><\/strong>Laser Series<\/td>\n<td style=\"text-align: center;\"><strong>\u221a<\/strong><\/td>\n<td style=\"text-align: center;\"><\/td>\n<td><\/td>\n<\/tr>\n<tr>\n<td style=\"text-align: center;\" width=\"203\" height=\"20\"><strong><span style=\"color: #ff0000;\">D\u00e9cork Q4003 <\/span><\/strong>Laser Series<\/td>\n<td style=\"text-align: center;\"><strong>\u221a<\/strong><\/td>\n<td style=\"text-align: center;\"><\/td>\n<td><\/td>\n<\/tr>\n<tr>\n<td style=\"text-align: center;\" width=\"203\" height=\"20\"><strong><span style=\"color: #ff0000;\">D\u00e9cork OMNI <\/span><\/strong>Laser Series (<span style=\"color: #ff0000;\">new<\/span>)<\/td>\n<td style=\"text-align: center;\"><\/td>\n<td style=\"text-align: center;\"><\/td>\n<td style=\"text-align: center;\"><strong>\u221a<\/strong><\/td>\n<\/tr>\n<\/tbody>\n<\/table>\n<p>*It marks side and ends, but not both at the same time. User shall set one or another configuration.<\/p>\n<p>All of them share the same core technology, allowing digital laser marking of artwork into the cork stopper.<\/p>\n<p>Contact us for further product description.<\/p>\n<p style=\"text-align: center;\"><img loading=\"lazy\" decoding=\"async\" class=\"aligncenter size-full wp-image-206\" src=\"http:\/\/decork3dviewer.com\/wp-content\/uploads\/2013\/11\/Decork_Q4000_2013_specs.jpg\" alt=\"D\u00e9cork Q4003 2013 brief datasheet\" width=\"1280\" height=\"347\" \/><\/p>\n<p style=\"text-align: center;\"><img loading=\"lazy\" decoding=\"async\" class=\"aligncenter size-full wp-image-210\" src=\"http:\/\/decork3dviewer.com\/wp-content\/uploads\/2013\/11\/Decork_DUO_flex_2013_specs.jpg\" alt=\"D\u00e9cork DUO flex 2013 brief datasheet\" width=\"1280\" height=\"349\" \/><\/p>\n<p style=\"text-align: center;\"><img loading=\"lazy\" decoding=\"async\" class=\"aligncenter size-full wp-image-203\" src=\"http:\/\/decork3dviewer.com\/wp-content\/uploads\/2013\/11\/Decork_DUO_2013_specs.jpg\" alt=\"D\u00e9cork DUO brief datasheet\" width=\"1280\" height=\"339\" \/><\/p>\n<p style=\"text-align: center;\"><img loading=\"lazy\" decoding=\"async\" class=\"aligncenter size-full wp-image-208\" src=\"http:\/\/decork3dviewer.com\/wp-content\/uploads\/2013\/11\/Decork_SOLO_flex_2013_specs.jpg\" alt=\"D\u00e9cork SOLO flex 2013 brief datasheet\" width=\"1280\" height=\"348\" \/><\/p>\n<p style=\"text-align: center;\"><img loading=\"lazy\" decoding=\"async\" class=\"aligncenter size-full wp-image-207\" src=\"http:\/\/decork3dviewer.com\/wp-content\/uploads\/2013\/11\/Decork_SOLO_2013_specs.jpg\" alt=\"D\u00e9cork SOLO 2013 brief datasheet\" width=\"1280\" height=\"346\" \/><\/p>","protected":false},"excerpt":{"rendered":"<p>Desculpe-nos, mas este texto esta apenas dispon\u00edvel em English, Fran\u00e7ais, Espa\u00f1ol y Catal\u00e0.ON-LASER has designed and developed a unique laser technology and software for cork stoppers laser marking, split into several models that match each particular requirements in terms of features and productivity. Product website Further info is available in the product website https:\/\/decork.net\/ Products [&hellip;]<\/p>\n","protected":false},"author":1,"featured_media":46,"parent":0,"menu_order":0,"comment_status":"open","ping_status":"open","template":"","meta":{"footnotes":""},"class_list":["post-42","page","type-page","status-publish","has-post-thumbnail","czr-hentry"],"_links":{"self":[{"href":"https:\/\/on-laser.com\/pt\/wp-json\/wp\/v2\/pages\/42","targetHints":{"allow":["GET"]}}],"collection":[{"href":"https:\/\/on-laser.com\/pt\/wp-json\/wp\/v2\/pages"}],"about":[{"href":"https:\/\/on-laser.com\/pt\/wp-json\/wp\/v2\/types\/page"}],"author":[{"embeddable":true,"href":"https:\/\/on-laser.com\/pt\/wp-json\/wp\/v2\/users\/1"}],"replies":[{"embeddable":true,"href":"https:\/\/on-laser.com\/pt\/wp-json\/wp\/v2\/comments?post=42"}],"version-history":[{"count":19,"href":"https:\/\/on-laser.com\/pt\/wp-json\/wp\/v2\/pages\/42\/revisions"}],"predecessor-version":[{"id":2948,"href":"https:\/\/on-laser.com\/pt\/wp-json\/wp\/v2\/pages\/42\/revisions\/2948"}],"wp:featuredmedia":[{"embeddable":true,"href":"https:\/\/on-laser.com\/pt\/wp-json\/wp\/v2\/media\/46"}],"wp:attachment":[{"href":"https:\/\/on-laser.com\/pt\/wp-json\/wp\/v2\/media?parent=42"}],"curies":[{"name":"wp","href":"https:\/\/api.w.org\/{rel}","templated":true}]}}