{"id":47,"date":"2022-10-11T18:00:28","date_gmt":"2022-10-11T17:00:28","guid":{"rendered":"http:\/\/on-laser.com\/wordpress\/?page_id=47"},"modified":"2024-06-13T12:22:10","modified_gmt":"2024-06-13T11:22:10","slug":"e-qube","status":"publish","type":"page","link":"https:\/\/on-laser.com\/pt\/e-qube\/","title":{"rendered":"(English) e-QUBE Laser Marking Systems for Textile and Leather"},"content":{"rendered":"<p class=\"qtranxs-available-languages-message qtranxs-available-languages-message-pt\">Desculpe-nos, mas este texto esta apenas dispon\u00edvel em <a href=\"https:\/\/on-laser.com\/en\/wp-json\/wp\/v2\/pages\/47\" class=\"qtranxs-available-language-link qtranxs-available-language-link-en\" title=\"English\">English<\/a>, <a href=\"https:\/\/on-laser.com\/fr\/wp-json\/wp\/v2\/pages\/47\" class=\"qtranxs-available-language-link qtranxs-available-language-link-fr\" title=\"Fran\u00e7ais\">Fran\u00e7ais<\/a>, <a href=\"https:\/\/on-laser.com\/es\/wp-json\/wp\/v2\/pages\/47\" class=\"qtranxs-available-language-link qtranxs-available-language-link-es\" title=\"Espa\u00f1ol\">Espa\u00f1ol<\/a> y <a href=\"https:\/\/on-laser.com\/ca\/wp-json\/wp\/v2\/pages\/47\" class=\"qtranxs-available-language-link qtranxs-available-language-link-ca\" title=\"Catal\u00e0\">Catal\u00e0<\/a>.<\/p><a href=\"https:\/\/on-laser.com\/wordpress\/wp-content\/uploads\/2022\/10\/Logo_e-QUBE_LR.png\"><img loading=\"lazy\" decoding=\"async\" class=\"alignnone  wp-image-52\" src=\"https:\/\/on-laser.com\/wordpress\/wp-content\/uploads\/2022\/10\/Logo_e-QUBE_LR.png\" alt=\"Logo_e-QUBE_Laser\" width=\"200\" height=\"50\" \/><\/a><a href=\"http:\/\/on-laser.com\/wordpress\/wp-content\/uploads\/2014\/09\/Banner_blasted_jeans_2.jpg\"><img loading=\"lazy\" decoding=\"async\" class=\"alignnone  wp-image-58\" src=\"http:\/\/on-laser.com\/wordpress\/wp-content\/uploads\/2014\/09\/Banner_blasted_jeans_2-300x101.jpg\" alt=\"Banner_blasted_jeans_2\" width=\"223\" height=\"75\" srcset=\"https:\/\/on-laser.com\/wordpress\/wp-content\/uploads\/2014\/09\/Banner_blasted_jeans_2-300x101.jpg 300w, https:\/\/on-laser.com\/wordpress\/wp-content\/uploads\/2014\/09\/Banner_blasted_jeans_2.jpg 399w\" sizes=\"auto, (max-width: 223px) 100vw, 223px\" \/><\/a><\/p>\n<p class=\"ContentPasted0 ContentPasted5\">The new and revolutionary <strong>e-QUBE Laser System Series<\/strong> provide a high definition and unique method of blasting denim jeans and marking images on textiles or leather.<\/p>\n<ul>\n<li class=\"ContentPasted0 ContentPasted5 ContentPasted6\">True<span class=\"ContentPasted5\">\u00a0<\/span><b class=\"ContentPasted0 ContentPasted5\">digital laser blasting<\/b>, the laser technology avoids the use of hand-sanding and PP spraying process.<\/li>\n<li class=\"ContentPasted0 ContentPasted5\">Add<span class=\"ContentPasted5\">\u00a0<\/span><b class=\"ContentPasted0 ContentPasted5\">traceability<span class=\"ContentPasted5\">\u00a0<\/span><\/b>and<span class=\"ContentPasted5\">\u00a0<\/span><b class=\"ContentPasted0 ContentPasted5\">unique<\/b>\/<b class=\"ContentPasted0 ContentPasted5\">variable information\u00a0<\/b>to each single garment.<\/li>\n<li class=\"ContentPasted0 ContentPasted5\"><span class=\"ContentPasted0 ContentPasted5 ContentPasted9\"><b>Best-in-class cost of ownership<\/b>\u00a0is guaranteed with no need for expensive consumables (<span class=\"ContentPasted10\">sand, abrasive materials, chemicals<\/span>) and with only minimal maintenance required<\/span>, while reducing your processing time and floor space.<\/li>\n<li class=\"ContentPasted0 ContentPasted5\">Design, Produce, Deliver:<span class=\"ContentPasted5\">\u00a0<\/span><b class=\"ContentPasted0 ContentPasted5\">Reduce<span class=\"ContentPasted5\">\u00a0<\/span><\/b>lead and\u00a0<b class=\"ContentPasted0 ContentPasted5\">processing time<\/b><span class=\"ContentPasted5\">\u00a0<\/span>by delivering orders the same day.<\/li>\n<li class=\"ContentPasted0 ContentPasted5 ContentPasted7\"><b class=\"ContentPasted0 ContentPasted5\">High productivity<\/b>: increasing production capacity substantially compared to chemical processes. Non-stop switching brand process. Single samples \/ very short productions have never been so easy to make, with no additional cost.<\/li>\n<li class=\"ContentPasted0 ContentPasted5\"><b class=\"ContentPasted0 ContentPasted5\">Full control<\/b>: Create brand designs in-house in seconds and make them ready for production. Integrate the branding process control into the company\u2019s information service control panel.<\/li>\n<li class=\"ContentPasted0 ContentPasted5 ContentPasted11\">A laser is not only\u00a0<b>environmentally friendly<\/b>, but it is also kind to those hands-on team members responsible for the finishing process, by eliminating the dyes, solvents or chemicals typically used in traditional processes.<\/li>\n<li class=\"ContentPasted0 ContentPasted5 ContentPasted11 ContentPasted12\">e-QUBE series products provide a\u00a0<b>proven, robust and durable solution for years\u00a0<\/b>of trouble-free production. In addition, they are capable of working with complex designs and\u00a0<b>high-resolution images\u00a0<\/b>to keep up with the latest fashion industry trends.<\/li>\n<\/ul>\n<p class=\"ContentPasted0 ContentPasted5\"><b><i class=\"ContentPasted0 ContentPasted5\">e-QUBE Laser Systems<\/i><\/b><span class=\"ContentPasted5\">\u00a0<\/span>and technology are\u00a0<b class=\"ContentPasted0 ContentPasted5\">patent<\/b><b class=\"ContentPasted0 ContentPasted5\"><span class=\"ContentPasted5\">\u00a0<\/span>protected<\/b>, powered by<span class=\"ContentPasted5\">\u00a0<\/span><b class=\"ContentPasted0 ContentPasted5\">ON-LASER<\/b><b><sup class=\"ContentPasted0 ContentPasted5\">TM\u00a0<\/sup><\/b>technology.<\/p>\n<p>Contact us for further information:<\/p>\n<div class=\"ContentPasted0\">\n<div class=\"wpcf7 no-js\" id=\"wpcf7-f339-o1\" lang=\"en-US\" dir=\"ltr\" data-wpcf7-id=\"339\">\n<div class=\"screen-reader-response\"><p role=\"status\" aria-live=\"polite\" aria-atomic=\"true\"><\/p> <ul><\/ul><\/div>\n<form action=\"\/pt\/wp-json\/wp\/v2\/pages\/47#wpcf7-f339-o1\" method=\"post\" class=\"wpcf7-form init\" aria-label=\"Contact form\" novalidate=\"novalidate\" data-status=\"init\">\n<fieldset class=\"hidden-fields-container\"><input type=\"hidden\" name=\"_wpcf7\" value=\"339\" \/><input type=\"hidden\" name=\"_wpcf7_version\" value=\"6.1.4\" \/><input type=\"hidden\" name=\"_wpcf7_locale\" value=\"en_US\" \/><input type=\"hidden\" name=\"_wpcf7_unit_tag\" value=\"wpcf7-f339-o1\" \/><input type=\"hidden\" name=\"_wpcf7_container_post\" value=\"0\" \/><input type=\"hidden\" name=\"_wpcf7_posted_data_hash\" value=\"\" \/><input type=\"hidden\" name=\"_wpcf7_recaptcha_response\" value=\"\" \/>\n<\/fieldset>\n<p><strong>Nome<\/strong> (requerido)\n<\/p>\n<p><span class=\"wpcf7-form-control-wrap\" data-name=\"your-name\"><input size=\"40\" maxlength=\"400\" class=\"wpcf7-form-control wpcf7-text wpcf7-validates-as-required\" aria-required=\"true\" aria-invalid=\"false\" value=\"\" type=\"text\" name=\"your-name\" \/><\/span>\n<\/p>\n<p><strong>Nome da empresa<\/strong> (requerido)\n<\/p>\n<p><span class=\"wpcf7-form-control-wrap\" data-name=\"company\"><input size=\"40\" maxlength=\"400\" class=\"wpcf7-form-control wpcf7-text wpcf7-validates-as-required\" aria-required=\"true\" aria-invalid=\"false\" value=\"\" type=\"text\" name=\"company\" \/><\/span>\n<\/p>\n<p><strong>Email<\/strong> (requerido)\n<\/p>\n<p><span class=\"wpcf7-form-control-wrap\" data-name=\"your-email\"><input size=\"40\" maxlength=\"400\" class=\"wpcf7-form-control wpcf7-email wpcf7-validates-as-required wpcf7-text wpcf7-validates-as-email\" aria-required=\"true\" aria-invalid=\"false\" value=\"\" type=\"email\" name=\"your-email\" \/><\/span>\n<\/p>\n<p><strong>Telefone<\/strong> (requerido)\n<\/p>\n<p><span class=\"wpcf7-form-control-wrap\" data-name=\"tel-495\"><input size=\"40\" maxlength=\"400\" class=\"wpcf7-form-control wpcf7-tel wpcf7-validates-as-required wpcf7-text wpcf7-validates-as-tel\" aria-required=\"true\" aria-invalid=\"false\" value=\"\" type=\"tel\" name=\"tel-495\" \/><\/span>\n<\/p>\n<p><span class=\"wpcf7-form-control-wrap\" data-name=\"acceptance-605\"><span class=\"wpcf7-form-control wpcf7-acceptance\"><span class=\"wpcf7-list-item\"><label><input type=\"checkbox\" name=\"acceptance-605\" value=\"1\" aria-invalid=\"false\" \/><span class=\"wpcf7-list-item-label\">Reconhe\u00e7o que li e aceito a Pol\u00edtica de Privacidade (<a href=\"https:\/\/on-laser.com\/politica-de-privacidad-y-aviso-legal\/\" target=\"_blank\">Politica de privacidad y aviso legal<\/a>) sob o qual meus dados pessoais ser\u00e3o usados por ON-LASER.<\/span><\/label><\/span><\/span><\/span>\n<\/p>\n<p><input class=\"wpcf7-form-control wpcf7-submit has-spinner\" type=\"submit\" value=\"Enviar &gt;&gt;\" \/>\n<\/p><div class=\"wpcf7-response-output\" aria-hidden=\"true\"><\/div>\n<\/form>\n<\/div>\n<\/div>","protected":false},"excerpt":{"rendered":"<p>Desculpe-nos, mas este texto esta apenas dispon\u00edvel em English, Fran\u00e7ais, Espa\u00f1ol y Catal\u00e0. The new and revolutionary e-QUBE Laser System Series provide a high definition and unique method of blasting denim jeans and marking images on textiles or leather. True\u00a0digital laser blasting, the laser technology avoids the use of hand-sanding and PP spraying process. Add\u00a0traceability\u00a0and\u00a0unique\/variable [&hellip;]<\/p>\n","protected":false},"author":1,"featured_media":48,"parent":0,"menu_order":0,"comment_status":"open","ping_status":"closed","template":"","meta":{"footnotes":""},"class_list":["post-47","page","type-page","status-publish","has-post-thumbnail","czr-hentry"],"_links":{"self":[{"href":"https:\/\/on-laser.com\/pt\/wp-json\/wp\/v2\/pages\/47","targetHints":{"allow":["GET"]}}],"collection":[{"href":"https:\/\/on-laser.com\/pt\/wp-json\/wp\/v2\/pages"}],"about":[{"href":"https:\/\/on-laser.com\/pt\/wp-json\/wp\/v2\/types\/page"}],"author":[{"embeddable":true,"href":"https:\/\/on-laser.com\/pt\/wp-json\/wp\/v2\/users\/1"}],"replies":[{"embeddable":true,"href":"https:\/\/on-laser.com\/pt\/wp-json\/wp\/v2\/comments?post=47"}],"version-history":[{"count":33,"href":"https:\/\/on-laser.com\/pt\/wp-json\/wp\/v2\/pages\/47\/revisions"}],"predecessor-version":[{"id":1864,"href":"https:\/\/on-laser.com\/pt\/wp-json\/wp\/v2\/pages\/47\/revisions\/1864"}],"wp:featuredmedia":[{"embeddable":true,"href":"https:\/\/on-laser.com\/pt\/wp-json\/wp\/v2\/media\/48"}],"wp:attachment":[{"href":"https:\/\/on-laser.com\/pt\/wp-json\/wp\/v2\/media?parent=47"}],"curies":[{"name":"wp","href":"https:\/\/api.w.org\/{rel}","templated":true}]}}